{"id":9784,"date":"2024-05-08T09:05:49","date_gmt":"2024-05-08T09:05:49","guid":{"rendered":"https:\/\/cbdflowersuk.co\/?post_type=product&#038;p=9784"},"modified":"2026-04-07T08:43:28","modified_gmt":"2026-04-07T08:43:28","slug":"lemon-tree-cbd-tea","status":"publish","type":"product","link":"https:\/\/cbdflowersuk.co\/fr\/produit\/the-au-cbd-chiquita-banana\/","title":{"rendered":"th\u00e9 de chanvre lemon haze"},"content":{"rendered":"<p>Laissez-vous tenter par une tasse de tranquillit\u00e9 avec notre <strong>th\u00e9 CBD super lemon haze<\/strong>. Ce m\u00e9lange enti\u00e8rement naturel contient 100% de fleurs de CBD biologique cultiv\u00e9es en Europe, sans engrais, produits chimiques ni pesticides.<\/p>\n<p>D\u00e9couvrez les effets calmants du 16% CBD \u00e0 chaque gorg\u00e9e, favorisant la relaxation et le bien-\u00eatre g\u00e9n\u00e9ral.<\/p>\n<p>Embrassez l'ar\u00f4me et le go\u00fbt d'agrumes des terp\u00e8nes de citron, offrant une exp\u00e9rience sensorielle d\u00e9licieuse en m\u00eame temps que les puissants bienfaits du CBD.<\/p>\n<p>Vous cherchez un moyen naturel de vous d\u00e9tendre, de vous d\u00e9stresser et d'am\u00e9liorer votre bien-\u00eatre ? Ne cherchez pas plus loin que le th\u00e9 CBD super lemon haze.<\/p>\n<p>Commandez le v\u00f4tre d\u00e8s aujourd'hui et d\u00e9couvrez l'harmonie parfaite entre la d\u00e9tente et le plaisir des agrumes !<\/p>\n<h2>D\u00e9couvrez les avantages distinctifs du th\u00e9 CBD super lemon haze<\/h2>\n<ol>\n<li><strong>Contenu en CBD de haute qualit\u00e9<\/strong>: Le Lemon Tree CBD Tea contient 16% de CBD, ce qui vous permet de profiter pleinement des bienfaits du cannabidiol \u00e0 chaque gorg\u00e9e.<\/li>\n<li><strong>Conformit\u00e9 juridique<\/strong>: Avec un taux de THC inf\u00e9rieur \u00e0 0,2%, notre th\u00e9 CBD est conforme aux r\u00e9glementations l\u00e9gales, ce qui garantit la tranquillit\u00e9 d'esprit et l'assurance de la l\u00e9galit\u00e9.<\/li>\n<li><strong>Agriculture biologique<\/strong>: Nos fleurs de CBD proviennent de 100% fermes biologiques en Europe, cultiv\u00e9es sans engrais, produits chimiques ou pesticides, ce qui garantit la puret\u00e9 et la durabilit\u00e9 de l'environnement.<\/li>\n<li><strong>Ingr\u00e9dients naturels<\/strong>Le th\u00e9 CBD super lemon haze est \u00e9labor\u00e9 avec un ar\u00f4me naturel de citron, offrant une exp\u00e9rience gustative rafra\u00eechissante et authentique sans additifs artificiels ni conservateurs.<\/li>\n<li><strong>Avantages en mati\u00e8re de bien-\u00eatre<\/strong>: Le CBD est r\u00e9put\u00e9 pour ses bienfaits potentiels sur le bien-\u00eatre, notamment la relaxation, le soulagement du stress et l'am\u00e9lioration de l'humeur. Incorporer le th\u00e9 CBD super lemon haze dans votre routine peut favoriser le bien-\u00eatre et l'\u00e9quilibre g\u00e9n\u00e9ral.<\/li>\n<li><a href=\"https:\/\/cbdflowersuk.co\/fr\/cbd-lab-test-2\/\">Rapports de laboratoire<\/a><\/li>\n<\/ol>\n<hr>\n<p><img loading=\"lazy\" decoding=\"async\" src=\"https:\/\/cbdflowersuk.co\/wp-content\/uploads\/2024\/05\/Lemon-tree-CBD-tea-280x280.jpg\" class=\"alignleft size-thumbnail wp-image-9790\" width=\"280\" height=\"280\" alt=\"Th\u00e9 CBD au citronnier\" srcset=\"https:\/\/cbdflowersuk.co\/wp-content\/uploads\/2024\/05\/Lemon-tree-CBD-tea-280x280.jpg 280w, https:\/\/cbdflowersuk.co\/wp-content\/uploads\/2024\/05\/Lemon-tree-CBD-tea-12x12.jpg 12w, https:\/\/cbdflowersuk.co\/wp-content\/uploads\/2024\/05\/Lemon-tree-CBD-tea-300x300.jpg 300w, https:\/\/cbdflowersuk.co\/wp-content\/uploads\/2024\/05\/Lemon-tree-CBD-tea-100x100.jpg 100w\" sizes=\"auto, (max-width: 280px) 100vw, 280px\" \/><\/p>","protected":false},"excerpt":{"rendered":"<p><span class=\"s2\"><b><span lang=\"EN-GB\">16% CBD Moins de 0,2%thc<br \/>\n<\/span><\/b><span lang=\"EN-GB\">Toutes nos fleurs sont 100% cultiv\u00e9es biologiquement en Europe sans aucun engrais chimique ni pesticide.<\/span><\/span><\/p>\n<p>Appr\u00e9ciez l'ar\u00f4me et le go\u00fbt apaisants du citron tout en profitant des bienfaits du CBD.<\/p>","protected":false},"featured_media":11700,"comment_status":"open","ping_status":"closed","template":"","meta":[],"product_brand":[],"product_cat":[34],"product_tag":[65,67,71],"class_list":{"0":"post-9784","1":"product","2":"type-product","3":"status-publish","4":"has-post-thumbnail","6":"product_cat-cbd-flower-tea","7":"product_tag-cbd-flower","8":"product_tag-cbd-flowered-tea","9":"product_tag-cbd-tea","11":"first","12":"instock","13":"shipping-taxable","14":"purchasable","15":"product-type-variable","16":"has-default-attributes"},"jetpack-related-posts":[{"id":9286,"url":"https:\/\/cbdflowersuk.co\/fr\/produit\/gateau-de-mariage-the-au-cbd\/","url_meta":{"origin":9784,"position":0},"title":"Orange cookies CBD tea","author":"manager","date":"juillet 8, 2023","format":false,"excerpt":"Animal mintz cbd tea 19%cbd. Under 0.2%thc All our flowers are 100% organic grown in Europe without any fertiliser chemicals or pesticides.","rel":"","context":"Article similaire","block_context":{"text":"Article similaire","link":""},"img":{"alt_text":"","src":"https:\/\/i0.wp.com\/cbdflowersuk.co\/wp-content\/uploads\/2023\/07\/img_6499.jpeg?resize=350%2C200&ssl=1","width":350,"height":200,"srcset":"https:\/\/i0.wp.com\/cbdflowersuk.co\/wp-content\/uploads\/2023\/07\/img_6499.jpeg?resize=350%2C200&ssl=1 1x, https:\/\/i0.wp.com\/cbdflowersuk.co\/wp-content\/uploads\/2023\/07\/img_6499.jpeg?resize=525%2C300&ssl=1 1.5x, https:\/\/i0.wp.com\/cbdflowersuk.co\/wp-content\/uploads\/2023\/07\/img_6499.jpeg?resize=700%2C400&ssl=1 2x, https:\/\/i0.wp.com\/cbdflowersuk.co\/wp-content\/uploads\/2023\/07\/img_6499.jpeg?resize=1050%2C600&ssl=1 3x"},"classes":[]},{"id":11665,"url":"https:\/\/cbdflowersuk.co\/fr\/produit\/the-au-cbd-chiquita-banana\/","url_meta":{"origin":9784,"position":1},"title":"Skittlez Hemp Tea:","author":"manager","date":"juillet 5, 2024","format":false,"excerpt":"18% CBD Under 0.2%thc All our flowers are 100% organic grown in Europe without any fertiliser chemicals or pesticides.","rel":"","context":"Article similaire","block_context":{"text":"Article similaire","link":""},"img":{"alt_text":"","src":"https:\/\/i0.wp.com\/cbdflowersuk.co\/wp-content\/uploads\/2024\/07\/img_6375.jpeg?resize=350%2C200&ssl=1","width":350,"height":200,"srcset":"https:\/\/i0.wp.com\/cbdflowersuk.co\/wp-content\/uploads\/2024\/07\/img_6375.jpeg?resize=350%2C200&ssl=1 1x, https:\/\/i0.wp.com\/cbdflowersuk.co\/wp-content\/uploads\/2024\/07\/img_6375.jpeg?resize=525%2C300&ssl=1 1.5x, https:\/\/i0.wp.com\/cbdflowersuk.co\/wp-content\/uploads\/2024\/07\/img_6375.jpeg?resize=700%2C400&ssl=1 2x, https:\/\/i0.wp.com\/cbdflowersuk.co\/wp-content\/uploads\/2024\/07\/img_6375.jpeg?resize=1050%2C600&ssl=1 3x"},"classes":[]},{"id":8811,"url":"https:\/\/cbdflowersuk.co\/fr\/produit\/citron-cbd-hash\/","url_meta":{"origin":9784,"position":2},"title":"Lemon cbd hash","author":"manager","date":"f\u00e9vrier 3, 2023","format":false,"excerpt":"7.8% cbd 0.02%thc Overall a Great smooth taste with excellent relaxation benefits.\u00a0","rel":"","context":"Article similaire","block_context":{"text":"Article similaire","link":""},"img":{"alt_text":"","src":"https:\/\/i0.wp.com\/cbdflowersuk.co\/wp-content\/uploads\/2023\/02\/Lemon-cbd-hash.jpg?resize=350%2C200&ssl=1","width":350,"height":200,"srcset":"https:\/\/i0.wp.com\/cbdflowersuk.co\/wp-content\/uploads\/2023\/02\/Lemon-cbd-hash.jpg?resize=350%2C200&ssl=1 1x, https:\/\/i0.wp.com\/cbdflowersuk.co\/wp-content\/uploads\/2023\/02\/Lemon-cbd-hash.jpg?resize=525%2C300&ssl=1 1.5x, https:\/\/i0.wp.com\/cbdflowersuk.co\/wp-content\/uploads\/2023\/02\/Lemon-cbd-hash.jpg?resize=700%2C400&ssl=1 2x"},"classes":[]},{"id":9271,"url":"https:\/\/cbdflowersuk.co\/fr\/produit\/the-cbd-purple-punch\/","url_meta":{"origin":9784,"position":3},"title":"Purple punch CBD tea","author":"manager","date":"juillet 8, 2023","format":false,"excerpt":"Bubble gum cbd tea 16%cbd. Under 0.2%thc All our flowers are 100% organic grown in Europe without any fertiliser chemicals or pesticides.","rel":"","context":"Article similaire","block_context":{"text":"Article similaire","link":""},"img":{"alt_text":"Cbd flower tea","src":"https:\/\/i0.wp.com\/cbdflowersuk.co\/wp-content\/uploads\/2023\/07\/Purple-punch-CBD-tea.jpeg?resize=350%2C200&ssl=1","width":350,"height":200,"srcset":"https:\/\/i0.wp.com\/cbdflowersuk.co\/wp-content\/uploads\/2023\/07\/Purple-punch-CBD-tea.jpeg?resize=350%2C200&ssl=1 1x, https:\/\/i0.wp.com\/cbdflowersuk.co\/wp-content\/uploads\/2023\/07\/Purple-punch-CBD-tea.jpeg?resize=525%2C300&ssl=1 1.5x, https:\/\/i0.wp.com\/cbdflowersuk.co\/wp-content\/uploads\/2023\/07\/Purple-punch-CBD-tea.jpeg?resize=700%2C400&ssl=1 2x, https:\/\/i0.wp.com\/cbdflowersuk.co\/wp-content\/uploads\/2023\/07\/Purple-punch-CBD-tea.jpeg?resize=1050%2C600&ssl=1 3x"},"classes":[]},{"id":8831,"url":"https:\/\/cbdflowersuk.co\/fr\/produit\/amnesia-haze-cbd-hash\/","url_meta":{"origin":9784,"position":4},"title":"Amnesia haze cbd hash","author":"manager","date":"f\u00e9vrier 4, 2023","format":false,"excerpt":"All our flowers are 100% organic grown in Europe without any fertiliser chemicals or pesticides. \u00a0","rel":"","context":"Article similaire","block_context":{"text":"Article similaire","link":""},"img":{"alt_text":"","src":"https:\/\/i0.wp.com\/cbdflowersuk.co\/wp-content\/uploads\/2023\/02\/Amnesia-haze-cbd-hash.jpg?resize=350%2C200&ssl=1","width":350,"height":200,"srcset":"https:\/\/i0.wp.com\/cbdflowersuk.co\/wp-content\/uploads\/2023\/02\/Amnesia-haze-cbd-hash.jpg?resize=350%2C200&ssl=1 1x, https:\/\/i0.wp.com\/cbdflowersuk.co\/wp-content\/uploads\/2023\/02\/Amnesia-haze-cbd-hash.jpg?resize=525%2C300&ssl=1 1.5x, https:\/\/i0.wp.com\/cbdflowersuk.co\/wp-content\/uploads\/2023\/02\/Amnesia-haze-cbd-hash.jpg?resize=700%2C400&ssl=1 2x"},"classes":[]},{"id":9263,"url":"https:\/\/cbdflowersuk.co\/fr\/produit\/og-kush-cbd-tea\/","url_meta":{"origin":9784,"position":5},"title":"Og kush hemp tea","author":"manager","date":"juillet 8, 2023","format":false,"excerpt":"Bubble gum cbd tea 17%cbd. Under 0.2%thc All our flowers are 100% organic grown in Europe without any fertiliser chemicals or pesticides.","rel":"","context":"Article similaire","block_context":{"text":"Article similaire","link":""},"img":{"alt_text":"Cbd flower tea","src":"https:\/\/i0.wp.com\/cbdflowersuk.co\/wp-content\/uploads\/2023\/07\/Og-kush-CBD-tea.jpeg?resize=350%2C200&ssl=1","width":350,"height":200,"srcset":"https:\/\/i0.wp.com\/cbdflowersuk.co\/wp-content\/uploads\/2023\/07\/Og-kush-CBD-tea.jpeg?resize=350%2C200&ssl=1 1x, https:\/\/i0.wp.com\/cbdflowersuk.co\/wp-content\/uploads\/2023\/07\/Og-kush-CBD-tea.jpeg?resize=525%2C300&ssl=1 1.5x, https:\/\/i0.wp.com\/cbdflowersuk.co\/wp-content\/uploads\/2023\/07\/Og-kush-CBD-tea.jpeg?resize=700%2C400&ssl=1 2x, https:\/\/i0.wp.com\/cbdflowersuk.co\/wp-content\/uploads\/2023\/07\/Og-kush-CBD-tea.jpeg?resize=1050%2C600&ssl=1 3x"},"classes":[]}],"jetpack_sharing_enabled":true,"_links":{"self":[{"href":"https:\/\/cbdflowersuk.co\/fr\/wp-json\/wp\/v2\/product\/9784","targetHints":{"allow":["GET"]}}],"collection":[{"href":"https:\/\/cbdflowersuk.co\/fr\/wp-json\/wp\/v2\/product"}],"about":[{"href":"https:\/\/cbdflowersuk.co\/fr\/wp-json\/wp\/v2\/types\/product"}],"replies":[{"embeddable":true,"href":"https:\/\/cbdflowersuk.co\/fr\/wp-json\/wp\/v2\/comments?post=9784"}],"wp:featuredmedia":[{"embeddable":true,"href":"https:\/\/cbdflowersuk.co\/fr\/wp-json\/wp\/v2\/media\/11700"}],"wp:attachment":[{"href":"https:\/\/cbdflowersuk.co\/fr\/wp-json\/wp\/v2\/media?parent=9784"}],"wp:term":[{"taxonomy":"product_brand","embeddable":true,"href":"https:\/\/cbdflowersuk.co\/fr\/wp-json\/wp\/v2\/product_brand?post=9784"},{"taxonomy":"product_cat","embeddable":true,"href":"https:\/\/cbdflowersuk.co\/fr\/wp-json\/wp\/v2\/product_cat?post=9784"},{"taxonomy":"product_tag","embeddable":true,"href":"https:\/\/cbdflowersuk.co\/fr\/wp-json\/wp\/v2\/product_tag?post=9784"}],"curies":[{"name":"wp","href":"https:\/\/api.w.org\/{rel}","templated":true}]}}