{"id":9591,"date":"2024-02-22T15:27:27","date_gmt":"2024-02-22T15:27:27","guid":{"rendered":"https:\/\/cbdflowersuk.co\/?post_type=product&#038;p=9591"},"modified":"2024-09-20T16:41:00","modified_gmt":"2024-09-20T16:41:00","slug":"sherblato-cbd-tea","status":"publish","type":"product","link":"https:\/\/cbdflowersuk.co\/fr\/produit\/sherblato-cbd-tea\/","title":{"rendered":"Th\u00e9 au chanvre Sherblato"},"content":{"rendered":"","protected":false},"excerpt":{"rendered":"<p><span class=\"s2\"><b><span lang=\"EN-GB\">Moins de 0,2%thc<br \/>\n<\/span><\/b><span lang=\"EN-GB\">Toutes nos fleurs sont 100% cultiv\u00e9es biologiquement en Europe sans aucun engrais chimique ni pesticide.<\/span><\/span><\/p>","protected":false},"featured_media":9589,"comment_status":"open","ping_status":"closed","template":"","meta":[],"product_brand":[],"product_cat":[34],"product_tag":[65,67],"class_list":{"0":"post-9591","1":"product","2":"type-product","3":"status-publish","4":"has-post-thumbnail","6":"product_cat-cbd-flower-tea","7":"product_tag-cbd-flower","8":"product_tag-cbd-flowered-tea","10":"first","11":"outofstock","12":"shipping-taxable","13":"purchasable","14":"product-type-variable"},"jetpack-related-posts":[{"id":11665,"url":"https:\/\/cbdflowersuk.co\/fr\/produit\/the-au-cbd-chiquita-banana\/","url_meta":{"origin":9591,"position":0},"title":"Th\u00e9 au chanvre Skittlez :","author":"manager","date":"juillet 5, 2024","format":false,"excerpt":"18% CBD Under 0.2%thc All our flowers are 100% organic grown in Europe without any fertiliser chemicals or pesticides.","rel":"","context":"Article similaire","block_context":{"text":"Article similaire","link":""},"img":{"alt_text":"","src":"https:\/\/i0.wp.com\/cbdflowersuk.co\/wp-content\/uploads\/2024\/07\/img_6375.jpeg?resize=350%2C200&ssl=1","width":350,"height":200,"srcset":"https:\/\/i0.wp.com\/cbdflowersuk.co\/wp-content\/uploads\/2024\/07\/img_6375.jpeg?resize=350%2C200&ssl=1 1x, https:\/\/i0.wp.com\/cbdflowersuk.co\/wp-content\/uploads\/2024\/07\/img_6375.jpeg?resize=525%2C300&ssl=1 1.5x, https:\/\/i0.wp.com\/cbdflowersuk.co\/wp-content\/uploads\/2024\/07\/img_6375.jpeg?resize=700%2C400&ssl=1 2x, https:\/\/i0.wp.com\/cbdflowersuk.co\/wp-content\/uploads\/2024\/07\/img_6375.jpeg?resize=1050%2C600&ssl=1 3x"},"classes":[]},{"id":9131,"url":"https:\/\/cbdflowersuk.co\/fr\/produit\/the-a-la-mangue-et-au-cbd\/","url_meta":{"origin":9591,"position":1},"title":"Th\u00e9 de chanvre \u00e0 la mangue","author":"manager","date":"f\u00e9vrier 28, 2023","format":false,"excerpt":"Th\u00e9 cbd \u00e0 la mangue 17.3% cbd. Moins de 0,2%thc Toutes nos fleurs sont 100% biologiques cultiv\u00e9es en Europe sans aucun engrais chimique ni pesticide.","rel":"","context":"Article similaire","block_context":{"text":"Article similaire","link":""},"img":{"alt_text":"Mango cbd tea","src":"https:\/\/i0.wp.com\/cbdflowersuk.co\/wp-content\/uploads\/2023\/02\/Mango-cbd-tea.jpg?resize=350%2C200&ssl=1","width":350,"height":200,"srcset":"https:\/\/i0.wp.com\/cbdflowersuk.co\/wp-content\/uploads\/2023\/02\/Mango-cbd-tea.jpg?resize=350%2C200&ssl=1 1x, https:\/\/i0.wp.com\/cbdflowersuk.co\/wp-content\/uploads\/2023\/02\/Mango-cbd-tea.jpg?resize=525%2C300&ssl=1 1.5x, https:\/\/i0.wp.com\/cbdflowersuk.co\/wp-content\/uploads\/2023\/02\/Mango-cbd-tea.jpg?resize=700%2C400&ssl=1 2x"},"classes":[]},{"id":9139,"url":"https:\/\/cbdflowersuk.co\/fr\/produit\/the-diesel-au-cbd\/","url_meta":{"origin":9591,"position":2},"title":"Chanvre diesel\nTh\u00e9","author":"manager","date":"f\u00e9vrier 28, 2023","format":false,"excerpt":"Diesel cbd tea. 17.9%cbd Under 0.2%thc All our flowers are 100% organic grown in Europe without any fertiliser chemicals or pesticides.","rel":"","context":"Article similaire","block_context":{"text":"Article similaire","link":""},"img":{"alt_text":"Diesel cbd tea","src":"https:\/\/i0.wp.com\/cbdflowersuk.co\/wp-content\/uploads\/2023\/02\/Diesel-cbd-tea.jpg?resize=350%2C200&ssl=1","width":350,"height":200,"srcset":"https:\/\/i0.wp.com\/cbdflowersuk.co\/wp-content\/uploads\/2023\/02\/Diesel-cbd-tea.jpg?resize=350%2C200&ssl=1 1x, https:\/\/i0.wp.com\/cbdflowersuk.co\/wp-content\/uploads\/2023\/02\/Diesel-cbd-tea.jpg?resize=525%2C300&ssl=1 1.5x, https:\/\/i0.wp.com\/cbdflowersuk.co\/wp-content\/uploads\/2023\/02\/Diesel-cbd-tea.jpg?resize=700%2C400&ssl=1 2x"},"classes":[]},{"id":9249,"url":"https:\/\/cbdflowersuk.co\/fr\/produit\/sirop-contre-la-toux-cbd\/","url_meta":{"origin":9591,"position":3},"title":"Sirop contre la toux Th\u00e9 de chanvre","author":"manager","date":"juillet 8, 2023","format":false,"excerpt":"Bubble gum cbd tea 17%cbd. Under 0.2%thc All our flowers are 100% organic grown in Europe without any fertiliser chemicals or pesticides.","rel":"","context":"Article similaire","block_context":{"text":"Article similaire","link":""},"img":{"alt_text":"Cbd flower tea","src":"https:\/\/i0.wp.com\/cbdflowersuk.co\/wp-content\/uploads\/2023\/07\/Cough-syrup-CBD.jpeg?resize=350%2C200&ssl=1","width":350,"height":200,"srcset":"https:\/\/i0.wp.com\/cbdflowersuk.co\/wp-content\/uploads\/2023\/07\/Cough-syrup-CBD.jpeg?resize=350%2C200&ssl=1 1x, https:\/\/i0.wp.com\/cbdflowersuk.co\/wp-content\/uploads\/2023\/07\/Cough-syrup-CBD.jpeg?resize=525%2C300&ssl=1 1.5x, https:\/\/i0.wp.com\/cbdflowersuk.co\/wp-content\/uploads\/2023\/07\/Cough-syrup-CBD.jpeg?resize=700%2C400&ssl=1 2x, https:\/\/i0.wp.com\/cbdflowersuk.co\/wp-content\/uploads\/2023\/07\/Cough-syrup-CBD.jpeg?resize=1050%2C600&ssl=1 3x"},"classes":[]},{"id":9256,"url":"https:\/\/cbdflowersuk.co\/fr\/produit\/grandaddy-purple-cbd-tea\/","url_meta":{"origin":9591,"position":4},"title":"Th\u00e9 de chanvre violet Grandaddy","author":"manager","date":"juillet 8, 2023","format":false,"excerpt":"Bubble gum cbd tea 11%cbd. Under 0.2%thc All our flowers are 100% organic grown in Europe without any fertiliser chemicals or pesticides.","rel":"","context":"Article similaire","block_context":{"text":"Article similaire","link":""},"img":{"alt_text":"Cbd flower tea","src":"https:\/\/i0.wp.com\/cbdflowersuk.co\/wp-content\/uploads\/2023\/12\/img_2407.jpeg?resize=350%2C200&ssl=1","width":350,"height":200,"srcset":"https:\/\/i0.wp.com\/cbdflowersuk.co\/wp-content\/uploads\/2023\/12\/img_2407.jpeg?resize=350%2C200&ssl=1 1x, https:\/\/i0.wp.com\/cbdflowersuk.co\/wp-content\/uploads\/2023\/12\/img_2407.jpeg?resize=525%2C300&ssl=1 1.5x, https:\/\/i0.wp.com\/cbdflowersuk.co\/wp-content\/uploads\/2023\/12\/img_2407.jpeg?resize=700%2C400&ssl=1 2x, https:\/\/i0.wp.com\/cbdflowersuk.co\/wp-content\/uploads\/2023\/12\/img_2407.jpeg?resize=1050%2C600&ssl=1 3x"},"classes":[]},{"id":9241,"url":"https:\/\/cbdflowersuk.co\/fr\/produit\/the-au-cbd-au-fromage\/","url_meta":{"origin":9591,"position":5},"title":"Th\u00e9 de chanvre au fromage bleu","author":"manager","date":"juillet 8, 2023","format":false,"excerpt":"Blue cheese cbd tea 16%cbd. Under 0.2%thc All our flowers are 100% organic grown in Europe without any fertiliser chemicals or pesticides.","rel":"","context":"Avec 1 commentaire","block_context":{"text":"Avec 1 commentaire","link":"https:\/\/cbdflowersuk.co\/fr\/produit\/the-au-cbd-au-fromage\/#comments"},"img":{"alt_text":"Cbd flower tea","src":"https:\/\/i0.wp.com\/cbdflowersuk.co\/wp-content\/uploads\/2023\/07\/Cheese-CBD-tea.jpeg?resize=350%2C200&ssl=1","width":350,"height":200,"srcset":"https:\/\/i0.wp.com\/cbdflowersuk.co\/wp-content\/uploads\/2023\/07\/Cheese-CBD-tea.jpeg?resize=350%2C200&ssl=1 1x, https:\/\/i0.wp.com\/cbdflowersuk.co\/wp-content\/uploads\/2023\/07\/Cheese-CBD-tea.jpeg?resize=525%2C300&ssl=1 1.5x, https:\/\/i0.wp.com\/cbdflowersuk.co\/wp-content\/uploads\/2023\/07\/Cheese-CBD-tea.jpeg?resize=700%2C400&ssl=1 2x, https:\/\/i0.wp.com\/cbdflowersuk.co\/wp-content\/uploads\/2023\/07\/Cheese-CBD-tea.jpeg?resize=1050%2C600&ssl=1 3x"},"classes":[]}],"jetpack_sharing_enabled":true,"_links":{"self":[{"href":"https:\/\/cbdflowersuk.co\/fr\/wp-json\/wp\/v2\/product\/9591","targetHints":{"allow":["GET"]}}],"collection":[{"href":"https:\/\/cbdflowersuk.co\/fr\/wp-json\/wp\/v2\/product"}],"about":[{"href":"https:\/\/cbdflowersuk.co\/fr\/wp-json\/wp\/v2\/types\/product"}],"replies":[{"embeddable":true,"href":"https:\/\/cbdflowersuk.co\/fr\/wp-json\/wp\/v2\/comments?post=9591"}],"wp:featuredmedia":[{"embeddable":true,"href":"https:\/\/cbdflowersuk.co\/fr\/wp-json\/wp\/v2\/media\/9589"}],"wp:attachment":[{"href":"https:\/\/cbdflowersuk.co\/fr\/wp-json\/wp\/v2\/media?parent=9591"}],"wp:term":[{"taxonomy":"product_brand","embeddable":true,"href":"https:\/\/cbdflowersuk.co\/fr\/wp-json\/wp\/v2\/product_brand?post=9591"},{"taxonomy":"product_cat","embeddable":true,"href":"https:\/\/cbdflowersuk.co\/fr\/wp-json\/wp\/v2\/product_cat?post=9591"},{"taxonomy":"product_tag","embeddable":true,"href":"https:\/\/cbdflowersuk.co\/fr\/wp-json\/wp\/v2\/product_tag?post=9591"}],"curies":[{"name":"wp","href":"https:\/\/api.w.org\/{rel}","templated":true}]}}