{"id":9479,"date":"2023-10-13T16:11:36","date_gmt":"2023-10-13T16:11:36","guid":{"rendered":"https:\/\/cbdflowersuk.co\/?post_type=product&#038;p=9479"},"modified":"2026-02-02T10:47:40","modified_gmt":"2026-02-02T10:47:40","slug":"blue-cheese-cbd-flowered-tea","status":"publish","type":"product","link":"https:\/\/cbdflowersuk.co\/fr\/produit\/fromage-bleu-cbd-the-fleuri\/","title":{"rendered":"Th\u00e9 de chanvre aux baies de Bouddha"},"content":{"rendered":"<p>D\u00e9couvrez notre collection de fleurs CBD exquises pour une exp\u00e9rience de th\u00e9 vraiment tranquille.<\/p>","protected":false},"excerpt":{"rendered":"<p><span class=\"s2\"><b><span lang=\"EN-GB\">Blue cheese CBD flowered tea 12.9%cbd<br \/>\nToutes nos fleurs sont 100% cultiv\u00e9es biologiquement en Europe sans aucun engrais chimique ni pesticide.<\/span><\/b><\/span><\/p>","protected":false},"featured_media":9485,"comment_status":"open","ping_status":"closed","template":"","meta":[],"product_brand":[],"product_cat":[34],"product_tag":[72,65,67],"class_list":{"0":"post-9479","1":"product","2":"type-product","3":"status-publish","4":"has-post-thumbnail","6":"product_cat-cbd-flower-tea","7":"product_tag-72","8":"product_tag-cbd-flower","9":"product_tag-cbd-flowered-tea","11":"first","12":"outofstock","13":"shipping-taxable","14":"purchasable","15":"product-type-variable"},"jetpack-related-posts":[{"id":9486,"url":"https:\/\/cbdflowersuk.co\/fr\/produit\/harlequin-cbd-the-fleuri\/","url_meta":{"origin":9479,"position":0},"title":"Harlequin CBD hemp tea","author":"manager","date":"octobre 13, 2023","format":false,"excerpt":"Harlequin CBD flowered tea 18%\u00a0CBD All our flowers are 100% organic grown in Europe without any fertiliser chemicals or pesticides.","rel":"","context":"Article similaire","block_context":{"text":"Article similaire","link":""},"img":{"alt_text":"Cbd flower tea","src":"https:\/\/i0.wp.com\/cbdflowersuk.co\/wp-content\/uploads\/2023\/10\/Harlequin-CBD-flowered-tea-18-CBD.jpg?resize=350%2C200&ssl=1","width":350,"height":200,"srcset":"https:\/\/i0.wp.com\/cbdflowersuk.co\/wp-content\/uploads\/2023\/10\/Harlequin-CBD-flowered-tea-18-CBD.jpg?resize=350%2C200&ssl=1 1x, https:\/\/i0.wp.com\/cbdflowersuk.co\/wp-content\/uploads\/2023\/10\/Harlequin-CBD-flowered-tea-18-CBD.jpg?resize=525%2C300&ssl=1 1.5x, https:\/\/i0.wp.com\/cbdflowersuk.co\/wp-content\/uploads\/2023\/10\/Harlequin-CBD-flowered-tea-18-CBD.jpg?resize=700%2C400&ssl=1 2x, https:\/\/i0.wp.com\/cbdflowersuk.co\/wp-content\/uploads\/2023\/10\/Harlequin-CBD-flowered-tea-18-CBD.jpg?resize=1050%2C600&ssl=1 3x, https:\/\/i0.wp.com\/cbdflowersuk.co\/wp-content\/uploads\/2023\/10\/Harlequin-CBD-flowered-tea-18-CBD.jpg?resize=1400%2C800&ssl=1 4x"},"classes":[]},{"id":9180,"url":"https:\/\/cbdflowersuk.co\/fr\/produit\/bluberry-cbd-flowered-tea\/","url_meta":{"origin":9479,"position":1},"title":"Bluberry hemp tea","author":"manager","date":"mars 27, 2023","format":false,"excerpt":"Bubble gum cbd tea 14.2%cbd. Under 0.2%thc All our flowers are 100% organic grown in Europe without any fertiliser chemicals or pesticides.","rel":"","context":"Article similaire","block_context":{"text":"Article similaire","link":""},"img":{"alt_text":"Bluberry CBD flowered tea","src":"https:\/\/i0.wp.com\/cbdflowersuk.co\/wp-content\/uploads\/2023\/03\/Girl-Scout-CBD-flowered-tea.jpg?resize=350%2C200&ssl=1","width":350,"height":200,"srcset":"https:\/\/i0.wp.com\/cbdflowersuk.co\/wp-content\/uploads\/2023\/03\/Girl-Scout-CBD-flowered-tea.jpg?resize=350%2C200&ssl=1 1x, https:\/\/i0.wp.com\/cbdflowersuk.co\/wp-content\/uploads\/2023\/03\/Girl-Scout-CBD-flowered-tea.jpg?resize=525%2C300&ssl=1 1.5x, https:\/\/i0.wp.com\/cbdflowersuk.co\/wp-content\/uploads\/2023\/03\/Girl-Scout-CBD-flowered-tea.jpg?resize=700%2C400&ssl=1 2x"},"classes":[]},{"id":9271,"url":"https:\/\/cbdflowersuk.co\/fr\/produit\/the-cbd-purple-punch\/","url_meta":{"origin":9479,"position":2},"title":"Purple punch CBD tea","author":"manager","date":"juillet 8, 2023","format":false,"excerpt":"Bubble gum cbd tea 16%cbd. Under 0.2%thc All our flowers are 100% organic grown in Europe without any fertiliser chemicals or pesticides.","rel":"","context":"Article similaire","block_context":{"text":"Article similaire","link":""},"img":{"alt_text":"Cbd flower tea","src":"https:\/\/i0.wp.com\/cbdflowersuk.co\/wp-content\/uploads\/2023\/07\/Purple-punch-CBD-tea.jpeg?resize=350%2C200&ssl=1","width":350,"height":200,"srcset":"https:\/\/i0.wp.com\/cbdflowersuk.co\/wp-content\/uploads\/2023\/07\/Purple-punch-CBD-tea.jpeg?resize=350%2C200&ssl=1 1x, https:\/\/i0.wp.com\/cbdflowersuk.co\/wp-content\/uploads\/2023\/07\/Purple-punch-CBD-tea.jpeg?resize=525%2C300&ssl=1 1.5x, https:\/\/i0.wp.com\/cbdflowersuk.co\/wp-content\/uploads\/2023\/07\/Purple-punch-CBD-tea.jpeg?resize=700%2C400&ssl=1 2x, https:\/\/i0.wp.com\/cbdflowersuk.co\/wp-content\/uploads\/2023\/07\/Purple-punch-CBD-tea.jpeg?resize=1050%2C600&ssl=1 3x"},"classes":[]},{"id":9471,"url":"https:\/\/cbdflowersuk.co\/fr\/produit\/white-widow-cbd-flower-tea\/","url_meta":{"origin":9479,"position":3},"title":"White widow hemp tea","author":"manager","date":"octobre 13, 2023","format":false,"excerpt":"White widow CBD flower tea 20.5%cbd All our flowers are 100% organic grown in Europe without any fertiliser chemicals or pesticides.","rel":"","context":"Article similaire","block_context":{"text":"Article similaire","link":""},"img":{"alt_text":"Cbd flower tea","src":"https:\/\/i0.wp.com\/cbdflowersuk.co\/wp-content\/uploads\/2023\/10\/White-widow-CBD-flower-tea-20.5cbd.jpg?resize=350%2C200&ssl=1","width":350,"height":200,"srcset":"https:\/\/i0.wp.com\/cbdflowersuk.co\/wp-content\/uploads\/2023\/10\/White-widow-CBD-flower-tea-20.5cbd.jpg?resize=350%2C200&ssl=1 1x, https:\/\/i0.wp.com\/cbdflowersuk.co\/wp-content\/uploads\/2023\/10\/White-widow-CBD-flower-tea-20.5cbd.jpg?resize=525%2C300&ssl=1 1.5x, https:\/\/i0.wp.com\/cbdflowersuk.co\/wp-content\/uploads\/2023\/10\/White-widow-CBD-flower-tea-20.5cbd.jpg?resize=700%2C400&ssl=1 2x, https:\/\/i0.wp.com\/cbdflowersuk.co\/wp-content\/uploads\/2023\/10\/White-widow-CBD-flower-tea-20.5cbd.jpg?resize=1050%2C600&ssl=1 3x, https:\/\/i0.wp.com\/cbdflowersuk.co\/wp-content\/uploads\/2023\/10\/White-widow-CBD-flower-tea-20.5cbd.jpg?resize=1400%2C800&ssl=1 4x"},"classes":[]},{"id":9263,"url":"https:\/\/cbdflowersuk.co\/fr\/produit\/og-kush-cbd-tea\/","url_meta":{"origin":9479,"position":4},"title":"Og kush hemp tea","author":"manager","date":"juillet 8, 2023","format":false,"excerpt":"Bubble gum cbd tea 17%cbd. Under 0.2%thc All our flowers are 100% organic grown in Europe without any fertiliser chemicals or pesticides.","rel":"","context":"Article similaire","block_context":{"text":"Article similaire","link":""},"img":{"alt_text":"Cbd flower tea","src":"https:\/\/i0.wp.com\/cbdflowersuk.co\/wp-content\/uploads\/2023\/07\/Og-kush-CBD-tea.jpeg?resize=350%2C200&ssl=1","width":350,"height":200,"srcset":"https:\/\/i0.wp.com\/cbdflowersuk.co\/wp-content\/uploads\/2023\/07\/Og-kush-CBD-tea.jpeg?resize=350%2C200&ssl=1 1x, https:\/\/i0.wp.com\/cbdflowersuk.co\/wp-content\/uploads\/2023\/07\/Og-kush-CBD-tea.jpeg?resize=525%2C300&ssl=1 1.5x, https:\/\/i0.wp.com\/cbdflowersuk.co\/wp-content\/uploads\/2023\/07\/Og-kush-CBD-tea.jpeg?resize=700%2C400&ssl=1 2x, https:\/\/i0.wp.com\/cbdflowersuk.co\/wp-content\/uploads\/2023\/07\/Og-kush-CBD-tea.jpeg?resize=1050%2C600&ssl=1 3x"},"classes":[]},{"id":9279,"url":"https:\/\/cbdflowersuk.co\/fr\/produit\/stardawg-cbd-tea\/","url_meta":{"origin":9479,"position":5},"title":"Stardawg hemp tea","author":"manager","date":"juillet 8, 2023","format":false,"excerpt":"Bubble gum cbd tea 20%cbd. Under 0.2%thc All our flowers are 100% organic grown in Europe without any fertiliser chemicals or pesticides.","rel":"","context":"Article similaire","block_context":{"text":"Article similaire","link":""},"img":{"alt_text":"","src":"https:\/\/i0.wp.com\/cbdflowersuk.co\/wp-content\/uploads\/2023\/07\/Stardawg-CBD-tea.jpeg?resize=350%2C200&ssl=1","width":350,"height":200,"srcset":"https:\/\/i0.wp.com\/cbdflowersuk.co\/wp-content\/uploads\/2023\/07\/Stardawg-CBD-tea.jpeg?resize=350%2C200&ssl=1 1x, https:\/\/i0.wp.com\/cbdflowersuk.co\/wp-content\/uploads\/2023\/07\/Stardawg-CBD-tea.jpeg?resize=525%2C300&ssl=1 1.5x, https:\/\/i0.wp.com\/cbdflowersuk.co\/wp-content\/uploads\/2023\/07\/Stardawg-CBD-tea.jpeg?resize=700%2C400&ssl=1 2x, https:\/\/i0.wp.com\/cbdflowersuk.co\/wp-content\/uploads\/2023\/07\/Stardawg-CBD-tea.jpeg?resize=1050%2C600&ssl=1 3x"},"classes":[]}],"jetpack_sharing_enabled":true,"_links":{"self":[{"href":"https:\/\/cbdflowersuk.co\/fr\/wp-json\/wp\/v2\/product\/9479","targetHints":{"allow":["GET"]}}],"collection":[{"href":"https:\/\/cbdflowersuk.co\/fr\/wp-json\/wp\/v2\/product"}],"about":[{"href":"https:\/\/cbdflowersuk.co\/fr\/wp-json\/wp\/v2\/types\/product"}],"replies":[{"embeddable":true,"href":"https:\/\/cbdflowersuk.co\/fr\/wp-json\/wp\/v2\/comments?post=9479"}],"wp:featuredmedia":[{"embeddable":true,"href":"https:\/\/cbdflowersuk.co\/fr\/wp-json\/wp\/v2\/media\/9485"}],"wp:attachment":[{"href":"https:\/\/cbdflowersuk.co\/fr\/wp-json\/wp\/v2\/media?parent=9479"}],"wp:term":[{"taxonomy":"product_brand","embeddable":true,"href":"https:\/\/cbdflowersuk.co\/fr\/wp-json\/wp\/v2\/product_brand?post=9479"},{"taxonomy":"product_cat","embeddable":true,"href":"https:\/\/cbdflowersuk.co\/fr\/wp-json\/wp\/v2\/product_cat?post=9479"},{"taxonomy":"product_tag","embeddable":true,"href":"https:\/\/cbdflowersuk.co\/fr\/wp-json\/wp\/v2\/product_tag?post=9479"}],"curies":[{"name":"wp","href":"https:\/\/api.w.org\/{rel}","templated":true}]}}