{"id":9286,"date":"2023-07-08T09:44:05","date_gmt":"2023-07-08T09:44:05","guid":{"rendered":"https:\/\/cbdflowersuk.co\/?post_type=product&#038;p=9286"},"modified":"2025-09-25T16:00:24","modified_gmt":"2025-09-25T16:00:24","slug":"wedding-cake-cbd-tea","status":"publish","type":"product","link":"https:\/\/cbdflowersuk.co\/fr\/produit\/gateau-de-mariage-the-au-cbd\/","title":{"rendered":"Biscuits \u00e0 l'orange Th\u00e9 CBD"},"content":{"rendered":"<p>Entrez dans un monde d'indulgence sereine avec notre offre exclusive : orange cookies cbd Tea. \u00c9labor\u00e9 avec soin et impr\u00e9gn\u00e9 de tranquillit\u00e9, ce m\u00e9lange de qualit\u00e9 sup\u00e9rieure vous promet une \u00e9vasion heureuse loin de l'agitation quotidienne. Dans notre magasin CBD, la discr\u00e9tion c\u00f4toie le plaisir et nous vous pr\u00e9sentons une exp\u00e9rience du th\u00e9 sans pr\u00e9c\u00e9dent.<\/p>\n<h2>D\u00e9voilement des biscuits \u00e0 l'orange CBD Tea<\/h2>\n<p>Imaginez que vous sirotez une tasse de chaleur et de d\u00e9tente, envelopp\u00e9e dans la douceur subtile des biscuits \u00e0 l'orange du th\u00e9 CBD. Chaque gorg\u00e9e est un voyage, un moment de tranquillit\u00e9 au milieu du chaos. Notre m\u00e9lange est m\u00e9ticuleusement s\u00e9lectionn\u00e9 pour offrir non seulement une boisson, mais aussi une exp\u00e9rience - un r\u00e9pit dans le quotidien.<\/p>\n<h2>La promesse de la protection de la vie priv\u00e9e<\/h2>\n<p>Dans notre boutique CBD, nous comprenons l'importance de la discr\u00e9tion. C'est pourquoi nous avons con\u00e7u notre <strong>biscuits \u00e0 l'orange CBD<\/strong> Le th\u00e9 n'offre pas seulement de la d\u00e9tente, mais aussi de l'intimit\u00e9. Gr\u00e2ce \u00e0 un emballage et \u00e0 un \u00e9tiquetage discrets, vous pouvez vous adonner \u00e0 votre rituel du th\u00e9 sans attirer l'attention. Vous pouvez savourer votre d\u00e9tente sans avoir \u00e0 vous justifier.<\/p>\n<h2>Am\u00e9liorez votre exp\u00e9rience du th\u00e9<\/h2>\n<p>Notre<strong> Fleur de CBD<\/strong> La s\u00e9lection de th\u00e9s s'enorgueillit des ingr\u00e9dients les plus raffin\u00e9s, y compris l'exquise<strong> biscuits \u00e0 l'orange Fleur CBD<\/strong>. \u00c0 chaque infusion, vous d\u00e9couvrirez une symphonie de saveurs et d'ar\u00f4mes, soigneusement \u00e9quilibr\u00e9e pour apaiser les sens. De la premi\u00e8re \u00e0 la derni\u00e8re gorg\u00e9e, laissez le th\u00e9 CBD Wedding Cake vous transporter dans un royaume de tranquillit\u00e9 et de paix.<\/p>\n<h2>CBD Flowers UK Collection<\/h2>\n<div>Pour ceux qui recherchent l'exp\u00e9rience ultime du th\u00e9, notre <strong>Fleurs CBD UK<\/strong> est un tr\u00e9sor de d\u00e9lices. D\u00e9couvrez une vari\u00e9t\u00e9 de m\u00e9langes de qualit\u00e9 sup\u00e9rieure, chacun infus\u00e9 avec les bienfaits th\u00e9rapeutiques du CBD. Que vous soyez un connaisseur ou un nouveau venu dans le monde du CBD, vous trouverez dans cette collection une multitude de m\u00e9langes de premi\u00e8re qualit\u00e9. <strong>Le monde du CBD<\/strong>Il y en a pour tous les go\u00fbts dans notre s\u00e9lection.<\/div>\n<div><\/div>\n<h2>Embrace Serenity, Embrace orange cookies CBD Tea<\/h2>\n<div>Dans un monde rempli de bruit et de chaos, il est essentiel de trouver des moments de s\u00e9r\u00e9nit\u00e9. Avec l'aide de <strong>Biscuits \u00e0 l'orange Th\u00e9 CBD<\/strong>Avec le CBD, vous pouvez profiter de la tranquillit\u00e9 \u00e0 chaque gorg\u00e9e. Laissez les propri\u00e9t\u00e9s apaisantes du CBD vous envelopper, soulager les tensions et favoriser la relaxation. Que vous le d\u00e9gustiez seul ou en compagnie de vos proches, notre th\u00e9 est un symbole de calme dans un monde tr\u00e9pidant.<\/div>\n<div><\/div>\n<h3>Trouvez votre moment de bonheur<\/h3>\n<div>Dans l'agitation de la vie quotidienne, il est essentiel de s'accorder des moments de calme et de d\u00e9tente. Avec les <strong>Biscuits \u00e0 l'orange Th\u00e9 CBD<\/strong>vous permet de le faire. Laissez-vous tenter par une tasse de tranquillit\u00e9, discr\u00e8tement emball\u00e9e et fabriqu\u00e9e par des experts pour votre plus grand plaisir. \u00c0 notre <strong>Boutique CBD<\/strong>Nous vous invitons \u00e0 d\u00e9couvrir les merveilles de l'Europe de l'Est. <strong>Th\u00e9 infus\u00e9 au CBD<\/strong> et d\u00e9couvrez un monde de s\u00e9r\u00e9nit\u00e9, une gorg\u00e9e \u00e0 la fois<\/div>","protected":false},"excerpt":{"rendered":"<p><span class=\"s2\"><span lang=\"EN-GB\"><b>Animal mintz cbd tea 19%cbd. Under 0.2%thc<br \/>\nToutes nos fleurs sont 100% cultiv\u00e9es biologiquement en Europe sans aucun engrais chimique ni pesticide.<\/b><\/span><\/span><\/p>","protected":false},"featured_media":11764,"comment_status":"open","ping_status":"closed","template":"","meta":[],"product_brand":[],"product_cat":[34],"product_tag":[87,86,84,85],"class_list":{"0":"post-9286","1":"product","2":"type-product","3":"status-publish","4":"has-post-thumbnail","6":"product_cat-cbd-flower-tea","7":"product_tag-0-2-thc","8":"product_tag-86","9":"product_tag-animal-mintz-cbd-infused-tea","10":"product_tag-cbd","12":"first","13":"instock","14":"shipping-taxable","15":"purchasable","16":"product-type-variable"},"jetpack-related-posts":[{"id":9784,"url":"https:\/\/cbdflowersuk.co\/fr\/produit\/the-au-cbd-chiquita-banana\/","url_meta":{"origin":9286,"position":0},"title":"lemon haze hemp tea","author":"manager","date":"mai 8, 2024","format":false,"excerpt":"16% CBD Under 0.2%thc All our flowers are 100% organic grown in Europe without any fertiliser chemicals or pesticides. Enjoy the calming aroma and taste of lemon while experiencing the benefits of CBD.","rel":"","context":"Article similaire","block_context":{"text":"Article similaire","link":""},"img":{"alt_text":"","src":"https:\/\/i0.wp.com\/cbdflowersuk.co\/wp-content\/uploads\/2024\/09\/img_4867.jpeg?resize=350%2C200&ssl=1","width":350,"height":200,"srcset":"https:\/\/i0.wp.com\/cbdflowersuk.co\/wp-content\/uploads\/2024\/09\/img_4867.jpeg?resize=350%2C200&ssl=1 1x, https:\/\/i0.wp.com\/cbdflowersuk.co\/wp-content\/uploads\/2024\/09\/img_4867.jpeg?resize=525%2C300&ssl=1 1.5x, https:\/\/i0.wp.com\/cbdflowersuk.co\/wp-content\/uploads\/2024\/09\/img_4867.jpeg?resize=700%2C400&ssl=1 2x, https:\/\/i0.wp.com\/cbdflowersuk.co\/wp-content\/uploads\/2024\/09\/img_4867.jpeg?resize=1050%2C600&ssl=1 3x"},"classes":[]},{"id":9271,"url":"https:\/\/cbdflowersuk.co\/fr\/produit\/the-cbd-purple-punch\/","url_meta":{"origin":9286,"position":1},"title":"Purple punch CBD tea","author":"manager","date":"juillet 8, 2023","format":false,"excerpt":"Bubble gum cbd tea 16%cbd. Under 0.2%thc All our flowers are 100% organic grown in Europe without any fertiliser chemicals or pesticides.","rel":"","context":"Article similaire","block_context":{"text":"Article similaire","link":""},"img":{"alt_text":"Cbd flower tea","src":"https:\/\/i0.wp.com\/cbdflowersuk.co\/wp-content\/uploads\/2023\/07\/Purple-punch-CBD-tea.jpeg?resize=350%2C200&ssl=1","width":350,"height":200,"srcset":"https:\/\/i0.wp.com\/cbdflowersuk.co\/wp-content\/uploads\/2023\/07\/Purple-punch-CBD-tea.jpeg?resize=350%2C200&ssl=1 1x, https:\/\/i0.wp.com\/cbdflowersuk.co\/wp-content\/uploads\/2023\/07\/Purple-punch-CBD-tea.jpeg?resize=525%2C300&ssl=1 1.5x, https:\/\/i0.wp.com\/cbdflowersuk.co\/wp-content\/uploads\/2023\/07\/Purple-punch-CBD-tea.jpeg?resize=700%2C400&ssl=1 2x, https:\/\/i0.wp.com\/cbdflowersuk.co\/wp-content\/uploads\/2023\/07\/Purple-punch-CBD-tea.jpeg?resize=1050%2C600&ssl=1 3x"},"classes":[]},{"id":8849,"url":"https:\/\/cbdflowersuk.co\/fr\/produit\/cookie-kush-cbd-flowered-tea\/","url_meta":{"origin":9286,"position":2},"title":"Cookie kush hemp\nTea","author":"manager","date":"f\u00e9vrier 5, 2023","format":false,"excerpt":"15.8%cbd. 0.02% thc All our flowers are 100% organic grown in Europe without any fertiliser chemicals or pesticides.","rel":"","context":"Article similaire","block_context":{"text":"Article similaire","link":""},"img":{"alt_text":"","src":"https:\/\/i0.wp.com\/cbdflowersuk.co\/wp-content\/uploads\/2023\/02\/Cookie-kush-cbd-flowered-tea.jpg?resize=350%2C200&ssl=1","width":350,"height":200,"srcset":"https:\/\/i0.wp.com\/cbdflowersuk.co\/wp-content\/uploads\/2023\/02\/Cookie-kush-cbd-flowered-tea.jpg?resize=350%2C200&ssl=1 1x, https:\/\/i0.wp.com\/cbdflowersuk.co\/wp-content\/uploads\/2023\/02\/Cookie-kush-cbd-flowered-tea.jpg?resize=525%2C300&ssl=1 1.5x, https:\/\/i0.wp.com\/cbdflowersuk.co\/wp-content\/uploads\/2023\/02\/Cookie-kush-cbd-flowered-tea.jpg?resize=700%2C400&ssl=1 2x"},"classes":[]},{"id":11665,"url":"https:\/\/cbdflowersuk.co\/fr\/produit\/the-au-cbd-chiquita-banana\/","url_meta":{"origin":9286,"position":3},"title":"Skittlez Hemp Tea:","author":"manager","date":"juillet 5, 2024","format":false,"excerpt":"18% CBD Under 0.2%thc All our flowers are 100% organic grown in Europe without any fertiliser chemicals or pesticides.","rel":"","context":"Article similaire","block_context":{"text":"Article similaire","link":""},"img":{"alt_text":"","src":"https:\/\/i0.wp.com\/cbdflowersuk.co\/wp-content\/uploads\/2024\/07\/img_6375.jpeg?resize=350%2C200&ssl=1","width":350,"height":200,"srcset":"https:\/\/i0.wp.com\/cbdflowersuk.co\/wp-content\/uploads\/2024\/07\/img_6375.jpeg?resize=350%2C200&ssl=1 1x, https:\/\/i0.wp.com\/cbdflowersuk.co\/wp-content\/uploads\/2024\/07\/img_6375.jpeg?resize=525%2C300&ssl=1 1.5x, https:\/\/i0.wp.com\/cbdflowersuk.co\/wp-content\/uploads\/2024\/07\/img_6375.jpeg?resize=700%2C400&ssl=1 2x, https:\/\/i0.wp.com\/cbdflowersuk.co\/wp-content\/uploads\/2024\/07\/img_6375.jpeg?resize=1050%2C600&ssl=1 3x"},"classes":[]},{"id":9279,"url":"https:\/\/cbdflowersuk.co\/fr\/produit\/stardawg-cbd-tea\/","url_meta":{"origin":9286,"position":4},"title":"Stardawg hemp tea","author":"manager","date":"juillet 8, 2023","format":false,"excerpt":"Bubble gum cbd tea 20%cbd. Under 0.2%thc All our flowers are 100% organic grown in Europe without any fertiliser chemicals or pesticides.","rel":"","context":"Article similaire","block_context":{"text":"Article similaire","link":""},"img":{"alt_text":"","src":"https:\/\/i0.wp.com\/cbdflowersuk.co\/wp-content\/uploads\/2023\/07\/Stardawg-CBD-tea.jpeg?resize=350%2C200&ssl=1","width":350,"height":200,"srcset":"https:\/\/i0.wp.com\/cbdflowersuk.co\/wp-content\/uploads\/2023\/07\/Stardawg-CBD-tea.jpeg?resize=350%2C200&ssl=1 1x, https:\/\/i0.wp.com\/cbdflowersuk.co\/wp-content\/uploads\/2023\/07\/Stardawg-CBD-tea.jpeg?resize=525%2C300&ssl=1 1.5x, https:\/\/i0.wp.com\/cbdflowersuk.co\/wp-content\/uploads\/2023\/07\/Stardawg-CBD-tea.jpeg?resize=700%2C400&ssl=1 2x, https:\/\/i0.wp.com\/cbdflowersuk.co\/wp-content\/uploads\/2023\/07\/Stardawg-CBD-tea.jpeg?resize=1050%2C600&ssl=1 3x"},"classes":[]},{"id":9263,"url":"https:\/\/cbdflowersuk.co\/fr\/produit\/og-kush-cbd-tea\/","url_meta":{"origin":9286,"position":5},"title":"Og kush hemp tea","author":"manager","date":"juillet 8, 2023","format":false,"excerpt":"Bubble gum cbd tea 17%cbd. Under 0.2%thc All our flowers are 100% organic grown in Europe without any fertiliser chemicals or pesticides.","rel":"","context":"Article similaire","block_context":{"text":"Article similaire","link":""},"img":{"alt_text":"Cbd flower tea","src":"https:\/\/i0.wp.com\/cbdflowersuk.co\/wp-content\/uploads\/2023\/07\/Og-kush-CBD-tea.jpeg?resize=350%2C200&ssl=1","width":350,"height":200,"srcset":"https:\/\/i0.wp.com\/cbdflowersuk.co\/wp-content\/uploads\/2023\/07\/Og-kush-CBD-tea.jpeg?resize=350%2C200&ssl=1 1x, https:\/\/i0.wp.com\/cbdflowersuk.co\/wp-content\/uploads\/2023\/07\/Og-kush-CBD-tea.jpeg?resize=525%2C300&ssl=1 1.5x, https:\/\/i0.wp.com\/cbdflowersuk.co\/wp-content\/uploads\/2023\/07\/Og-kush-CBD-tea.jpeg?resize=700%2C400&ssl=1 2x, https:\/\/i0.wp.com\/cbdflowersuk.co\/wp-content\/uploads\/2023\/07\/Og-kush-CBD-tea.jpeg?resize=1050%2C600&ssl=1 3x"},"classes":[]}],"jetpack_sharing_enabled":true,"_links":{"self":[{"href":"https:\/\/cbdflowersuk.co\/fr\/wp-json\/wp\/v2\/product\/9286","targetHints":{"allow":["GET"]}}],"collection":[{"href":"https:\/\/cbdflowersuk.co\/fr\/wp-json\/wp\/v2\/product"}],"about":[{"href":"https:\/\/cbdflowersuk.co\/fr\/wp-json\/wp\/v2\/types\/product"}],"replies":[{"embeddable":true,"href":"https:\/\/cbdflowersuk.co\/fr\/wp-json\/wp\/v2\/comments?post=9286"}],"wp:featuredmedia":[{"embeddable":true,"href":"https:\/\/cbdflowersuk.co\/fr\/wp-json\/wp\/v2\/media\/11764"}],"wp:attachment":[{"href":"https:\/\/cbdflowersuk.co\/fr\/wp-json\/wp\/v2\/media?parent=9286"}],"wp:term":[{"taxonomy":"product_brand","embeddable":true,"href":"https:\/\/cbdflowersuk.co\/fr\/wp-json\/wp\/v2\/product_brand?post=9286"},{"taxonomy":"product_cat","embeddable":true,"href":"https:\/\/cbdflowersuk.co\/fr\/wp-json\/wp\/v2\/product_cat?post=9286"},{"taxonomy":"product_tag","embeddable":true,"href":"https:\/\/cbdflowersuk.co\/fr\/wp-json\/wp\/v2\/product_tag?post=9286"}],"curies":[{"name":"wp","href":"https:\/\/api.w.org\/{rel}","templated":true}]}}