{"id":9279,"date":"2023-07-08T09:43:29","date_gmt":"2023-07-08T09:43:29","guid":{"rendered":"https:\/\/cbdflowersuk.co\/?post_type=product&#038;p=9279"},"modified":"2024-05-16T10:55:57","modified_gmt":"2024-05-16T10:55:57","slug":"stardawg-cbd-tea","status":"publish","type":"product","link":"https:\/\/cbdflowersuk.co\/fr\/produit\/stardawg-cbd-tea\/","title":{"rendered":"Th\u00e9 au chanvre Stardawg"},"content":{"rendered":"<p>D\u00e9couvrez le m\u00e9lange cosmique de notre th\u00e9 CBD Stardawg, une infusion de premi\u00e8re qualit\u00e9 pour la relaxation. D\u00e9couvrez notre <strong>Th\u00e9 aux fleurs CBD<\/strong> pour cette offre exceptionnelle, disponible au Royaume-Uni. Am\u00e9liorez votre exp\u00e9rience du th\u00e9 avec notre collection de fleurs CBD UK, exclusivement dans notre boutique de fleurs CBD.<\/p>","protected":false},"excerpt":{"rendered":"<p><span class=\"s2\"><b><span lang=\"EN-GB\">Bubble gum cbd tea 20%cbd. Under 0.2%thc<br \/>\nToutes nos fleurs sont 100% cultiv\u00e9es biologiquement en Europe sans aucun engrais chimique ni pesticide.<\/span><\/b><\/span><\/p>","protected":false},"featured_media":9285,"comment_status":"open","ping_status":"closed","template":"","meta":[],"product_brand":[],"product_cat":[34],"product_tag":[57],"class_list":{"0":"post-9279","1":"product","2":"type-product","3":"status-publish","4":"has-post-thumbnail","6":"product_cat-cbd-flower-tea","7":"product_tag-14-cbd","9":"first","10":"outofstock","11":"shipping-taxable","12":"purchasable","13":"product-type-variable"},"jetpack-related-posts":[{"id":9263,"url":"https:\/\/cbdflowersuk.co\/fr\/produit\/og-kush-cbd-tea\/","url_meta":{"origin":9279,"position":0},"title":"Og kush th\u00e9 au chanvre","author":"manager","date":"juillet 8, 2023","format":false,"excerpt":"Bubble gum cbd tea 17%cbd. Under 0.2%thc All our flowers are 100% organic grown in Europe without any fertiliser chemicals or pesticides.","rel":"","context":"Article similaire","block_context":{"text":"Article similaire","link":""},"img":{"alt_text":"Cbd flower tea","src":"https:\/\/i0.wp.com\/cbdflowersuk.co\/wp-content\/uploads\/2023\/07\/Og-kush-CBD-tea.jpeg?resize=350%2C200&ssl=1","width":350,"height":200,"srcset":"https:\/\/i0.wp.com\/cbdflowersuk.co\/wp-content\/uploads\/2023\/07\/Og-kush-CBD-tea.jpeg?resize=350%2C200&ssl=1 1x, https:\/\/i0.wp.com\/cbdflowersuk.co\/wp-content\/uploads\/2023\/07\/Og-kush-CBD-tea.jpeg?resize=525%2C300&ssl=1 1.5x, https:\/\/i0.wp.com\/cbdflowersuk.co\/wp-content\/uploads\/2023\/07\/Og-kush-CBD-tea.jpeg?resize=700%2C400&ssl=1 2x, https:\/\/i0.wp.com\/cbdflowersuk.co\/wp-content\/uploads\/2023\/07\/Og-kush-CBD-tea.jpeg?resize=1050%2C600&ssl=1 3x"},"classes":[]},{"id":9479,"url":"https:\/\/cbdflowersuk.co\/fr\/produit\/fromage-bleu-cbd-the-fleuri\/","url_meta":{"origin":9279,"position":1},"title":"Th\u00e9 de chanvre aux baies de Bouddha","author":"manager","date":"octobre 13, 2023","format":false,"excerpt":"Blue cheese CBD flowered tea 12.9%cbd All our flowers are 100% organic grown in Europe without any fertiliser chemicals or pesticides.","rel":"","context":"Article similaire","block_context":{"text":"Article similaire","link":""},"img":{"alt_text":"Cbd flower tea","src":"https:\/\/i0.wp.com\/cbdflowersuk.co\/wp-content\/uploads\/2023\/10\/Blue-cheese-CBD-flowered-tea-12.9cbd.jpg?resize=350%2C200&ssl=1","width":350,"height":200,"srcset":"https:\/\/i0.wp.com\/cbdflowersuk.co\/wp-content\/uploads\/2023\/10\/Blue-cheese-CBD-flowered-tea-12.9cbd.jpg?resize=350%2C200&ssl=1 1x, https:\/\/i0.wp.com\/cbdflowersuk.co\/wp-content\/uploads\/2023\/10\/Blue-cheese-CBD-flowered-tea-12.9cbd.jpg?resize=525%2C300&ssl=1 1.5x, https:\/\/i0.wp.com\/cbdflowersuk.co\/wp-content\/uploads\/2023\/10\/Blue-cheese-CBD-flowered-tea-12.9cbd.jpg?resize=700%2C400&ssl=1 2x, https:\/\/i0.wp.com\/cbdflowersuk.co\/wp-content\/uploads\/2023\/10\/Blue-cheese-CBD-flowered-tea-12.9cbd.jpg?resize=1050%2C600&ssl=1 3x, https:\/\/i0.wp.com\/cbdflowersuk.co\/wp-content\/uploads\/2023\/10\/Blue-cheese-CBD-flowered-tea-12.9cbd.jpg?resize=1400%2C800&ssl=1 4x"},"classes":[]},{"id":9271,"url":"https:\/\/cbdflowersuk.co\/fr\/produit\/the-cbd-purple-punch\/","url_meta":{"origin":9279,"position":2},"title":"Th\u00e9 CBD \"Purple punch","author":"manager","date":"juillet 8, 2023","format":false,"excerpt":"Bubble gum cbd tea 16%cbd. Under 0.2%thc All our flowers are 100% organic grown in Europe without any fertiliser chemicals or pesticides.","rel":"","context":"Article similaire","block_context":{"text":"Article similaire","link":""},"img":{"alt_text":"Cbd flower tea","src":"https:\/\/i0.wp.com\/cbdflowersuk.co\/wp-content\/uploads\/2023\/07\/Purple-punch-CBD-tea.jpeg?resize=350%2C200&ssl=1","width":350,"height":200,"srcset":"https:\/\/i0.wp.com\/cbdflowersuk.co\/wp-content\/uploads\/2023\/07\/Purple-punch-CBD-tea.jpeg?resize=350%2C200&ssl=1 1x, https:\/\/i0.wp.com\/cbdflowersuk.co\/wp-content\/uploads\/2023\/07\/Purple-punch-CBD-tea.jpeg?resize=525%2C300&ssl=1 1.5x, https:\/\/i0.wp.com\/cbdflowersuk.co\/wp-content\/uploads\/2023\/07\/Purple-punch-CBD-tea.jpeg?resize=700%2C400&ssl=1 2x, https:\/\/i0.wp.com\/cbdflowersuk.co\/wp-content\/uploads\/2023\/07\/Purple-punch-CBD-tea.jpeg?resize=1050%2C600&ssl=1 3x"},"classes":[]},{"id":9390,"url":"https:\/\/cbdflowersuk.co\/fr\/produit\/gorrila-glue-cbd-tea\/","url_meta":{"origin":9279,"position":3},"title":"Gorrila glue th\u00e9 de chanvre","author":"manager","date":"septembre 19, 2023","format":false,"excerpt":"Bubble gum cbd tea 20%cbd. Under 0.2%thc All our flowers are 100% organic grown in Europe without any fertiliser chemicals or pesticides.","rel":"","context":"Article similaire","block_context":{"text":"Article similaire","link":""},"img":{"alt_text":"Cbd flower tea","src":"https:\/\/i0.wp.com\/cbdflowersuk.co\/wp-content\/uploads\/2023\/09\/Gorrila-glue-CBD-tea.jpg?resize=350%2C200&ssl=1","width":350,"height":200,"srcset":"https:\/\/i0.wp.com\/cbdflowersuk.co\/wp-content\/uploads\/2023\/09\/Gorrila-glue-CBD-tea.jpg?resize=350%2C200&ssl=1 1x, https:\/\/i0.wp.com\/cbdflowersuk.co\/wp-content\/uploads\/2023\/09\/Gorrila-glue-CBD-tea.jpg?resize=525%2C300&ssl=1 1.5x, https:\/\/i0.wp.com\/cbdflowersuk.co\/wp-content\/uploads\/2023\/09\/Gorrila-glue-CBD-tea.jpg?resize=700%2C400&ssl=1 2x, https:\/\/i0.wp.com\/cbdflowersuk.co\/wp-content\/uploads\/2023\/09\/Gorrila-glue-CBD-tea.jpg?resize=1050%2C600&ssl=1 3x, https:\/\/i0.wp.com\/cbdflowersuk.co\/wp-content\/uploads\/2023\/09\/Gorrila-glue-CBD-tea.jpg?resize=1400%2C800&ssl=1 4x"},"classes":[]},{"id":9581,"url":"https:\/\/cbdflowersuk.co\/fr\/produit\/the-au-cbd-pour-gateau-a-la-creme-glacee\/","url_meta":{"origin":9279,"position":4},"title":"Th\u00e9 vert CBD","author":"manager","date":"f\u00e9vrier 22, 2024","format":false,"excerpt":"Moins de 0,2%thc Toutes nos fleurs sont 100% biologiques cultiv\u00e9es en Europe sans engrais chimiques ni pesticides.","rel":"","context":"Article similaire","block_context":{"text":"Article similaire","link":""},"img":{"alt_text":"","src":"https:\/\/i0.wp.com\/cbdflowersuk.co\/wp-content\/uploads\/2024\/02\/img_6498.jpeg?resize=350%2C200&ssl=1","width":350,"height":200,"srcset":"https:\/\/i0.wp.com\/cbdflowersuk.co\/wp-content\/uploads\/2024\/02\/img_6498.jpeg?resize=350%2C200&ssl=1 1x, https:\/\/i0.wp.com\/cbdflowersuk.co\/wp-content\/uploads\/2024\/02\/img_6498.jpeg?resize=525%2C300&ssl=1 1.5x, https:\/\/i0.wp.com\/cbdflowersuk.co\/wp-content\/uploads\/2024\/02\/img_6498.jpeg?resize=700%2C400&ssl=1 2x, https:\/\/i0.wp.com\/cbdflowersuk.co\/wp-content\/uploads\/2024\/02\/img_6498.jpeg?resize=1050%2C600&ssl=1 3x"},"classes":[]},{"id":9471,"url":"https:\/\/cbdflowersuk.co\/fr\/produit\/white-widow-cbd-flower-tea\/","url_meta":{"origin":9279,"position":5},"title":"Th\u00e9 de chanvre de la veuve blanche","author":"manager","date":"octobre 13, 2023","format":false,"excerpt":"White widow CBD flower tea 20.5%cbd All our flowers are 100% organic grown in Europe without any fertiliser chemicals or pesticides.","rel":"","context":"Article similaire","block_context":{"text":"Article similaire","link":""},"img":{"alt_text":"Cbd flower tea","src":"https:\/\/i0.wp.com\/cbdflowersuk.co\/wp-content\/uploads\/2023\/10\/White-widow-CBD-flower-tea-20.5cbd.jpg?resize=350%2C200&ssl=1","width":350,"height":200,"srcset":"https:\/\/i0.wp.com\/cbdflowersuk.co\/wp-content\/uploads\/2023\/10\/White-widow-CBD-flower-tea-20.5cbd.jpg?resize=350%2C200&ssl=1 1x, https:\/\/i0.wp.com\/cbdflowersuk.co\/wp-content\/uploads\/2023\/10\/White-widow-CBD-flower-tea-20.5cbd.jpg?resize=525%2C300&ssl=1 1.5x, https:\/\/i0.wp.com\/cbdflowersuk.co\/wp-content\/uploads\/2023\/10\/White-widow-CBD-flower-tea-20.5cbd.jpg?resize=700%2C400&ssl=1 2x, https:\/\/i0.wp.com\/cbdflowersuk.co\/wp-content\/uploads\/2023\/10\/White-widow-CBD-flower-tea-20.5cbd.jpg?resize=1050%2C600&ssl=1 3x, https:\/\/i0.wp.com\/cbdflowersuk.co\/wp-content\/uploads\/2023\/10\/White-widow-CBD-flower-tea-20.5cbd.jpg?resize=1400%2C800&ssl=1 4x"},"classes":[]}],"jetpack_sharing_enabled":true,"_links":{"self":[{"href":"https:\/\/cbdflowersuk.co\/fr\/wp-json\/wp\/v2\/product\/9279","targetHints":{"allow":["GET"]}}],"collection":[{"href":"https:\/\/cbdflowersuk.co\/fr\/wp-json\/wp\/v2\/product"}],"about":[{"href":"https:\/\/cbdflowersuk.co\/fr\/wp-json\/wp\/v2\/types\/product"}],"replies":[{"embeddable":true,"href":"https:\/\/cbdflowersuk.co\/fr\/wp-json\/wp\/v2\/comments?post=9279"}],"wp:featuredmedia":[{"embeddable":true,"href":"https:\/\/cbdflowersuk.co\/fr\/wp-json\/wp\/v2\/media\/9285"}],"wp:attachment":[{"href":"https:\/\/cbdflowersuk.co\/fr\/wp-json\/wp\/v2\/media?parent=9279"}],"wp:term":[{"taxonomy":"product_brand","embeddable":true,"href":"https:\/\/cbdflowersuk.co\/fr\/wp-json\/wp\/v2\/product_brand?post=9279"},{"taxonomy":"product_cat","embeddable":true,"href":"https:\/\/cbdflowersuk.co\/fr\/wp-json\/wp\/v2\/product_cat?post=9279"},{"taxonomy":"product_tag","embeddable":true,"href":"https:\/\/cbdflowersuk.co\/fr\/wp-json\/wp\/v2\/product_tag?post=9279"}],"curies":[{"name":"wp","href":"https:\/\/api.w.org\/{rel}","templated":true}]}}