{"id":9180,"date":"2023-03-27T22:18:42","date_gmt":"2023-03-27T22:18:42","guid":{"rendered":"https:\/\/cbdflowersuk.co\/?post_type=product&#038;p=9180"},"modified":"2026-03-03T22:14:31","modified_gmt":"2026-03-03T22:14:31","slug":"bluberry-cbd-flowered-tea","status":"publish","type":"product","link":"https:\/\/cbdflowersuk.co\/fr\/produit\/bluberry-cbd-flowered-tea\/","title":{"rendered":"Th\u00e9 de chanvre \u00e0 la m\u00fbre"},"content":{"rendered":"","protected":false},"excerpt":{"rendered":"<p><span class=\"s2\"><b><span lang=\"EN-GB\">Bubble gum cbd tea 14.2%cbd. Under 0.2%thc<br \/>\nToutes nos fleurs sont 100% cultiv\u00e9es biologiquement en Europe sans aucun engrais chimique ni pesticide.<\/span><\/b><\/span><\/p>","protected":false},"featured_media":9179,"comment_status":"open","ping_status":"closed","template":"","meta":[],"product_brand":[],"product_cat":[34],"product_tag":[73,67],"class_list":{"0":"post-9180","1":"product","2":"type-product","3":"status-publish","4":"has-post-thumbnail","6":"product_cat-cbd-flower-tea","7":"product_tag-bluberry-cbd-flowered-tea","8":"product_tag-cbd-flowered-tea","10":"first","11":"instock","12":"shipping-taxable","13":"purchasable","14":"product-type-variable"},"jetpack-related-posts":[{"id":9486,"url":"https:\/\/cbdflowersuk.co\/fr\/produit\/harlequin-cbd-the-fleuri\/","url_meta":{"origin":9180,"position":0},"title":"Harlequin CBD hemp tea","author":"manager","date":"octobre 13, 2023","format":false,"excerpt":"Harlequin CBD flowered tea 18%\u00a0CBD All our flowers are 100% organic grown in Europe without any fertiliser chemicals or pesticides.","rel":"","context":"Article similaire","block_context":{"text":"Article similaire","link":""},"img":{"alt_text":"Cbd flower tea","src":"https:\/\/i0.wp.com\/cbdflowersuk.co\/wp-content\/uploads\/2023\/10\/Harlequin-CBD-flowered-tea-18-CBD.jpg?resize=350%2C200&ssl=1","width":350,"height":200,"srcset":"https:\/\/i0.wp.com\/cbdflowersuk.co\/wp-content\/uploads\/2023\/10\/Harlequin-CBD-flowered-tea-18-CBD.jpg?resize=350%2C200&ssl=1 1x, https:\/\/i0.wp.com\/cbdflowersuk.co\/wp-content\/uploads\/2023\/10\/Harlequin-CBD-flowered-tea-18-CBD.jpg?resize=525%2C300&ssl=1 1.5x, https:\/\/i0.wp.com\/cbdflowersuk.co\/wp-content\/uploads\/2023\/10\/Harlequin-CBD-flowered-tea-18-CBD.jpg?resize=700%2C400&ssl=1 2x, https:\/\/i0.wp.com\/cbdflowersuk.co\/wp-content\/uploads\/2023\/10\/Harlequin-CBD-flowered-tea-18-CBD.jpg?resize=1050%2C600&ssl=1 3x, https:\/\/i0.wp.com\/cbdflowersuk.co\/wp-content\/uploads\/2023\/10\/Harlequin-CBD-flowered-tea-18-CBD.jpg?resize=1400%2C800&ssl=1 4x"},"classes":[]},{"id":9271,"url":"https:\/\/cbdflowersuk.co\/fr\/produit\/the-cbd-purple-punch\/","url_meta":{"origin":9180,"position":1},"title":"Purple punch CBD tea","author":"manager","date":"juillet 8, 2023","format":false,"excerpt":"Bubble gum cbd tea 16%cbd. Under 0.2%thc All our flowers are 100% organic grown in Europe without any fertiliser chemicals or pesticides.","rel":"","context":"Article similaire","block_context":{"text":"Article similaire","link":""},"img":{"alt_text":"Cbd flower tea","src":"https:\/\/i0.wp.com\/cbdflowersuk.co\/wp-content\/uploads\/2023\/07\/Purple-punch-CBD-tea.jpeg?resize=350%2C200&ssl=1","width":350,"height":200,"srcset":"https:\/\/i0.wp.com\/cbdflowersuk.co\/wp-content\/uploads\/2023\/07\/Purple-punch-CBD-tea.jpeg?resize=350%2C200&ssl=1 1x, https:\/\/i0.wp.com\/cbdflowersuk.co\/wp-content\/uploads\/2023\/07\/Purple-punch-CBD-tea.jpeg?resize=525%2C300&ssl=1 1.5x, https:\/\/i0.wp.com\/cbdflowersuk.co\/wp-content\/uploads\/2023\/07\/Purple-punch-CBD-tea.jpeg?resize=700%2C400&ssl=1 2x, https:\/\/i0.wp.com\/cbdflowersuk.co\/wp-content\/uploads\/2023\/07\/Purple-punch-CBD-tea.jpeg?resize=1050%2C600&ssl=1 3x"},"classes":[]},{"id":9263,"url":"https:\/\/cbdflowersuk.co\/fr\/produit\/og-kush-cbd-tea\/","url_meta":{"origin":9180,"position":2},"title":"Og kush hemp tea","author":"manager","date":"juillet 8, 2023","format":false,"excerpt":"Bubble gum cbd tea 17%cbd. Under 0.2%thc All our flowers are 100% organic grown in Europe without any fertiliser chemicals or pesticides.","rel":"","context":"Article similaire","block_context":{"text":"Article similaire","link":""},"img":{"alt_text":"Cbd flower tea","src":"https:\/\/i0.wp.com\/cbdflowersuk.co\/wp-content\/uploads\/2023\/07\/Og-kush-CBD-tea.jpeg?resize=350%2C200&ssl=1","width":350,"height":200,"srcset":"https:\/\/i0.wp.com\/cbdflowersuk.co\/wp-content\/uploads\/2023\/07\/Og-kush-CBD-tea.jpeg?resize=350%2C200&ssl=1 1x, https:\/\/i0.wp.com\/cbdflowersuk.co\/wp-content\/uploads\/2023\/07\/Og-kush-CBD-tea.jpeg?resize=525%2C300&ssl=1 1.5x, https:\/\/i0.wp.com\/cbdflowersuk.co\/wp-content\/uploads\/2023\/07\/Og-kush-CBD-tea.jpeg?resize=700%2C400&ssl=1 2x, https:\/\/i0.wp.com\/cbdflowersuk.co\/wp-content\/uploads\/2023\/07\/Og-kush-CBD-tea.jpeg?resize=1050%2C600&ssl=1 3x"},"classes":[]},{"id":9479,"url":"https:\/\/cbdflowersuk.co\/fr\/produit\/fromage-bleu-cbd-the-fleuri\/","url_meta":{"origin":9180,"position":3},"title":"Buddhas berry hemp tea","author":"manager","date":"octobre 13, 2023","format":false,"excerpt":"Blue cheese CBD flowered tea 12.9%cbd All our flowers are 100% organic grown in Europe without any fertiliser chemicals or pesticides.","rel":"","context":"Article similaire","block_context":{"text":"Article similaire","link":""},"img":{"alt_text":"Cbd flower tea","src":"https:\/\/i0.wp.com\/cbdflowersuk.co\/wp-content\/uploads\/2023\/10\/Blue-cheese-CBD-flowered-tea-12.9cbd.jpg?resize=350%2C200&ssl=1","width":350,"height":200,"srcset":"https:\/\/i0.wp.com\/cbdflowersuk.co\/wp-content\/uploads\/2023\/10\/Blue-cheese-CBD-flowered-tea-12.9cbd.jpg?resize=350%2C200&ssl=1 1x, https:\/\/i0.wp.com\/cbdflowersuk.co\/wp-content\/uploads\/2023\/10\/Blue-cheese-CBD-flowered-tea-12.9cbd.jpg?resize=525%2C300&ssl=1 1.5x, https:\/\/i0.wp.com\/cbdflowersuk.co\/wp-content\/uploads\/2023\/10\/Blue-cheese-CBD-flowered-tea-12.9cbd.jpg?resize=700%2C400&ssl=1 2x, https:\/\/i0.wp.com\/cbdflowersuk.co\/wp-content\/uploads\/2023\/10\/Blue-cheese-CBD-flowered-tea-12.9cbd.jpg?resize=1050%2C600&ssl=1 3x, https:\/\/i0.wp.com\/cbdflowersuk.co\/wp-content\/uploads\/2023\/10\/Blue-cheese-CBD-flowered-tea-12.9cbd.jpg?resize=1400%2C800&ssl=1 4x"},"classes":[]},{"id":9279,"url":"https:\/\/cbdflowersuk.co\/fr\/produit\/stardawg-cbd-tea\/","url_meta":{"origin":9180,"position":4},"title":"Stardawg hemp tea","author":"manager","date":"juillet 8, 2023","format":false,"excerpt":"Bubble gum cbd tea 20%cbd. Under 0.2%thc All our flowers are 100% organic grown in Europe without any fertiliser chemicals or pesticides.","rel":"","context":"Article similaire","block_context":{"text":"Article similaire","link":""},"img":{"alt_text":"","src":"https:\/\/i0.wp.com\/cbdflowersuk.co\/wp-content\/uploads\/2023\/07\/Stardawg-CBD-tea.jpeg?resize=350%2C200&ssl=1","width":350,"height":200,"srcset":"https:\/\/i0.wp.com\/cbdflowersuk.co\/wp-content\/uploads\/2023\/07\/Stardawg-CBD-tea.jpeg?resize=350%2C200&ssl=1 1x, https:\/\/i0.wp.com\/cbdflowersuk.co\/wp-content\/uploads\/2023\/07\/Stardawg-CBD-tea.jpeg?resize=525%2C300&ssl=1 1.5x, https:\/\/i0.wp.com\/cbdflowersuk.co\/wp-content\/uploads\/2023\/07\/Stardawg-CBD-tea.jpeg?resize=700%2C400&ssl=1 2x, https:\/\/i0.wp.com\/cbdflowersuk.co\/wp-content\/uploads\/2023\/07\/Stardawg-CBD-tea.jpeg?resize=1050%2C600&ssl=1 3x"},"classes":[]},{"id":9390,"url":"https:\/\/cbdflowersuk.co\/fr\/produit\/gorrila-glue-cbd-tea\/","url_meta":{"origin":9180,"position":5},"title":"Gorrila glue hemp tea","author":"manager","date":"septembre 19, 2023","format":false,"excerpt":"Bubble gum cbd tea 20%cbd. Under 0.2%thc All our flowers are 100% organic grown in Europe without any fertiliser chemicals or pesticides.","rel":"","context":"Article similaire","block_context":{"text":"Article similaire","link":""},"img":{"alt_text":"Cbd flower tea","src":"https:\/\/i0.wp.com\/cbdflowersuk.co\/wp-content\/uploads\/2023\/09\/Gorrila-glue-CBD-tea.jpg?resize=350%2C200&ssl=1","width":350,"height":200,"srcset":"https:\/\/i0.wp.com\/cbdflowersuk.co\/wp-content\/uploads\/2023\/09\/Gorrila-glue-CBD-tea.jpg?resize=350%2C200&ssl=1 1x, https:\/\/i0.wp.com\/cbdflowersuk.co\/wp-content\/uploads\/2023\/09\/Gorrila-glue-CBD-tea.jpg?resize=525%2C300&ssl=1 1.5x, https:\/\/i0.wp.com\/cbdflowersuk.co\/wp-content\/uploads\/2023\/09\/Gorrila-glue-CBD-tea.jpg?resize=700%2C400&ssl=1 2x, https:\/\/i0.wp.com\/cbdflowersuk.co\/wp-content\/uploads\/2023\/09\/Gorrila-glue-CBD-tea.jpg?resize=1050%2C600&ssl=1 3x, https:\/\/i0.wp.com\/cbdflowersuk.co\/wp-content\/uploads\/2023\/09\/Gorrila-glue-CBD-tea.jpg?resize=1400%2C800&ssl=1 4x"},"classes":[]}],"jetpack_sharing_enabled":true,"_links":{"self":[{"href":"https:\/\/cbdflowersuk.co\/fr\/wp-json\/wp\/v2\/product\/9180","targetHints":{"allow":["GET"]}}],"collection":[{"href":"https:\/\/cbdflowersuk.co\/fr\/wp-json\/wp\/v2\/product"}],"about":[{"href":"https:\/\/cbdflowersuk.co\/fr\/wp-json\/wp\/v2\/types\/product"}],"replies":[{"embeddable":true,"href":"https:\/\/cbdflowersuk.co\/fr\/wp-json\/wp\/v2\/comments?post=9180"}],"wp:featuredmedia":[{"embeddable":true,"href":"https:\/\/cbdflowersuk.co\/fr\/wp-json\/wp\/v2\/media\/9179"}],"wp:attachment":[{"href":"https:\/\/cbdflowersuk.co\/fr\/wp-json\/wp\/v2\/media?parent=9180"}],"wp:term":[{"taxonomy":"product_brand","embeddable":true,"href":"https:\/\/cbdflowersuk.co\/fr\/wp-json\/wp\/v2\/product_brand?post=9180"},{"taxonomy":"product_cat","embeddable":true,"href":"https:\/\/cbdflowersuk.co\/fr\/wp-json\/wp\/v2\/product_cat?post=9180"},{"taxonomy":"product_tag","embeddable":true,"href":"https:\/\/cbdflowersuk.co\/fr\/wp-json\/wp\/v2\/product_tag?post=9180"}],"curies":[{"name":"wp","href":"https:\/\/api.w.org\/{rel}","templated":true}]}}