{"id":9161,"date":"2023-03-27T22:05:33","date_gmt":"2023-03-27T22:05:33","guid":{"rendered":"https:\/\/cbdflowersuk.co\/?post_type=product&#038;p=9161"},"modified":"2026-04-29T06:35:16","modified_gmt":"2026-04-29T06:35:16","slug":"amnesia-cbd-shake-5g","status":"publish","type":"product","link":"https:\/\/cbdflowersuk.co\/fr\/produit\/amnesia-cbd-shake-5g\/","title":{"rendered":"Mixed tea smalls- 28g"},"content":{"rendered":"","protected":false},"excerpt":{"rendered":"<p><span class=\"s2\"><b><span lang=\"EN-GB\"> Toutes nos fleurs sont 100% cultiv\u00e9es biologiquement en Europe sans aucun engrais chimique ni pesticide.<\/span><\/b><\/span><b><\/b><\/p>","protected":false},"featured_media":9163,"comment_status":"open","ping_status":"closed","template":"","meta":[],"product_brand":[],"product_cat":[34],"product_tag":[],"class_list":{"0":"post-9161","1":"product","2":"type-product","3":"status-publish","4":"has-post-thumbnail","6":"product_cat-cbd-flower-tea","8":"first","9":"instock","10":"shipping-taxable","11":"purchasable","12":"product-type-simple"},"jetpack-related-posts":[{"id":8869,"url":"https:\/\/cbdflowersuk.co\/fr\/produit\/mr-nice-cbd-flowered-tea\/","url_meta":{"origin":9161,"position":0},"title":"Mr nice hemp tea","author":"manager","date":"f\u00e9vrier 5, 2023","format":false,"excerpt":"Toutes nos fleurs sont 100% cultiv\u00e9es biologiquement en Europe sans aucun engrais chimique ni pesticide.","rel":"","context":"Article similaire","block_context":{"text":"Article similaire","link":""},"img":{"alt_text":"","src":"https:\/\/i0.wp.com\/cbdflowersuk.co\/wp-content\/uploads\/2023\/02\/Glookies-cbd-flowered-tea.jpg?resize=350%2C200&ssl=1","width":350,"height":200,"srcset":"https:\/\/i0.wp.com\/cbdflowersuk.co\/wp-content\/uploads\/2023\/02\/Glookies-cbd-flowered-tea.jpg?resize=350%2C200&ssl=1 1x, https:\/\/i0.wp.com\/cbdflowersuk.co\/wp-content\/uploads\/2023\/02\/Glookies-cbd-flowered-tea.jpg?resize=525%2C300&ssl=1 1.5x, https:\/\/i0.wp.com\/cbdflowersuk.co\/wp-content\/uploads\/2023\/02\/Glookies-cbd-flowered-tea.jpg?resize=700%2C400&ssl=1 2x"},"classes":[]},{"id":8878,"url":"https:\/\/cbdflowersuk.co\/fr\/produit\/the-de-cbd-aux-fleurs-de-fraises\/","url_meta":{"origin":9161,"position":1},"title":"Th\u00e9 de chanvre \u00e0 la fraise","author":"manager","date":"f\u00e9vrier 5, 2023","format":false,"excerpt":"13.7%cbd. 0.02%thc All our flowers are 100% organic grown in Europe without any fertiliser chemicals or pesticides.","rel":"","context":"Article similaire","block_context":{"text":"Article similaire","link":""},"img":{"alt_text":"","src":"https:\/\/i0.wp.com\/cbdflowersuk.co\/wp-content\/uploads\/2023\/02\/Strawberry-flowered-cbd-tea.jpg?resize=350%2C200&ssl=1","width":350,"height":200,"srcset":"https:\/\/i0.wp.com\/cbdflowersuk.co\/wp-content\/uploads\/2023\/02\/Strawberry-flowered-cbd-tea.jpg?resize=350%2C200&ssl=1 1x, https:\/\/i0.wp.com\/cbdflowersuk.co\/wp-content\/uploads\/2023\/02\/Strawberry-flowered-cbd-tea.jpg?resize=525%2C300&ssl=1 1.5x, https:\/\/i0.wp.com\/cbdflowersuk.co\/wp-content\/uploads\/2023\/02\/Strawberry-flowered-cbd-tea.jpg?resize=700%2C400&ssl=1 2x"},"classes":[]},{"id":8823,"url":"https:\/\/cbdflowersuk.co\/fr\/produit\/amnesia-cbd-tea\/","url_meta":{"origin":9161,"position":2},"title":"Th\u00e9 au chanvre Amnesia","author":"manager","date":"f\u00e9vrier 4, 2023","format":false,"excerpt":"14.1%cbd. 0.02%thc All our flowers are 100% organic grown in Europe without any fertiliser chemicals or pesticides.","rel":"","context":"Article similaire","block_context":{"text":"Article similaire","link":""},"img":{"alt_text":"","src":"https:\/\/i0.wp.com\/cbdflowersuk.co\/wp-content\/uploads\/2023\/02\/Amnesia-cbd-tea.jpg?resize=350%2C200&ssl=1","width":350,"height":200,"srcset":"https:\/\/i0.wp.com\/cbdflowersuk.co\/wp-content\/uploads\/2023\/02\/Amnesia-cbd-tea.jpg?resize=350%2C200&ssl=1 1x, https:\/\/i0.wp.com\/cbdflowersuk.co\/wp-content\/uploads\/2023\/02\/Amnesia-cbd-tea.jpg?resize=525%2C300&ssl=1 1.5x, https:\/\/i0.wp.com\/cbdflowersuk.co\/wp-content\/uploads\/2023\/02\/Amnesia-cbd-tea.jpg?resize=700%2C400&ssl=1 2x"},"classes":[]},{"id":9591,"url":"https:\/\/cbdflowersuk.co\/fr\/produit\/sherblato-cbd-tea\/","url_meta":{"origin":9161,"position":3},"title":"Th\u00e9 au chanvre Sherblato","author":"manager","date":"f\u00e9vrier 22, 2024","format":false,"excerpt":"Moins de 0,2%thc Toutes nos fleurs sont 100% biologiques cultiv\u00e9es en Europe sans engrais chimiques ni pesticides.","rel":"","context":"Article similaire","block_context":{"text":"Article similaire","link":""},"img":{"alt_text":"Cbd flower tea","src":"https:\/\/i0.wp.com\/cbdflowersuk.co\/wp-content\/uploads\/2024\/02\/Sherblato-CBD-tea-20-CBD-0.2thc.jpg?resize=350%2C200&ssl=1","width":350,"height":200,"srcset":"https:\/\/i0.wp.com\/cbdflowersuk.co\/wp-content\/uploads\/2024\/02\/Sherblato-CBD-tea-20-CBD-0.2thc.jpg?resize=350%2C200&ssl=1 1x, https:\/\/i0.wp.com\/cbdflowersuk.co\/wp-content\/uploads\/2024\/02\/Sherblato-CBD-tea-20-CBD-0.2thc.jpg?resize=525%2C300&ssl=1 1.5x, https:\/\/i0.wp.com\/cbdflowersuk.co\/wp-content\/uploads\/2024\/02\/Sherblato-CBD-tea-20-CBD-0.2thc.jpg?resize=700%2C400&ssl=1 2x, https:\/\/i0.wp.com\/cbdflowersuk.co\/wp-content\/uploads\/2024\/02\/Sherblato-CBD-tea-20-CBD-0.2thc.jpg?resize=1050%2C600&ssl=1 3x"},"classes":[]},{"id":8863,"url":"https:\/\/cbdflowersuk.co\/fr\/produit\/gelato-flowered-cbd-tea\/","url_meta":{"origin":9161,"position":4},"title":"Gelato flowered cbd tea","author":"manager","date":"f\u00e9vrier 5, 2023","format":false,"excerpt":"Gelato flowered Cbd tea 17.4% cbd. 0.02% thc. Toutes nos fleurs sont 100% biologiques cultiv\u00e9es en Europe sans aucun engrais chimique ou pesticide. \u00a0","rel":"","context":"Article similaire","block_context":{"text":"Article similaire","link":""},"img":{"alt_text":"","src":"https:\/\/i0.wp.com\/cbdflowersuk.co\/wp-content\/uploads\/2023\/02\/Cookie-kush-cbd-flowered-tea-1.jpg?resize=350%2C200&ssl=1","width":350,"height":200,"srcset":"https:\/\/i0.wp.com\/cbdflowersuk.co\/wp-content\/uploads\/2023\/02\/Cookie-kush-cbd-flowered-tea-1.jpg?resize=350%2C200&ssl=1 1x, https:\/\/i0.wp.com\/cbdflowersuk.co\/wp-content\/uploads\/2023\/02\/Cookie-kush-cbd-flowered-tea-1.jpg?resize=525%2C300&ssl=1 1.5x, https:\/\/i0.wp.com\/cbdflowersuk.co\/wp-content\/uploads\/2023\/02\/Cookie-kush-cbd-flowered-tea-1.jpg?resize=700%2C400&ssl=1 2x"},"classes":[]},{"id":8849,"url":"https:\/\/cbdflowersuk.co\/fr\/produit\/cookie-kush-cbd-flowered-tea\/","url_meta":{"origin":9161,"position":5},"title":"Cookie kush chanvre\nTh\u00e9","author":"manager","date":"f\u00e9vrier 5, 2023","format":false,"excerpt":"15.8%cbd. 0.02% thc All our flowers are 100% organic grown in Europe without any fertiliser chemicals or pesticides.","rel":"","context":"Article similaire","block_context":{"text":"Article similaire","link":""},"img":{"alt_text":"","src":"https:\/\/i0.wp.com\/cbdflowersuk.co\/wp-content\/uploads\/2023\/02\/Cookie-kush-cbd-flowered-tea.jpg?resize=350%2C200&ssl=1","width":350,"height":200,"srcset":"https:\/\/i0.wp.com\/cbdflowersuk.co\/wp-content\/uploads\/2023\/02\/Cookie-kush-cbd-flowered-tea.jpg?resize=350%2C200&ssl=1 1x, https:\/\/i0.wp.com\/cbdflowersuk.co\/wp-content\/uploads\/2023\/02\/Cookie-kush-cbd-flowered-tea.jpg?resize=525%2C300&ssl=1 1.5x, https:\/\/i0.wp.com\/cbdflowersuk.co\/wp-content\/uploads\/2023\/02\/Cookie-kush-cbd-flowered-tea.jpg?resize=700%2C400&ssl=1 2x"},"classes":[]}],"jetpack_sharing_enabled":true,"_links":{"self":[{"href":"https:\/\/cbdflowersuk.co\/fr\/wp-json\/wp\/v2\/product\/9161","targetHints":{"allow":["GET"]}}],"collection":[{"href":"https:\/\/cbdflowersuk.co\/fr\/wp-json\/wp\/v2\/product"}],"about":[{"href":"https:\/\/cbdflowersuk.co\/fr\/wp-json\/wp\/v2\/types\/product"}],"replies":[{"embeddable":true,"href":"https:\/\/cbdflowersuk.co\/fr\/wp-json\/wp\/v2\/comments?post=9161"}],"wp:featuredmedia":[{"embeddable":true,"href":"https:\/\/cbdflowersuk.co\/fr\/wp-json\/wp\/v2\/media\/9163"}],"wp:attachment":[{"href":"https:\/\/cbdflowersuk.co\/fr\/wp-json\/wp\/v2\/media?parent=9161"}],"wp:term":[{"taxonomy":"product_brand","embeddable":true,"href":"https:\/\/cbdflowersuk.co\/fr\/wp-json\/wp\/v2\/product_brand?post=9161"},{"taxonomy":"product_cat","embeddable":true,"href":"https:\/\/cbdflowersuk.co\/fr\/wp-json\/wp\/v2\/product_cat?post=9161"},{"taxonomy":"product_tag","embeddable":true,"href":"https:\/\/cbdflowersuk.co\/fr\/wp-json\/wp\/v2\/product_tag?post=9161"}],"curies":[{"name":"wp","href":"https:\/\/api.w.org\/{rel}","templated":true}]}}