{"id":8893,"date":"2023-02-05T09:21:04","date_gmt":"2023-02-05T09:21:04","guid":{"rendered":"https:\/\/cbdflowersuk.co\/?post_type=product&#038;p=8893"},"modified":"2026-03-03T22:14:59","modified_gmt":"2026-03-03T22:14:59","slug":"la-confidential-cbd-flowered-tea","status":"publish","type":"product","link":"https:\/\/cbdflowersuk.co\/fr\/produit\/la-confidential-cbd-flowered-tea\/","title":{"rendered":"Th\u00e9 au chanvre en forme de c\u00f4ne de neige"},"content":{"rendered":"","protected":false},"excerpt":{"rendered":"<p class=\"p1\"><span class=\"s2\"><span lang=\"EN-GB\"><b>Snow cone hemp tea 16cbd. 0,02% thc<br \/>\nTous nos th\u00e9s de fleurs de cbd sont cultiv\u00e9s de mani\u00e8re biologique sans utiliser de produits chimiques ni de pesticides.<\/b><\/span><\/span><\/p>\n<p class=\"p1\"><span class=\"s2\"><span lang=\"EN-GB\"><b>&nbsp;<\/b><\/span><\/span><\/p>","protected":false},"featured_media":11779,"comment_status":"open","ping_status":"closed","template":"","meta":[],"product_brand":[],"product_cat":[34],"product_tag":[],"class_list":{"0":"post-8893","1":"product","2":"type-product","3":"status-publish","4":"has-post-thumbnail","6":"product_cat-cbd-flower-tea","8":"first","9":"instock","10":"shipping-taxable","11":"purchasable","12":"product-type-variable"},"jetpack-related-posts":[{"id":8886,"url":"https:\/\/cbdflowersuk.co\/fr\/produit\/sherlato-flower-cbd-tea\/","url_meta":{"origin":8893,"position":0},"title":"El chapo hemp tea","author":"manager","date":"f\u00e9vrier 5, 2023","format":false,"excerpt":"13.6% cbd 0.02% thc All our flowers are 100% organic grown in Europe without any fertiliser chemicals or pesticides. \u00a0","rel":"","context":"Avec 1 commentaire","block_context":{"text":"Avec 1 commentaire","link":"https:\/\/cbdflowersuk.co\/fr\/produit\/sherlato-flower-cbd-tea\/#comments"},"img":{"alt_text":"","src":"https:\/\/i0.wp.com\/cbdflowersuk.co\/wp-content\/uploads\/2023\/02\/img_6381.jpeg?resize=350%2C200&ssl=1","width":350,"height":200,"srcset":"https:\/\/i0.wp.com\/cbdflowersuk.co\/wp-content\/uploads\/2023\/02\/img_6381.jpeg?resize=350%2C200&ssl=1 1x, https:\/\/i0.wp.com\/cbdflowersuk.co\/wp-content\/uploads\/2023\/02\/img_6381.jpeg?resize=525%2C300&ssl=1 1.5x, https:\/\/i0.wp.com\/cbdflowersuk.co\/wp-content\/uploads\/2023\/02\/img_6381.jpeg?resize=700%2C400&ssl=1 2x, https:\/\/i0.wp.com\/cbdflowersuk.co\/wp-content\/uploads\/2023\/02\/img_6381.jpeg?resize=1050%2C600&ssl=1 3x"},"classes":[]},{"id":11665,"url":"https:\/\/cbdflowersuk.co\/fr\/produit\/the-au-cbd-chiquita-banana\/","url_meta":{"origin":8893,"position":1},"title":"Skittlez Hemp Tea:","author":"manager","date":"juillet 5, 2024","format":false,"excerpt":"18% CBD Under 0.2%thc All our flowers are 100% organic grown in Europe without any fertiliser chemicals or pesticides.","rel":"","context":"Article similaire","block_context":{"text":"Article similaire","link":""},"img":{"alt_text":"","src":"https:\/\/i0.wp.com\/cbdflowersuk.co\/wp-content\/uploads\/2024\/07\/img_6375.jpeg?resize=350%2C200&ssl=1","width":350,"height":200,"srcset":"https:\/\/i0.wp.com\/cbdflowersuk.co\/wp-content\/uploads\/2024\/07\/img_6375.jpeg?resize=350%2C200&ssl=1 1x, https:\/\/i0.wp.com\/cbdflowersuk.co\/wp-content\/uploads\/2024\/07\/img_6375.jpeg?resize=525%2C300&ssl=1 1.5x, https:\/\/i0.wp.com\/cbdflowersuk.co\/wp-content\/uploads\/2024\/07\/img_6375.jpeg?resize=700%2C400&ssl=1 2x, https:\/\/i0.wp.com\/cbdflowersuk.co\/wp-content\/uploads\/2024\/07\/img_6375.jpeg?resize=1050%2C600&ssl=1 3x"},"classes":[]},{"id":8878,"url":"https:\/\/cbdflowersuk.co\/fr\/produit\/the-de-cbd-aux-fleurs-de-fraises\/","url_meta":{"origin":8893,"position":2},"title":"Strawberry hemp tea","author":"manager","date":"f\u00e9vrier 5, 2023","format":false,"excerpt":"13.7%cbd. 0.02%thc All our flowers are 100% organic grown in Europe without any fertiliser chemicals or pesticides.","rel":"","context":"Article similaire","block_context":{"text":"Article similaire","link":""},"img":{"alt_text":"","src":"https:\/\/i0.wp.com\/cbdflowersuk.co\/wp-content\/uploads\/2023\/02\/Strawberry-flowered-cbd-tea.jpg?resize=350%2C200&ssl=1","width":350,"height":200,"srcset":"https:\/\/i0.wp.com\/cbdflowersuk.co\/wp-content\/uploads\/2023\/02\/Strawberry-flowered-cbd-tea.jpg?resize=350%2C200&ssl=1 1x, https:\/\/i0.wp.com\/cbdflowersuk.co\/wp-content\/uploads\/2023\/02\/Strawberry-flowered-cbd-tea.jpg?resize=525%2C300&ssl=1 1.5x, https:\/\/i0.wp.com\/cbdflowersuk.co\/wp-content\/uploads\/2023\/02\/Strawberry-flowered-cbd-tea.jpg?resize=700%2C400&ssl=1 2x"},"classes":[]},{"id":8823,"url":"https:\/\/cbdflowersuk.co\/fr\/produit\/amnesia-cbd-tea\/","url_meta":{"origin":8893,"position":3},"title":"Amnesia hemp tea","author":"manager","date":"f\u00e9vrier 4, 2023","format":false,"excerpt":"14.1%cbd. 0.02%thc All our flowers are 100% organic grown in Europe without any fertiliser chemicals or pesticides.","rel":"","context":"Article similaire","block_context":{"text":"Article similaire","link":""},"img":{"alt_text":"","src":"https:\/\/i0.wp.com\/cbdflowersuk.co\/wp-content\/uploads\/2023\/02\/Amnesia-cbd-tea.jpg?resize=350%2C200&ssl=1","width":350,"height":200,"srcset":"https:\/\/i0.wp.com\/cbdflowersuk.co\/wp-content\/uploads\/2023\/02\/Amnesia-cbd-tea.jpg?resize=350%2C200&ssl=1 1x, https:\/\/i0.wp.com\/cbdflowersuk.co\/wp-content\/uploads\/2023\/02\/Amnesia-cbd-tea.jpg?resize=525%2C300&ssl=1 1.5x, https:\/\/i0.wp.com\/cbdflowersuk.co\/wp-content\/uploads\/2023\/02\/Amnesia-cbd-tea.jpg?resize=700%2C400&ssl=1 2x"},"classes":[]},{"id":8849,"url":"https:\/\/cbdflowersuk.co\/fr\/produit\/cookie-kush-cbd-flowered-tea\/","url_meta":{"origin":8893,"position":4},"title":"Cookie kush hemp\nTea","author":"manager","date":"f\u00e9vrier 5, 2023","format":false,"excerpt":"15.8%cbd. 0.02% thc All our flowers are 100% organic grown in Europe without any fertiliser chemicals or pesticides.","rel":"","context":"Article similaire","block_context":{"text":"Article similaire","link":""},"img":{"alt_text":"","src":"https:\/\/i0.wp.com\/cbdflowersuk.co\/wp-content\/uploads\/2023\/02\/Cookie-kush-cbd-flowered-tea.jpg?resize=350%2C200&ssl=1","width":350,"height":200,"srcset":"https:\/\/i0.wp.com\/cbdflowersuk.co\/wp-content\/uploads\/2023\/02\/Cookie-kush-cbd-flowered-tea.jpg?resize=350%2C200&ssl=1 1x, https:\/\/i0.wp.com\/cbdflowersuk.co\/wp-content\/uploads\/2023\/02\/Cookie-kush-cbd-flowered-tea.jpg?resize=525%2C300&ssl=1 1.5x, https:\/\/i0.wp.com\/cbdflowersuk.co\/wp-content\/uploads\/2023\/02\/Cookie-kush-cbd-flowered-tea.jpg?resize=700%2C400&ssl=1 2x"},"classes":[]},{"id":8856,"url":"https:\/\/cbdflowersuk.co\/fr\/produit\/dosi-dos-cbd-flowered-tea\/","url_meta":{"origin":8893,"position":5},"title":"Dosi dos hemp tea","author":"manager","date":"f\u00e9vrier 5, 2023","format":false,"excerpt":"14.6% cbd 0.02% thc All our flowers are 100% organic grown in Europe without any fertiliser chemicals or pesticides.","rel":"","context":"Article similaire","block_context":{"text":"Article similaire","link":""},"img":{"alt_text":"","src":"https:\/\/i0.wp.com\/cbdflowersuk.co\/wp-content\/uploads\/2023\/02\/Dosi-dos-cbd-flowered-tea.jpg?resize=350%2C200&ssl=1","width":350,"height":200,"srcset":"https:\/\/i0.wp.com\/cbdflowersuk.co\/wp-content\/uploads\/2023\/02\/Dosi-dos-cbd-flowered-tea.jpg?resize=350%2C200&ssl=1 1x, https:\/\/i0.wp.com\/cbdflowersuk.co\/wp-content\/uploads\/2023\/02\/Dosi-dos-cbd-flowered-tea.jpg?resize=525%2C300&ssl=1 1.5x, https:\/\/i0.wp.com\/cbdflowersuk.co\/wp-content\/uploads\/2023\/02\/Dosi-dos-cbd-flowered-tea.jpg?resize=700%2C400&ssl=1 2x"},"classes":[]}],"jetpack_sharing_enabled":true,"_links":{"self":[{"href":"https:\/\/cbdflowersuk.co\/fr\/wp-json\/wp\/v2\/product\/8893","targetHints":{"allow":["GET"]}}],"collection":[{"href":"https:\/\/cbdflowersuk.co\/fr\/wp-json\/wp\/v2\/product"}],"about":[{"href":"https:\/\/cbdflowersuk.co\/fr\/wp-json\/wp\/v2\/types\/product"}],"replies":[{"embeddable":true,"href":"https:\/\/cbdflowersuk.co\/fr\/wp-json\/wp\/v2\/comments?post=8893"}],"wp:featuredmedia":[{"embeddable":true,"href":"https:\/\/cbdflowersuk.co\/fr\/wp-json\/wp\/v2\/media\/11779"}],"wp:attachment":[{"href":"https:\/\/cbdflowersuk.co\/fr\/wp-json\/wp\/v2\/media?parent=8893"}],"wp:term":[{"taxonomy":"product_brand","embeddable":true,"href":"https:\/\/cbdflowersuk.co\/fr\/wp-json\/wp\/v2\/product_brand?post=8893"},{"taxonomy":"product_cat","embeddable":true,"href":"https:\/\/cbdflowersuk.co\/fr\/wp-json\/wp\/v2\/product_cat?post=8893"},{"taxonomy":"product_tag","embeddable":true,"href":"https:\/\/cbdflowersuk.co\/fr\/wp-json\/wp\/v2\/product_tag?post=8893"}],"curies":[{"name":"wp","href":"https:\/\/api.w.org\/{rel}","templated":true}]}}