{"id":8394,"date":"2022-08-11T12:41:27","date_gmt":"2022-08-11T12:41:27","guid":{"rendered":"http:\/\/cbdflowersuk.co\/?post_type=product&#038;p=8394"},"modified":"2026-04-07T09:12:01","modified_gmt":"2026-04-07T09:12:01","slug":"full-spectrum-20-cbd-oil","status":"publish","type":"product","link":"https:\/\/cbdflowersuk.co\/fr\/produit\/full-spectrum-20-cbd-oil\/","title":{"rendered":"Full spectrum 20% 30ml achetez 2 obtenez 1 gratuit"},"content":{"rendered":"<p>20% Huile de CBD \u00e0 spectre complet avec huile MCT - Bouteille compte-gouttes de 30ml**.<\/p>\n<p>Notre huile de CBD \u00e0 spectre complet 20% est un m\u00e9lange puissant, parfait pour ceux qui recherchent une solution naturelle et efficace pour soutenir le bien-\u00eatre g\u00e9n\u00e9ral. Avec 6000 mg de CBD \u00e0 spectre complet dans chaque flacon de 30 ml, cette formule contient une gamme compl\u00e8te de cannabino\u00efdes, terp\u00e8nes et flavono\u00efdes b\u00e9n\u00e9fiques, qui travaillent ensemble pour produire un \"effet d'entourage\".<\/p>\n<p>Le CBD est en suspension dans de l'huile MCT (Medium-Chain Triglyceride) de haute qualit\u00e9 d\u00e9riv\u00e9e de la noix de coco, qui am\u00e9liore l'absorption et donne un go\u00fbt doux et velout\u00e9. L'huile MCT est connue pour sa biodisponibilit\u00e9 rapide, garantissant que le corps absorbe rapidement le CBD pour une efficacit\u00e9 maximale.<\/p>\n<p>Cette huile est id\u00e9ale pour ceux qui cherchent \u00e0 g\u00e9rer le stress, \u00e0 favoriser la relaxation et \u00e0 soutenir la r\u00e9cup\u00e9ration, tout en b\u00e9n\u00e9ficiant des propri\u00e9t\u00e9s holistiques de la plante de chanvre. Le flacon compte-gouttes de 30 ml est parfait pour un usage quotidien, offrant une exp\u00e9rience coh\u00e9rente et fiable.<\/p>","protected":false},"excerpt":{"rendered":"<p><strong>Dosage<\/strong> 5-10 gouttes par jour, 2 \u00e0 3 fois par jour. Ne pas d\u00e9passer la dose indiqu\u00e9e<\/p>","protected":false},"featured_media":8776,"comment_status":"open","ping_status":"closed","template":"","meta":[],"product_brand":[],"product_cat":[37],"product_tag":[],"class_list":{"0":"post-8394","1":"product","2":"type-product","3":"status-publish","4":"has-post-thumbnail","6":"product_cat-cbd-oil","8":"first","9":"instock","10":"shipping-taxable","11":"purchasable","12":"product-type-simple"},"jetpack-related-posts":[{"id":9390,"url":"https:\/\/cbdflowersuk.co\/fr\/produit\/gorrila-glue-cbd-tea\/","url_meta":{"origin":8394,"position":0},"title":"Gorrila glue th\u00e9 de chanvre","author":"manager","date":"septembre 19, 2023","format":false,"excerpt":"Bubble gum cbd tea 20%cbd. Under 0.2%thc All our flowers are 100% organic grown in Europe without any fertiliser chemicals or pesticides.","rel":"","context":"Article similaire","block_context":{"text":"Article similaire","link":""},"img":{"alt_text":"Cbd flower tea","src":"https:\/\/i0.wp.com\/cbdflowersuk.co\/wp-content\/uploads\/2023\/09\/Gorrila-glue-CBD-tea.jpg?resize=350%2C200&ssl=1","width":350,"height":200,"srcset":"https:\/\/i0.wp.com\/cbdflowersuk.co\/wp-content\/uploads\/2023\/09\/Gorrila-glue-CBD-tea.jpg?resize=350%2C200&ssl=1 1x, https:\/\/i0.wp.com\/cbdflowersuk.co\/wp-content\/uploads\/2023\/09\/Gorrila-glue-CBD-tea.jpg?resize=525%2C300&ssl=1 1.5x, https:\/\/i0.wp.com\/cbdflowersuk.co\/wp-content\/uploads\/2023\/09\/Gorrila-glue-CBD-tea.jpg?resize=700%2C400&ssl=1 2x, https:\/\/i0.wp.com\/cbdflowersuk.co\/wp-content\/uploads\/2023\/09\/Gorrila-glue-CBD-tea.jpg?resize=1050%2C600&ssl=1 3x, https:\/\/i0.wp.com\/cbdflowersuk.co\/wp-content\/uploads\/2023\/09\/Gorrila-glue-CBD-tea.jpg?resize=1400%2C800&ssl=1 4x"},"classes":[]},{"id":9799,"url":"https:\/\/cbdflowersuk.co\/fr\/produit\/nepal-cream-cbd-hash\/","url_meta":{"origin":8394,"position":1},"title":"Tamis sec pour chocolat","author":"manager","date":"mai 8, 2024","format":false,"excerpt":"Choco CBD hash 20%CBD under 0.2% thc All our flowers are 100% organic grown in Europe without any fertiliser chemicals or pesticides. \u00a0","rel":"","context":"Article similaire","block_context":{"text":"Article similaire","link":""},"img":{"alt_text":"","src":"https:\/\/i0.wp.com\/cbdflowersuk.co\/wp-content\/uploads\/2024\/11\/img_5287.jpeg?resize=350%2C200&ssl=1","width":350,"height":200,"srcset":"https:\/\/i0.wp.com\/cbdflowersuk.co\/wp-content\/uploads\/2024\/11\/img_5287.jpeg?resize=350%2C200&ssl=1 1x, https:\/\/i0.wp.com\/cbdflowersuk.co\/wp-content\/uploads\/2024\/11\/img_5287.jpeg?resize=525%2C300&ssl=1 1.5x, https:\/\/i0.wp.com\/cbdflowersuk.co\/wp-content\/uploads\/2024\/11\/img_5287.jpeg?resize=700%2C400&ssl=1 2x, https:\/\/i0.wp.com\/cbdflowersuk.co\/wp-content\/uploads\/2024\/11\/img_5287.jpeg?resize=1050%2C600&ssl=1 3x"},"classes":[]},{"id":9279,"url":"https:\/\/cbdflowersuk.co\/fr\/produit\/stardawg-cbd-tea\/","url_meta":{"origin":8394,"position":2},"title":"Th\u00e9 au chanvre Stardawg","author":"manager","date":"juillet 8, 2023","format":false,"excerpt":"Bubble gum cbd tea 20%cbd. Under 0.2%thc All our flowers are 100% organic grown in Europe without any fertiliser chemicals or pesticides.","rel":"","context":"Article similaire","block_context":{"text":"Article similaire","link":""},"img":{"alt_text":"","src":"https:\/\/i0.wp.com\/cbdflowersuk.co\/wp-content\/uploads\/2023\/07\/Stardawg-CBD-tea.jpeg?resize=350%2C200&ssl=1","width":350,"height":200,"srcset":"https:\/\/i0.wp.com\/cbdflowersuk.co\/wp-content\/uploads\/2023\/07\/Stardawg-CBD-tea.jpeg?resize=350%2C200&ssl=1 1x, https:\/\/i0.wp.com\/cbdflowersuk.co\/wp-content\/uploads\/2023\/07\/Stardawg-CBD-tea.jpeg?resize=525%2C300&ssl=1 1.5x, https:\/\/i0.wp.com\/cbdflowersuk.co\/wp-content\/uploads\/2023\/07\/Stardawg-CBD-tea.jpeg?resize=700%2C400&ssl=1 2x, https:\/\/i0.wp.com\/cbdflowersuk.co\/wp-content\/uploads\/2023\/07\/Stardawg-CBD-tea.jpeg?resize=1050%2C600&ssl=1 3x"},"classes":[]},{"id":11665,"url":"https:\/\/cbdflowersuk.co\/fr\/produit\/the-au-cbd-chiquita-banana\/","url_meta":{"origin":8394,"position":3},"title":"Th\u00e9 au chanvre Skittlez :","author":"manager","date":"juillet 5, 2024","format":false,"excerpt":"18% CBD Under 0.2%thc All our flowers are 100% organic grown in Europe without any fertiliser chemicals or pesticides.","rel":"","context":"Article similaire","block_context":{"text":"Article similaire","link":""},"img":{"alt_text":"","src":"https:\/\/i0.wp.com\/cbdflowersuk.co\/wp-content\/uploads\/2024\/07\/img_6375.jpeg?resize=350%2C200&ssl=1","width":350,"height":200,"srcset":"https:\/\/i0.wp.com\/cbdflowersuk.co\/wp-content\/uploads\/2024\/07\/img_6375.jpeg?resize=350%2C200&ssl=1 1x, https:\/\/i0.wp.com\/cbdflowersuk.co\/wp-content\/uploads\/2024\/07\/img_6375.jpeg?resize=525%2C300&ssl=1 1.5x, https:\/\/i0.wp.com\/cbdflowersuk.co\/wp-content\/uploads\/2024\/07\/img_6375.jpeg?resize=700%2C400&ssl=1 2x, https:\/\/i0.wp.com\/cbdflowersuk.co\/wp-content\/uploads\/2024\/07\/img_6375.jpeg?resize=1050%2C600&ssl=1 3x"},"classes":[]},{"id":9090,"url":"https:\/\/cbdflowersuk.co\/fr\/produit\/cbd-moonrocks-56-2-cbd-0-02-thc\/","url_meta":{"origin":8394,"position":4},"title":"Cbd Moonrocks","author":"cbdflowersuk","date":"f\u00e9vrier 15, 2023","format":false,"excerpt":"Moonrocks 56.2% cbd sous 0.02% thc","rel":"","context":"Article similaire","block_context":{"text":"Article similaire","link":""},"img":{"alt_text":"Cbd Moonrocks","src":"https:\/\/i0.wp.com\/cbdflowersuk.co\/wp-content\/uploads\/2023\/02\/Cbd-Moonrocks.jpeg?resize=350%2C200&ssl=1","width":350,"height":200,"srcset":"https:\/\/i0.wp.com\/cbdflowersuk.co\/wp-content\/uploads\/2023\/02\/Cbd-Moonrocks.jpeg?resize=350%2C200&ssl=1 1x, https:\/\/i0.wp.com\/cbdflowersuk.co\/wp-content\/uploads\/2023\/02\/Cbd-Moonrocks.jpeg?resize=525%2C300&ssl=1 1.5x"},"classes":[]},{"id":11660,"url":"https:\/\/cbdflowersuk.co\/fr\/produit\/nepal-cream-cbd-hash\/","url_meta":{"origin":8394,"position":5},"title":"Tamiser \u00e0 sec le CBD","author":"manager","date":"juillet 5, 2024","format":false,"excerpt":"Dry sift CBD Hash 6.7% CBD under 0.2% THC Experience pure relief with dry sift CBD hash, containing 21% CBD and less than 0.2% THC. Our flowers are organically grown in Europe, free from fertilizers, chemicals, or pesticides. \u00a0","rel":"","context":"Article similaire","block_context":{"text":"Article similaire","link":""},"img":{"alt_text":"","src":"https:\/\/i0.wp.com\/cbdflowersuk.co\/wp-content\/uploads\/2024\/09\/img_4696.jpeg?resize=350%2C200&ssl=1","width":350,"height":200,"srcset":"https:\/\/i0.wp.com\/cbdflowersuk.co\/wp-content\/uploads\/2024\/09\/img_4696.jpeg?resize=350%2C200&ssl=1 1x, https:\/\/i0.wp.com\/cbdflowersuk.co\/wp-content\/uploads\/2024\/09\/img_4696.jpeg?resize=525%2C300&ssl=1 1.5x, https:\/\/i0.wp.com\/cbdflowersuk.co\/wp-content\/uploads\/2024\/09\/img_4696.jpeg?resize=700%2C400&ssl=1 2x, https:\/\/i0.wp.com\/cbdflowersuk.co\/wp-content\/uploads\/2024\/09\/img_4696.jpeg?resize=1050%2C600&ssl=1 3x"},"classes":[]}],"jetpack_sharing_enabled":true,"_links":{"self":[{"href":"https:\/\/cbdflowersuk.co\/fr\/wp-json\/wp\/v2\/product\/8394","targetHints":{"allow":["GET"]}}],"collection":[{"href":"https:\/\/cbdflowersuk.co\/fr\/wp-json\/wp\/v2\/product"}],"about":[{"href":"https:\/\/cbdflowersuk.co\/fr\/wp-json\/wp\/v2\/types\/product"}],"replies":[{"embeddable":true,"href":"https:\/\/cbdflowersuk.co\/fr\/wp-json\/wp\/v2\/comments?post=8394"}],"wp:featuredmedia":[{"embeddable":true,"href":"https:\/\/cbdflowersuk.co\/fr\/wp-json\/wp\/v2\/media\/8776"}],"wp:attachment":[{"href":"https:\/\/cbdflowersuk.co\/fr\/wp-json\/wp\/v2\/media?parent=8394"}],"wp:term":[{"taxonomy":"product_brand","embeddable":true,"href":"https:\/\/cbdflowersuk.co\/fr\/wp-json\/wp\/v2\/product_brand?post=8394"},{"taxonomy":"product_cat","embeddable":true,"href":"https:\/\/cbdflowersuk.co\/fr\/wp-json\/wp\/v2\/product_cat?post=8394"},{"taxonomy":"product_tag","embeddable":true,"href":"https:\/\/cbdflowersuk.co\/fr\/wp-json\/wp\/v2\/product_tag?post=8394"}],"curies":[{"name":"wp","href":"https:\/\/api.w.org\/{rel}","templated":true}]}}