{"id":8762,"date":"2023-02-02T14:07:25","date_gmt":"2023-02-02T14:07:25","guid":{"rendered":"http:\/\/cbdflowersuk.co\/?page_id=8762"},"modified":"2023-02-15T10:36:55","modified_gmt":"2023-02-15T10:36:55","slug":"fda-disclaimer","status":"publish","type":"page","link":"https:\/\/cbdflowersuk.co\/fr\/clause-de-non-responsabilite-de-la-fda-2\/","title":{"rendered":"Avis de non-responsabilit\u00e9 de la FDA"},"content":{"rendered":"<div id=\"page-header-1992020634\" class=\"page-header-wrapper\">\n  <div class=\"page-title dark featured-title\">\n\n    \n    <div class=\"page-title-inner container align-center flex-row medium-flex-wrap\" >\n              <div class=\"title-wrapper flex-col text-left medium-text-center\">\n          <h1 class=\"entry-title mb-0\">\n            Avis de non-responsabilit\u00e9 de la FDA          <\/h1>\n        <\/div>\n                    <div class=\"title-content flex-col flex-right text-right medium-text-center\">\n        <div class=\"title-breadcrumbs pb-half pt-half\"><nav class=\"woocommerce-breadcrumb breadcrumbs uppercase\" data-no-translation=\"\" data-trp-gettext=\"\">Accueil<\/nav><\/div>      <\/div>\n    <\/div>\n\n       <\/div>\n    <\/div>\n  \n\n\t<div id=\"gap-1533961150\" class=\"gap-element clearfix\" style=\"display:block; height:auto;\">\n\t\t\n<style>\n#gap-1533961150 {\n  padding-top: 50px;\n}\n<\/style>\n\t<\/div>\n\t\n\n<div class=\"row\"  id=\"row-1883509441\">\n\n\n\t<div id=\"col-204616864\" class=\"col small-12 large-12\"  >\n\t\t\t\t<div class=\"col-inner\"  >\n\t\t\t\n\t\t\t\n\n<div class=\"wpb_text_column wpb_content_element\">\n<div class=\"wpb_wrapper\">\n<h2>DIVULGATION PAR L'ADMINISTRATION DES DENR\u00c9ES ALIMENTAIRES ET DES M\u00c9DICAMENTS (FDA)<\/h2>\n<p>Les d\u00e9clarations concernant ces produits n'ont pas \u00e9t\u00e9 \u00e9valu\u00e9es par la Food and Drug Administration. L'efficacit\u00e9 de ces produits n'a pas \u00e9t\u00e9 confirm\u00e9e par des recherches approuv\u00e9es par la FDA. Ces produits ne sont pas destin\u00e9s \u00e0 diagnostiquer, traiter, gu\u00e9rir ou pr\u00e9venir une quelconque maladie. Toutes les informations pr\u00e9sent\u00e9es ici ne sont pas destin\u00e9es \u00e0 remplacer ou \u00e0 se substituer aux informations fournies par les professionnels de la sant\u00e9. Veuillez consulter votre professionnel de la sant\u00e9 au sujet des interactions potentielles ou d'autres complications \u00e9ventuelles avant d'utiliser un produit. La loi f\u00e9d\u00e9rale sur les aliments, les m\u00e9dicaments et les cosm\u00e9tiques (Federal Food, Drug and Cosmetic Act) exige cette notice.<\/p>\n<p><strong>Ces produits ne sont pas destin\u00e9s \u00e0 \u00eatre utilis\u00e9s ou vendus \u00e0 des personnes \u00e2g\u00e9es de moins de 18 ans.<\/strong><\/p>\n<\/div>\n<\/div>\n\n\t\t<\/div>\n\t\t\t\t\t<\/div>\n\n\t\n\n<\/div>","protected":false},"excerpt":{"rendered":"","protected":false},"author":1,"featured_media":0,"parent":0,"menu_order":0,"comment_status":"closed","ping_status":"closed","template":"page-blank.php","meta":{"footnotes":""},"class_list":["post-8762","page","type-page","status-publish","hentry"],"jetpack-related-posts":[{"id":79,"url":"https:\/\/cbdflowersuk.co\/fr\/faq-2\/","url_meta":{"origin":8762,"position":0},"title":"FAQ","author":"manager","date":"juin 11, 2022","format":false,"excerpt":"","rel":"","context":"Article similaire","block_context":{"text":"Article similaire","link":""},"img":{"alt_text":"","src":"","width":0,"height":0},"classes":[]},{"id":84,"url":"https:\/\/cbdflowersuk.co\/fr\/a-propos-de-2\/","url_meta":{"origin":8762,"position":1},"title":"About","author":"manager","date":"mai 11, 2022","format":false,"excerpt":"","rel":"","context":"Article similaire","block_context":{"text":"Article similaire","link":""},"img":{"alt_text":"","src":"https:\/\/i0.wp.com\/cbdflowersuk.co\/wp-content\/uploads\/2016\/08\/dummy-1.jpg?resize=350%2C200&ssl=1","width":350,"height":200},"classes":[]},{"id":82,"url":"https:\/\/cbdflowersuk.co\/fr\/contact-2\/","url_meta":{"origin":8762,"position":2},"title":"Contact","author":"manager","date":"juin 11, 2022","format":false,"excerpt":"","rel":"","context":"Article similaire","block_context":{"text":"Article similaire","link":""},"img":{"alt_text":"","src":"https:\/\/i0.wp.com\/cbdflowersuk.co\/wp-content\/uploads\/2016\/08\/dummy-1.jpg?resize=350%2C200&ssl=1","width":350,"height":200},"classes":[]},{"id":92,"url":"https:\/\/cbdflowersuk.co\/fr\/","url_meta":{"origin":8762,"position":3},"title":"The CBD Flower Shop | Buy CBD Flowers Online","author":"manager","date":"juin 6, 2022","format":false,"excerpt":"","rel":"","context":"Article similaire","block_context":{"text":"Article similaire","link":""},"img":{"alt_text":"","src":"https:\/\/i0.wp.com\/cbdflowersuk.co\/wp-content\/uploads\/2016\/08\/dummy-1.jpg?resize=350%2C200&ssl=1","width":350,"height":200},"classes":[]},{"id":9034,"url":"https:\/\/cbdflowersuk.co\/fr\/cbd-lab-test-2\/","url_meta":{"origin":8762,"position":4},"title":"Cbd Lab Test","author":"manager","date":"f\u00e9vrier 15, 2023","format":false,"excerpt":"","rel":"","context":"Article similaire","block_context":{"text":"Article similaire","link":""},"img":{"alt_text":"","src":"","width":0,"height":0},"classes":[]},{"id":13,"url":"https:\/\/cbdflowersuk.co\/fr\/remboursements-2\/","url_meta":{"origin":8762,"position":5},"title":"Refund and Returns Policy","author":"manager","date":"juin 13, 2022","format":false,"excerpt":"","rel":"","context":"Article similaire","block_context":{"text":"Article similaire","link":""},"img":{"alt_text":"","src":"","width":0,"height":0},"classes":[]}],"jetpack_sharing_enabled":true,"_links":{"self":[{"href":"https:\/\/cbdflowersuk.co\/fr\/wp-json\/wp\/v2\/pages\/8762","targetHints":{"allow":["GET"]}}],"collection":[{"href":"https:\/\/cbdflowersuk.co\/fr\/wp-json\/wp\/v2\/pages"}],"about":[{"href":"https:\/\/cbdflowersuk.co\/fr\/wp-json\/wp\/v2\/types\/page"}],"author":[{"embeddable":true,"href":"https:\/\/cbdflowersuk.co\/fr\/wp-json\/wp\/v2\/users\/1"}],"replies":[{"embeddable":true,"href":"https:\/\/cbdflowersuk.co\/fr\/wp-json\/wp\/v2\/comments?post=8762"}],"version-history":[{"count":0,"href":"https:\/\/cbdflowersuk.co\/fr\/wp-json\/wp\/v2\/pages\/8762\/revisions"}],"wp:attachment":[{"href":"https:\/\/cbdflowersuk.co\/fr\/wp-json\/wp\/v2\/media?parent=8762"}],"curies":[{"name":"wp","href":"https:\/\/api.w.org\/{rel}","templated":true}]}}