{"id":79,"date":"2022-06-11T20:13:42","date_gmt":"2022-06-11T20:13:42","guid":{"rendered":"http:\/\/localhost:8888\/test\/?page_id=545"},"modified":"2024-04-27T11:39:51","modified_gmt":"2024-04-27T11:39:51","slug":"faq","status":"publish","type":"page","link":"https:\/\/cbdflowersuk.co\/fr\/faq-2\/","title":{"rendered":"FAQ"},"content":{"rendered":"<div id=\"page-header-109904681\" class=\"page-header-wrapper\">\n  <div class=\"page-title dark featured-title\">\n\n    \n    <div class=\"page-title-inner container align-center flex-row medium-flex-wrap\" >\n              <div class=\"title-wrapper flex-col text-left medium-text-center\">\n          <h1 class=\"entry-title mb-0\">\n            FAQ          <\/h1>\n        <\/div>\n                    <div class=\"title-content flex-col flex-right text-right medium-text-center\">\n        <div class=\"title-breadcrumbs pb-half pt-half\"><nav class=\"woocommerce-breadcrumb breadcrumbs uppercase\" data-no-translation=\"\" data-trp-gettext=\"\">Accueil<\/nav><\/div>      <\/div>\n    <\/div>\n\n       <\/div>\n    <\/div>\n  \n\n\t<section class=\"section\" id=\"section_1386478358\">\n\t\t<div class=\"bg section-bg fill bg-fill bg-loaded bg-loaded\" >\n\n\t\t\t\n\t\t\t\n\t\t\t\n\n\t\t<\/div>\n\n\t\t\n\n\t\t<div class=\"section-content relative\">\n\t\t\t\n\n<div class=\"row align-center\"  id=\"row-930789984\">\n\n\n\t<div id=\"col-642213560\" class=\"col medium-10 small-12 large-9\"  >\n\t\t\t\t<div class=\"col-inner\"  >\n\t\t\t\n\t\t\t\n\n\n\t\t<div class=\"tabbed-content\">\n\t\t\t\n\t\t\t<ul class=\"nav nav-pills nav-uppercase nav-size-normal nav-center\" role=\"tablist\"><li id=\"tab-products\" class=\"tab active has-icon\" role=\"presentation\"><a href=\"#tab_products\" role=\"tab\" aria-selected=\"true\" aria-controls=\"tab_products\"><span>Produits<\/span><\/a><\/li>\n<li id=\"tab-shipping\" class=\"tab has-icon\" role=\"presentation\"><a href=\"#tab_shipping\" tabindex=\"-1\" role=\"tab\" aria-selected=\"false\" aria-controls=\"tab_shipping\"><span>Exp\u00e9dition<\/span><\/a><\/li><\/ul><div class=\"tab-panels\"><div id=\"tab_products\" class=\"panel active entry-content\" role=\"tabpanel\" aria-labelledby=\"tab-products\">\n\n<div class=\"accordion\">\n\n\t<div id=\"accordion-101260511\" class=\"accordion-item\">\n\t\t<a id=\"accordion-101260511-label\" class=\"accordion-title plain\" href=\"#accordion-item-do_you_offer_discounts_for_larger_orders\" aria-expanded=\"false\" aria-controls=\"accordion-101260511-content\" >\n\t\t\t<button class=\"toggle\" aria-label=\"Toggle\"><i class=\"icon-angle-down\"><\/i><\/button>\n\t\t\t<span>Offrez-vous des r\u00e9ductions pour les commandes plus importantes ?<\/span>\n\t\t<\/a>\n\t\t<div id=\"accordion-101260511-content\" class=\"accordion-inner\" aria-labelledby=\"accordion-101260511-label\" >\n\t\t\t\n\n<div class=\"et_pb_toggle_content clearfix\">\n<div class=\"et_pb_toggle_content clearfix\">\n<p>Oui, nous proposons des tarifs de gros pour les commandes volumineuses. Veuillez nous contacter pour discuter des tarifs de gros dans votre pays.<\/p>\n<\/div>\n<\/div>\n\n\t\t<\/div>\n\t<\/div>\n\t\n\t<div id=\"accordion-172561166\" class=\"accordion-item\">\n\t\t<a id=\"accordion-172561166-label\" class=\"accordion-title plain\" href=\"#accordion-item-what_dosage_do_i_take?\" aria-expanded=\"false\" aria-controls=\"accordion-172561166-content\" >\n\t\t\t<button class=\"toggle\" aria-label=\"Toggle\"><i class=\"icon-angle-down\"><\/i><\/button>\n\t\t\t<span>Quelle est la dose \u00e0 prendre ?<\/span>\n\t\t<\/a>\n\t\t<div id=\"accordion-172561166-content\" class=\"accordion-inner\" aria-labelledby=\"accordion-172561166-label\" >\n\t\t\t\n\n<div class=\"et_pb_toggle_content clearfix\">\n<div class=\"et_pb_toggle_content clearfix\">\n<p>Nous ne pouvons pas vous donner de conseils m\u00e9dicaux. Veuillez contacter votre m\u00e9decin afin qu'il vous fournisse des informations sur un dosage s\u00fbr.<\/p>\n<\/div>\n<\/div>\n\n\t\t<\/div>\n\t<\/div>\n\t\n\t<div id=\"accordion-3657016899\" class=\"accordion-item\">\n\t\t<a id=\"accordion-3657016899-label\" class=\"accordion-title plain\" href=\"#accordion-item-what_is_cbd_and_will_it_make_me_feel_high?\" aria-expanded=\"false\" aria-controls=\"accordion-3657016899-content\" >\n\t\t\t<button class=\"toggle\" aria-label=\"Toggle\"><i class=\"icon-angle-down\"><\/i><\/button>\n\t\t\t<span>Qu'est-ce que le CBD et me donnera-t-il une sensation d'euphorie ?<\/span>\n\t\t<\/a>\n\t\t<div id=\"accordion-3657016899-content\" class=\"accordion-inner\" aria-labelledby=\"accordion-3657016899-label\" >\n\t\t\t\n\n<p>Le cannabidiol (CBD) est un cannabino\u00efde naturel et l'un des composants les plus abondants du chanvre. Le CBD peut \u00eatre consomm\u00e9 sans danger et n'est pas intoxicant. C'est pourquoi il est appr\u00e9ci\u00e9 depuis longtemps pour ses effets b\u00e9n\u00e9fiques sur la sant\u00e9 et le bien-\u00eatre. L'inhalation ou l'ingestion de CBD n'entra\u00eene pas de sensation d'euphorie. Au contraire, ses attributs les plus notables sont ses effets potentiels sur la sant\u00e9 pour traiter la douleur, l'humeur, l'inflammation et l'anxi\u00e9t\u00e9 sans aucun des effets secondaires g\u00e9n\u00e9ralement associ\u00e9s aux m\u00e9dicaments sur ordonnance.<\/p>\n\n\t\t<\/div>\n\t<\/div>\n\t\n\t<div id=\"accordion-1360352623\" class=\"accordion-item\">\n\t\t<a id=\"accordion-1360352623-label\" class=\"accordion-title plain\" href=\"#accordion-item-can_you_smoke_cbd_hemp_bud?\" aria-expanded=\"false\" aria-controls=\"accordion-1360352623-content\" >\n\t\t\t<button class=\"toggle\" aria-label=\"Toggle\"><i class=\"icon-angle-down\"><\/i><\/button>\n\t\t\t<span>Peut-on fumer du chanvre CBD ?<\/span>\n\t\t<\/a>\n\t\t<div id=\"accordion-1360352623-content\" class=\"accordion-inner\" aria-labelledby=\"accordion-1360352623-label\" >\n\t\t\t\n\n<p>En r\u00e9alit\u00e9, vous pouvez l'utiliser comme bon vous semble. Fumez-la, vaporisez-la, infusez-la dans de l'huile, extrayez-la, etc. Utilisez ce produit de mani\u00e8re responsable et vous pourrez l'appr\u00e9cier de bien des mani\u00e8res.<\/p>\n\n\t\t<\/div>\n\t<\/div>\n\t\n\t<div id=\"accordion-629084137\" class=\"accordion-item\">\n\t\t<a id=\"accordion-629084137-label\" class=\"accordion-title plain\" href=\"#accordion-item-why_cbd_flower?\" aria-expanded=\"false\" aria-controls=\"accordion-629084137-content\" >\n\t\t\t<button class=\"toggle\" aria-label=\"Toggle\"><i class=\"icon-angle-down\"><\/i><\/button>\n\t\t\t<span>Pourquoi la fleur de CBD ?<\/span>\n\t\t<\/a>\n\t\t<div id=\"accordion-629084137-content\" class=\"accordion-inner\" aria-labelledby=\"accordion-629084137-label\" >\n\t\t\t\n\n<p>Chez cbdflowersuk, nous croyons en la \"m\u00e9decine des plantes enti\u00e8res\". De plus en plus de personnes prennent conscience qu'il existe une synergie interactive entre les compos\u00e9s du cannabis, connue sous le nom d'effet d'entourage. Les avantages de fumer des bourgeons de chanvre r\u00e9sident dans l'int\u00e9grit\u00e9 du produit naturel. Bon nombre des bienfaits attribu\u00e9s au cannabis ne peuvent \u00eatre obtenus que par la \"m\u00e9decine de la plante enti\u00e8re\", c'est-\u00e0-dire en pr\u00e9servant l'int\u00e9grit\u00e9 de tous les compos\u00e9s de la plante.<\/p>\n\n\t\t<\/div>\n\t<\/div>\n\t\n\t<div id=\"accordion-3257560453\" class=\"accordion-item\">\n\t\t<a id=\"accordion-3257560453-label\" class=\"accordion-title plain\" href=\"#accordion-item-will_cbd_hemp_flower_make_me_fail_a_drug_test?\" aria-expanded=\"false\" aria-controls=\"accordion-3257560453-content\" >\n\t\t\t<button class=\"toggle\" aria-label=\"Toggle\"><i class=\"icon-angle-down\"><\/i><\/button>\n\t\t\t<span>La fleur de chanvre CBD peut-elle me faire \u00e9chouer \u00e0 un test de d\u00e9pistage de drogues ?<\/span>\n\t\t<\/a>\n\t\t<div id=\"accordion-3257560453-content\" class=\"accordion-inner\" aria-labelledby=\"accordion-3257560453-label\" >\n\t\t\t\n\n<p>Nous ne pouvons rien affirmer \u00e0 ce sujet, si ce n'est que dans tous les tests de d\u00e9pistage de drogues, le CBD est consid\u00e9r\u00e9 comme ind\u00e9tectable dans les tests de salive ou d'urine. Il reste cependant de rares cas o\u00f9 les traces de THC contenues dans le chanvre peuvent \u00eatre d\u00e9tect\u00e9es. Toutes nos fleurs de chanvre CBD sont conformes \u00e0 toutes les r\u00e9glementations applicables en mati\u00e8re de teneur minimale en THC (moins de 0,3%), comme l'exige la loi. Si vous h\u00e9sitez sur ce point, nous pensons qu'il ne vaut pas la peine de risquer votre emploi en utilisant nos produits.<\/p>\n\n\t\t<\/div>\n\t<\/div>\n\t\n\t<div id=\"accordion-1178516190\" class=\"accordion-item\">\n\t\t<a id=\"accordion-1178516190-label\" class=\"accordion-title plain\" href=\"#accordion-item-how_do_i_take_the_oil?\" aria-expanded=\"false\" aria-controls=\"accordion-1178516190-content\" >\n\t\t\t<button class=\"toggle\" aria-label=\"Toggle\"><i class=\"icon-angle-down\"><\/i><\/button>\n\t\t\t<span>Comment prendre l'huile ?<\/span>\n\t\t<\/a>\n\t\t<div id=\"accordion-1178516190-content\" class=\"accordion-inner\" aria-labelledby=\"accordion-1178516190-label\" >\n\t\t\t\n\n<p>Il est pr\u00e9f\u00e9rable de d\u00e9poser l'huile sous la langue pour qu'elle soit absorb\u00e9e par la circulation sanguine par voie sublinguale.  Nous vous conseillons de la laisser reposer pendant moins d'une minute et d'avaler le reste !<\/p>\n<p>L'huile peut \u00e9galement avoir de nombreuses significations dans ce secteur, y compris les huiles topiques, les huiles de cuisson, les concentr\u00e9s d'huile, etc.  Bien que certains clients puissent l'utiliser dans leur th\u00e9 ou leur boisson, l'huile est plus efficace lorsqu'elle est d\u00e9pos\u00e9e sous la langue et ing\u00e9r\u00e9e par la circulation sanguine, plut\u00f4t que dig\u00e9r\u00e9e en mangeant ou en buvant.<\/p>\n\n\t\t<\/div>\n\t<\/div>\n\t\n\n<\/div>\n\n<\/div>\n<div id=\"tab_shipping\" class=\"panel entry-content\" role=\"tabpanel\" aria-labelledby=\"tab-shipping\">\n\n<div class=\"accordion\">\n\n\t<div id=\"accordion-968172892\" class=\"accordion-item\">\n\t\t<a id=\"accordion-968172892-label\" class=\"accordion-title plain\" href=\"#accordion-item-how_is_the_product_shipped?\" aria-expanded=\"false\" aria-controls=\"accordion-968172892-content\" >\n\t\t\t<button class=\"toggle\" aria-label=\"Toggle\"><i class=\"icon-angle-down\"><\/i><\/button>\n\t\t\t<span>Comment le produit est-il exp\u00e9di\u00e9 ?<\/span>\n\t\t<\/a>\n\t\t<div id=\"accordion-968172892-content\" class=\"accordion-inner\" aria-labelledby=\"accordion-968172892-label\" >\n\t\t\t\n\n<div class=\"et_pb_toggle_content clearfix\">\n<p>Votre commande sera discr\u00e8tement exp\u00e9di\u00e9e dans une enveloppe \u00e0 bulles par Postes Canada (en Am\u00e9rique du Nord) ou par Royal Mail\/DHL (dans l'UE, au Royaume-Uni et ailleurs). Un num\u00e9ro de suivi vous sera communiqu\u00e9 lors de l'exp\u00e9dition de votre commande.<\/p>\n<\/div>\n\n\t\t<\/div>\n\t<\/div>\n\t\n\t<div id=\"accordion-4042871\" class=\"accordion-item\">\n\t\t<a id=\"accordion-4042871-label\" class=\"accordion-title plain\" href=\"#accordion-item-where_are_you_located?\" aria-expanded=\"false\" aria-controls=\"accordion-4042871-content\" >\n\t\t\t<button class=\"toggle\" aria-label=\"Toggle\"><i class=\"icon-angle-down\"><\/i><\/button>\n\t\t\t<span>O\u00f9 \u00eates-vous situ\u00e9 ?<\/span>\n\t\t<\/a>\n\t\t<div id=\"accordion-4042871-content\" class=\"accordion-inner\" aria-labelledby=\"accordion-4042871-label\" >\n\t\t\t\n\n<div class=\"et_pb_toggle_content clearfix\">\n<p>Nous sommes bas\u00e9s au Royaume-Uni.<\/p>\n<\/div>\n\n\n\t\t<\/div>\n\t<\/div>\n\t\n\t<div id=\"accordion-3269983565\" class=\"accordion-item\">\n\t\t<a id=\"accordion-3269983565-label\" class=\"accordion-title plain\" href=\"#accordion-item-how_will_i_know_my_order_has_been_shipped?\" aria-expanded=\"false\" aria-controls=\"accordion-3269983565-content\" >\n\t\t\t<button class=\"toggle\" aria-label=\"Toggle\"><i class=\"icon-angle-down\"><\/i><\/button>\n\t\t\t<span>Comment saurai-je que ma commande a \u00e9t\u00e9 exp\u00e9di\u00e9e ?<\/span>\n\t\t<\/a>\n\t\t<div id=\"accordion-3269983565-content\" class=\"accordion-inner\" aria-labelledby=\"accordion-3269983565-label\" >\n\t\t\t\n\n<div class=\"et_pb_toggle_content clearfix\">\n<p>Vous recevrez un num\u00e9ro de suivi par le biais d'un e-mail envoy\u00e9 par sales@cbdflowersuk.co pour confirmer votre commande une fois exp\u00e9di\u00e9e.<\/p>\n<\/div>\n\n\t\t<\/div>\n\t<\/div>\n\t\n\n<\/div>\n\n<\/div><\/div><\/div>\n\n\t\t<\/div>\n\t\t\t\t\t<\/div>\n\n\t\n\n<\/div>\n\n\t\t<\/div>\n\n\t\t\n<style>\n#section_1386478358 {\n  padding-top: 60px;\n  padding-bottom: 60px;\n}\n<\/style>\n\t<\/section>\n\t\n\t<section class=\"section\" id=\"section_205782912\">\n\t\t<div class=\"bg section-bg fill bg-fill bg-loaded bg-loaded\" >\n\n\t\t\t\n\t\t\t\n\t\t\t\n\n\t\t<\/div>\n\n\t\t\n\n\t\t<div class=\"section-content relative\">\n\t\t\t\n\n<div class=\"row align-center\"  id=\"row-1004244006\">\n\n\n\t<div id=\"col-2089506132\" class=\"col medium-10 small-12 large-3\"  >\n\t\t\t\t<div class=\"col-inner\"  >\n\t\t\t\n\t\t\t\n\n<h3>G\u00e9n\u00e9ral<\/h3>\n\n\n\t\t<\/div>\n\t\t\t\t\t<\/div>\n\n\t\n\n\t<div id=\"col-815154532\" class=\"col medium-10 small-12 large-6\"  >\n\t\t\t\t<div class=\"col-inner\"  >\n\t\t\t\n\t\t\t\n\n<div class=\"accordion\">\n\n\t<div id=\"accordion-538502102\" class=\"accordion-item\">\n\t\t<a id=\"accordion-538502102-label\" class=\"accordion-title plain\" href=\"#accordion-item-what_is_cbd?\" aria-expanded=\"false\" aria-controls=\"accordion-538502102-content\" >\n\t\t\t<button class=\"toggle\" aria-label=\"Toggle\"><i class=\"icon-angle-down\"><\/i><\/button>\n\t\t\t<span>Qu'est-ce que le CBD ?<\/span>\n\t\t<\/a>\n\t\t<div id=\"accordion-538502102-content\" class=\"accordion-inner\" aria-labelledby=\"accordion-538502102-label\" >\n\t\t\t\n\n<div class=\"vc_toggle_content\">\n<p>Le cannabidiol (CBD) est un cannabino\u00efde pr\u00e9sent dans les plantes de Cannabis Sativa. Contrairement au THC, le CBD n'est pas psychoactif, ce qui signifie que vous ne ressentirez pas la sensation d'euphorie que procure le THC. Le CBD existe depuis aussi longtemps que la plante Cannabis Sativa, mais la communaut\u00e9 scientifique d\u00e9couvre presque quotidiennement de nouvelles informations sur le CBD. Si vous n'avez jamais pris de CBD, nous vous recommandons de consulter votre m\u00e9decin traitant.  \u00c9tant donn\u00e9 que les \u00e9tudes scientifiques sur le CBD n'en sont qu'\u00e0 leurs d\u00e9buts, aucune entreprise ne peut promettre de r\u00e9sultats pour le CBD. Ce que nous pouvons dire, c'est que des clients nous ont racont\u00e9 comment les produits Avid Hemp les ont aid\u00e9s \u00e0 traiter des sympt\u00f4mes tels que l'arthrite, l'anxi\u00e9t\u00e9, l'insomnie, les maux de dos et bien d'autres encore. Ne nous croyez pas sur parole, consultez nos plus de 500 commentaires 5 \u00e9toiles sur Google ici. Essayez Avid Hemp CBD d\u00e8s aujourd'hui et voyez si cela fonctionne pour vous !<\/p>\n<\/div>\n\n\t\t<\/div>\n\t<\/div>\n\t\n\t<div id=\"accordion-52013951\" class=\"accordion-item\">\n\t\t<a id=\"accordion-52013951-label\" class=\"accordion-title plain\" href=\"#accordion-item-will_cbd_get_me_high?\" aria-expanded=\"false\" aria-controls=\"accordion-52013951-content\" >\n\t\t\t<button class=\"toggle\" aria-label=\"Toggle\"><i class=\"icon-angle-down\"><\/i><\/button>\n\t\t\t<span>Le CBD peut-il me faire planer ?<\/span>\n\t\t<\/a>\n\t\t<div id=\"accordion-52013951-content\" class=\"accordion-inner\" aria-labelledby=\"accordion-52013951-label\" >\n\t\t\t\n\n<p>Non, le cannabidiol (CBD) n'est pas psychoactif et ne peut donc pas vous atteindre.<\/p>\n\n\n\t\t<\/div>\n\t<\/div>\n\t\n\t<div id=\"accordion-1953933537\" class=\"accordion-item\">\n\t\t<a id=\"accordion-1953933537-label\" class=\"accordion-title plain\" href=\"#accordion-item-is_cbd_safe_for_pets?\" aria-expanded=\"false\" aria-controls=\"accordion-1953933537-content\" >\n\t\t\t<button class=\"toggle\" aria-label=\"Toggle\"><i class=\"icon-angle-down\"><\/i><\/button>\n\t\t\t<span>Le CBD est-il sans danger pour les animaux de compagnie ?<\/span>\n\t\t<\/a>\n\t\t<div id=\"accordion-1953933537-content\" class=\"accordion-inner\" aria-labelledby=\"accordion-1953933537-label\" >\n\t\t\t\n\n<p>Selon un rapport de l'OMS https:\/\/www.who.int\/medicines\/access\/controlled-substances\/5.2_CBD.pdf, le CBD sous sa forme pure semble \u00eatre sans danger pour les animaux de compagnie. Ceci \u00e9tant dit, le CBD est trait\u00e9 par le foie, donc si votre animal a des probl\u00e8mes de foie connus, nous vous recommandons fortement de ne pas lui administrer de CBD. En ce qui concerne les bienfaits du CBD pour les animaux de compagnie, la recherche en est encore \u00e0 ses phases pr\u00e9liminaires et nous ne sommes donc pas autoris\u00e9s \u00e0 faire des affirmations. Ce que nous pouvons dire, c'est que nous avons de nombreux clients heureux qui administrent du CBD \u00e0 leurs animaux de compagnie et qui nous ont fait part de nombreux r\u00e9sultats b\u00e9n\u00e9fiques ! Comme toujours, nous recommandons de consulter le v\u00e9t\u00e9rinaire de votre animal avant de lui administrer du CBD.<\/p>\n\n\n\t\t<\/div>\n\t<\/div>\n\t\n\t<div id=\"accordion-564116573\" class=\"accordion-item\">\n\t\t<a id=\"accordion-564116573-label\" class=\"accordion-title plain\" href=\"#accordion-item-is_cbd_legal?\" aria-expanded=\"false\" aria-controls=\"accordion-564116573-content\" >\n\t\t\t<button class=\"toggle\" aria-label=\"Toggle\"><i class=\"icon-angle-down\"><\/i><\/button>\n\t\t\t<span>Le CBD est-il l\u00e9gal ?<\/span>\n\t\t<\/a>\n\t\t<div id=\"accordion-564116573-content\" class=\"accordion-inner\" aria-labelledby=\"accordion-564116573-label\" >\n\t\t\t\n\n<p>Au niveau f\u00e9d\u00e9ral, le CBD est 100% l\u00e9gal lorsqu'il est extrait du chanvre industriel gr\u00e2ce \u00e0 la loi agricole adopt\u00e9e en 2018. Cliquez ici pour consulter le projet de loi par vous-m\u00eame ! https:\/\/www.congress.gov\/bill\/115th-congress\/house-bill\/2\/text<\/p>\n<p>Ceci \u00e9tant dit, nous vous encourageons toujours \u00e0 v\u00e9rifier aupr\u00e8s de votre municipalit\u00e9 s'il existe des lois locales concernant les produits \u00e0 base de CBD ou de chanvre.<\/p>\n\n\n\t\t<\/div>\n\t<\/div>\n\t\n\n<\/div>\n\n\t\t<\/div>\n\t\t\t\t\t<\/div>\n\n\t\n\n<\/div>\n<div class=\"row align-center\"  id=\"row-552122253\">\n\n\n\t<div id=\"col-318648361\" class=\"col medium-10 small-12 large-3\"  >\n\t\t\t\t<div class=\"col-inner\"  >\n\t\t\t\n\t\t\t\n\n<h3>Paiements<\/h3>\n\n\t\t<\/div>\n\t\t\t\t\t<\/div>\n\n\t\n\n\t<div id=\"col-1024098077\" class=\"col medium-10 small-12 large-6\"  >\n\t\t\t\t<div class=\"col-inner\"  >\n\t\t\t\n\t\t\t\n\n<div class=\"accordion\">\n\n\t<div id=\"accordion-3721732807\" class=\"accordion-item\">\n\t\t<a id=\"accordion-3721732807-label\" class=\"accordion-title plain\" href=\"#accordion-item-i&#039;m_new,_how_do_i_order?\" aria-expanded=\"false\" aria-controls=\"accordion-3721732807-content\" >\n\t\t\t<button class=\"toggle\" aria-label=\"Toggle\"><i class=\"icon-angle-down\"><\/i><\/button>\n\t\t\t<span>Je suis nouveau, comment commander ?<\/span>\n\t\t<\/a>\n\t\t<div id=\"accordion-3721732807-content\" class=\"accordion-inner\" aria-labelledby=\"accordion-3721732807-label\" >\n\t\t\t\n\n<p>La commande est aussi pratique que possible. Il vous suffit d'ajouter l'article de votre choix \u00e0 votre panier, puis de passer \u00e0 la caisse ! Si vous avez des questions sp\u00e9cifiques auxquelles vous souhaitez r\u00e9pondre avant de passer votre commande, veuillez nous appeler \u00e0 07756363261 et l'un de nos experts en Cbdflowersuk r\u00e9pondra \u00e0 toutes vos questions !<\/p>\n\n\t\t<\/div>\n\t<\/div>\n\t\n\t<div id=\"accordion-703706143\" class=\"accordion-item\">\n\t\t<a id=\"accordion-703706143-label\" class=\"accordion-title plain\" href=\"#accordion-item-how_do_i_apply_a_promotional_code?\" aria-expanded=\"false\" aria-controls=\"accordion-703706143-content\" >\n\t\t\t<button class=\"toggle\" aria-label=\"Toggle\"><i class=\"icon-angle-down\"><\/i><\/button>\n\t\t\t<span>Comment appliquer un code promotionnel ?<\/span>\n\t\t<\/a>\n\t\t<div id=\"accordion-703706143-content\" class=\"accordion-inner\" aria-labelledby=\"accordion-703706143-label\" >\n\t\t\t\n\n<p>Sur la page de paiement, avant de soumettre votre commande, ajoutez votre code promotionnel dans la case pr\u00e9vue \u00e0 cet effet !<\/p>\n\n\n\t\t<\/div>\n\t<\/div>\n\t\n\t<div id=\"accordion-3613982101\" class=\"accordion-item\">\n\t\t<a id=\"accordion-3613982101-label\" class=\"accordion-title plain\" href=\"#accordion-item-can_i_use_a_different_payment_method?\" aria-expanded=\"false\" aria-controls=\"accordion-3613982101-content\" >\n\t\t\t<button class=\"toggle\" aria-label=\"Toggle\"><i class=\"icon-angle-down\"><\/i><\/button>\n\t\t\t<span>Puis-je utiliser un autre mode de paiement ?<\/span>\n\t\t<\/a>\n\t\t<div id=\"accordion-3613982101-content\" class=\"accordion-inner\" aria-labelledby=\"accordion-3613982101-label\" >\n\t\t\t\n\n<div class=\"vc_toggle_content\">\n<p>Oui, si vous souhaitez payer par ch\u00e8que ou par virement bancaire, vous pouvez nous appeler au <a title=\"07756363261\" href=\"tel:807756363261\">07756363261 <\/a>et nous vous donnerons des instructions sur la mani\u00e8re de proc\u00e9der.<\/p>\n<\/div>\n\n\n\t\t<\/div>\n\t<\/div>\n\t\n\n<\/div>\n\n\t\t<\/div>\n\t\t\t\t\t<\/div>\n\n\t\n\n<\/div>\n\n\t\t<\/div>\n\n\t\t\n<style>\n#section_205782912 {\n  padding-top: 60px;\n  padding-bottom: 60px;\n  background-color: rgb(255,255,255);\n}\n<\/style>\n\t<\/section>","protected":false},"excerpt":{"rendered":"","protected":false},"author":1,"featured_media":0,"parent":0,"menu_order":0,"comment_status":"closed","ping_status":"closed","template":"page-blank.php","meta":{"footnotes":""},"class_list":["post-79","page","type-page","status-publish","hentry"],"jetpack-related-posts":[{"id":84,"url":"https:\/\/cbdflowersuk.co\/fr\/a-propos-de-2\/","url_meta":{"origin":79,"position":0},"title":"About","author":"manager","date":"mai 11, 2022","format":false,"excerpt":"","rel":"","context":"Article similaire","block_context":{"text":"Article similaire","link":""},"img":{"alt_text":"","src":"https:\/\/i0.wp.com\/cbdflowersuk.co\/wp-content\/uploads\/2016\/08\/dummy-1.jpg?resize=350%2C200&ssl=1","width":350,"height":200},"classes":[]},{"id":92,"url":"https:\/\/cbdflowersuk.co\/fr\/","url_meta":{"origin":79,"position":1},"title":"The CBD Flower Shop | Buy CBD Flowers Online","author":"manager","date":"juin 6, 2022","format":false,"excerpt":"","rel":"","context":"Article similaire","block_context":{"text":"Article similaire","link":""},"img":{"alt_text":"","src":"https:\/\/i0.wp.com\/cbdflowersuk.co\/wp-content\/uploads\/2016\/08\/dummy-1.jpg?resize=350%2C200&ssl=1","width":350,"height":200},"classes":[]},{"id":82,"url":"https:\/\/cbdflowersuk.co\/fr\/contact-2\/","url_meta":{"origin":79,"position":2},"title":"Contact","author":"manager","date":"juin 11, 2022","format":false,"excerpt":"","rel":"","context":"Article similaire","block_context":{"text":"Article similaire","link":""},"img":{"alt_text":"","src":"https:\/\/i0.wp.com\/cbdflowersuk.co\/wp-content\/uploads\/2016\/08\/dummy-1.jpg?resize=350%2C200&ssl=1","width":350,"height":200},"classes":[]},{"id":9034,"url":"https:\/\/cbdflowersuk.co\/fr\/cbd-lab-test-2\/","url_meta":{"origin":79,"position":3},"title":"Cbd Lab Test","author":"manager","date":"f\u00e9vrier 15, 2023","format":false,"excerpt":"","rel":"","context":"Article similaire","block_context":{"text":"Article similaire","link":""},"img":{"alt_text":"","src":"","width":0,"height":0},"classes":[]},{"id":13,"url":"https:\/\/cbdflowersuk.co\/fr\/remboursements-2\/","url_meta":{"origin":79,"position":4},"title":"Refund and Returns Policy","author":"manager","date":"juin 13, 2022","format":false,"excerpt":"","rel":"","context":"Article similaire","block_context":{"text":"Article similaire","link":""},"img":{"alt_text":"","src":"","width":0,"height":0},"classes":[]},{"id":3,"url":"https:\/\/cbdflowersuk.co\/fr\/politique-de-confidentialite-2\/","url_meta":{"origin":79,"position":5},"title":"Privacy Policy","author":"manager","date":"juin 13, 2022","format":false,"excerpt":"","rel":"","context":"Article similaire","block_context":{"text":"Article similaire","link":""},"img":{"alt_text":"","src":"","width":0,"height":0},"classes":[]}],"jetpack_sharing_enabled":true,"_links":{"self":[{"href":"https:\/\/cbdflowersuk.co\/fr\/wp-json\/wp\/v2\/pages\/79","targetHints":{"allow":["GET"]}}],"collection":[{"href":"https:\/\/cbdflowersuk.co\/fr\/wp-json\/wp\/v2\/pages"}],"about":[{"href":"https:\/\/cbdflowersuk.co\/fr\/wp-json\/wp\/v2\/types\/page"}],"author":[{"embeddable":true,"href":"https:\/\/cbdflowersuk.co\/fr\/wp-json\/wp\/v2\/users\/1"}],"replies":[{"embeddable":true,"href":"https:\/\/cbdflowersuk.co\/fr\/wp-json\/wp\/v2\/comments?post=79"}],"version-history":[{"count":0,"href":"https:\/\/cbdflowersuk.co\/fr\/wp-json\/wp\/v2\/pages\/79\/revisions"}],"wp:attachment":[{"href":"https:\/\/cbdflowersuk.co\/fr\/wp-json\/wp\/v2\/media?parent=79"}],"curies":[{"name":"wp","href":"https:\/\/api.w.org\/{rel}","templated":true}]}}