{"id":3,"date":"2022-06-13T11:33:25","date_gmt":"2022-06-13T11:33:25","guid":{"rendered":"http:\/\/cbdflowersuk.co\/?page_id=3"},"modified":"2024-04-24T15:35:59","modified_gmt":"2024-04-24T15:35:59","slug":"privacy-policy","status":"publish","type":"page","link":"https:\/\/cbdflowersuk.co\/fr\/politique-de-confidentialite-2\/","title":{"rendered":"Politique de confidentialit\u00e9"},"content":{"rendered":"<div id=\"page-header-1048037510\" class=\"page-header-wrapper\">\n  <div class=\"page-title dark featured-title\">\n\n    \n    <div class=\"page-title-inner container align-center flex-row medium-flex-wrap\" >\n              <div class=\"title-wrapper flex-col text-left medium-text-center\">\n          <h1 class=\"entry-title mb-0\">\n            Politique de confidentialit\u00e9          <\/h1>\n        <\/div>\n                    <div class=\"title-content flex-col flex-right text-right medium-text-center\">\n        <div class=\"title-breadcrumbs pb-half pt-half\"><nav class=\"woocommerce-breadcrumb breadcrumbs uppercase\" data-no-translation=\"\" data-trp-gettext=\"\">Accueil<\/nav><\/div>      <\/div>\n    <\/div>\n\n       <\/div>\n    <\/div>\n  \n\n\t<div id=\"gap-327121999\" class=\"gap-element clearfix\" style=\"display:block; height:auto;\">\n\t\t\n<style>\n#gap-327121999 {\n  padding-top: 50px;\n}\n<\/style>\n\t<\/div>\n\t\n\n<div class=\"row\"  id=\"row-1920203547\">\n\n\n\t<div id=\"col-297957229\" class=\"col small-12 large-12\"  >\n\t\t\t\t<div class=\"col-inner\"  >\n\t\t\t\n\t\t\t\n\n<div class=\"container section-title-container\" ><h2 class=\"section-title section-title-normal\"><b><\/b><span class=\"section-title-main\" >cbd flower shop<\/span><b><\/b><\/h2><\/div>\n\n<p>L'adresse de notre site web est la suivante : https:\/\/www.cbdflowersuk.co.<\/p>\n<h2><strong>Politique de confidentialit\u00e9<\/strong><\/h2>\n<p>La pr\u00e9sente politique de confidentialit\u00e9 a \u00e9t\u00e9 \u00e9labor\u00e9e pour mieux servir les personnes qui s'inqui\u00e8tent de la mani\u00e8re dont leurs \"informations personnelles identifiables\" (IPI) sont utilis\u00e9es en ligne. Les IPI, telles qu'elles sont utilis\u00e9es dans la l\u00e9gislation am\u00e9ricaine sur la protection de la vie priv\u00e9e et la s\u00e9curit\u00e9 de l'information, sont des informations qui peuvent \u00eatre utilis\u00e9es seules ou avec d'autres informations pour identifier, contacter ou localiser une seule personne, ou pour identifier une personne dans son contexte. Veuillez lire attentivement notre politique de confidentialit\u00e9 pour bien comprendre comment nous collectons, utilisons, prot\u00e9geons ou traitons vos informations d'identification personnelle conform\u00e9ment \u00e0 notre site web.<\/p>\n<h2>Quelles informations personnelles recueillons-nous aupr\u00e8s des personnes qui visitent notre blog, notre site web ou notre application ?<\/h2>\n<p>Lors d'une commande ou d'un enregistrement sur notre site, selon le cas, il peut vous \u00eatre demand\u00e9 d'entrer vos coordonn\u00e9es. Il peut s'agir de votre nom, de votre adresse \u00e9lectronique, de votre adresse postale, de votre num\u00e9ro de t\u00e9l\u00e9phone ou d'autres informations destin\u00e9es \u00e0 faciliter votre exp\u00e9rience.<\/p>\n<h2>Quand recueillons-nous des informations ?<\/h2>\n<p>Nous recueillons des informations aupr\u00e8s de vous lorsque vous passez une commande, utilisez le Live Chat ou saisissez des informations sur notre site.<\/p>\n<h2>Comment utilisons-nous vos informations ?<\/h2>\n<p>Nous pouvons utiliser les informations que nous recueillons aupr\u00e8s de vous lorsque vous vous inscrivez, effectuez un achat, vous abonnez \u00e0 notre bulletin d'information, r\u00e9pondez \u00e0 une enqu\u00eate ou \u00e0 une communication marketing, ou naviguez sur le site web. De m\u00eame, si vous utilisez certaines autres fonctions du site pour traiter rapidement vos transactions.<\/p>\n<h2>Comment prot\u00e9geons-nous les informations relatives aux visiteurs ?<\/h2>\n<p>Notre site web est r\u00e9guli\u00e8rement analys\u00e9 pour d\u00e9tecter les failles de s\u00e9curit\u00e9 et les vuln\u00e9rabilit\u00e9s connues afin de rendre votre visite sur notre site aussi s\u00fbre que possible.<\/p>\n<p>Nous proc\u00e9dons r\u00e9guli\u00e8rement \u00e0 des analyses de logiciels malveillants.<\/p>\n<p>Vos informations personnelles sont conserv\u00e9es dans des r\u00e9seaux s\u00e9curis\u00e9s et ne sont accessibles qu'\u00e0 un nombre limit\u00e9 de personnes disposant de droits d'acc\u00e8s sp\u00e9ciaux \u00e0 ces syst\u00e8mes et tenues de pr\u00e9server la confidentialit\u00e9 de ces informations. En outre, toutes les informations sensibles\/de cr\u00e9dit que vous fournissez sont crypt\u00e9es au moyen de la technologie Secure Socket Layer (SSL).<\/p>\n<p>Nous mettons en \u0153uvre une s\u00e9rie de mesures de s\u00e9curit\u00e9 lorsqu'un utilisateur passe une commande, entre, soumet ou acc\u00e8de \u00e0 ses informations afin de pr\u00e9server la s\u00e9curit\u00e9 de vos donn\u00e9es personnelles.<\/p>\n<p>Toutes les transactions sont trait\u00e9es par l'interm\u00e9diaire d'un fournisseur de passerelle et ne sont pas stock\u00e9es ou trait\u00e9es sur nos serveurs.<\/p>\n<h2>Utilisons-nous des \"cookies\" ?<\/h2>\n<p>Oui. Les cookies sont de petits fichiers qu'un site ou son fournisseur de services transf\u00e8re sur le disque dur de votre ordinateur par l'interm\u00e9diaire de votre navigateur Web (si vous l'autorisez) et qui permet aux syst\u00e8mes du site ou du fournisseur de services de reconna\u00eetre votre navigateur. Les cookies capturent et m\u00e9morisent certaines informations. Par exemple, nous utilisons des cookies pour nous aider \u00e0 m\u00e9moriser et \u00e0 traiter les articles de votre panier d'achat. Ils sont \u00e9galement utilis\u00e9s pour nous aider \u00e0 comprendre vos pr\u00e9f\u00e9rences en fonction de vos activit\u00e9s pr\u00e9c\u00e9dentes ou actuelles sur le site. Cela nous permet de vous fournir des services am\u00e9lior\u00e9s. Nous utilisons \u00e9galement des cookies pour nous aider \u00e0 compiler des donn\u00e9es globales sur le trafic et l'interaction sur le site afin de pouvoir offrir de meilleures exp\u00e9riences et de meilleurs outils \u00e0 l'avenir.<\/p>\n<p>Nous utilisons des cookies pour nous aider \u00e0 m\u00e9moriser et \u00e0 traiter les articles du panier d'achat.<\/p>\n<p>Vous pouvez choisir que votre ordinateur vous avertisse chaque fois qu'un cookie est envoy\u00e9, ou vous pouvez choisir de d\u00e9sactiver tous les cookies. Pour ce faire, vous devez utiliser les param\u00e8tres de votre navigateur (comme Internet Explorer). Chaque navigateur \u00e9tant l\u00e9g\u00e8rement diff\u00e9rent, consultez le menu d'aide de votre navigateur pour conna\u00eetre la bonne fa\u00e7on de modifier vos cookies.<\/p>\n<p>Si vous d\u00e9sactivez les cookies, certaines fonctionnalit\u00e9s seront d\u00e9sactiv\u00e9es. Cela affectera l'exp\u00e9rience de l'utilisateur et rendra peut-\u00eatre votre site moins efficace. Certains de nos services ne fonctionneront pas correctement.<\/p>\n<p>Cependant, vous pouvez toujours passer des commandes.<\/p>\n<p>\u00a0<\/p>\n<h2>Divulgation aux tiers<\/h2>\n<p>Nous ne vendons pas, n'\u00e9changeons pas et ne transf\u00e9rons pas de quelque mani\u00e8re que ce soit \u00e0 des tiers vos informations personnelles identifiables.<\/p>\n<h2>Liens avec des tiers<\/h2>\n<p>Nous n'incluons ni ne proposons de produits ou de services de tiers sur notre site web.<\/p>\n<h2>Refus de participer :<\/h2>\n<p>Les utilisateurs peuvent d\u00e9finir leurs pr\u00e9f\u00e9rences en ce qui concerne la publicit\u00e9 diffus\u00e9e par Google \u00e0 l'aide de la page Param\u00e8tres des annonces Google. Vous pouvez \u00e9galement d\u00e9sactiver cette option en consultant la page de d\u00e9sactivation de la Network Advertising Initiative ou en utilisant de mani\u00e8re permanente le module compl\u00e9mentaire Google Analytics Opt Out Browser.<\/p>\n<h2>Comment notre site g\u00e8re-t-il les signaux \"do not track\" ?<\/h2>\n<p>Nous honorons les signaux \"do not track\" et \"do not track\", ne pla\u00e7ons pas de cookies et n'utilisons pas de publicit\u00e9 lorsqu'un m\u00e9canisme de navigateur \"Do Not Track\" (DNT) est en place.<\/p>\n<h2>Notre site autorise-t-il le suivi comportemental par des tiers ?<\/h2>\n<p>Il est \u00e9galement important de noter que nous n'autorisons pas le suivi comportemental par des tiers.<\/p>\n<h2>COPPA (loi sur la protection de la vie priv\u00e9e des enfants en ligne)<\/h2>\n<p>En ce qui concerne la collecte d'informations personnelles aupr\u00e8s d'enfants de moins de 13 ans, la loi sur la protection de la vie priv\u00e9e des enfants en ligne (Children's Online Privacy Protection Act - COPPA) permet aux parents de contr\u00f4ler la situation. La Federal Trade Commission, l'agence nationale de protection des consommateurs, veille \u00e0 l'application de la r\u00e8gle COPPA, qui pr\u00e9cise ce que les exploitants de sites web et de services en ligne doivent faire pour prot\u00e9ger la vie priv\u00e9e et la s\u00e9curit\u00e9 des enfants en ligne.<\/p>\n<p>Nous ne nous adressons pas sp\u00e9cifiquement aux enfants de moins de 18 ans.<\/p>\n<h2>Pratiques d'information \u00e9quitables<\/h2>\n<p>Les principes relatifs aux pratiques loyales en mati\u00e8re d'information constituent l'\u00e9pine dorsale de la l\u00e9gislation sur la protection de la vie priv\u00e9e aux \u00c9tats-Unis et les concepts qu'ils incluent ont jou\u00e9 un r\u00f4le important dans l'\u00e9laboration des lois sur la protection des donn\u00e9es dans le monde entier. Il est essentiel de comprendre les principes des pratiques loyales en mati\u00e8re d'information et la mani\u00e8re dont ils doivent \u00eatre mis en \u0153uvre pour se conformer aux diverses lois sur la protection de la vie priv\u00e9e qui prot\u00e8gent les informations personnelles.<\/p>\n<p>Afin d'\u00eatre en conformit\u00e9 avec les pratiques \u00e9quitables en mati\u00e8re d'information, nous prendrons les mesures suivantes en cas de violation de donn\u00e9es :<br \/>Nous informerons les utilisateurs par courrier \u00e9lectronique dans un d\u00e9lai de 7 jours ouvrables.<\/p>\n<p>Nous acceptons \u00e9galement le principe de recours individuel, qui exige que les personnes aient le droit de faire valoir des droits juridiquement ex\u00e9cutoires contre les collecteurs et les responsables du traitement des donn\u00e9es qui ne respectent pas la loi. Ce principe exige non seulement que les individus aient des droits ex\u00e9cutoires contre les utilisateurs de donn\u00e9es, mais aussi qu'ils aient recours aux tribunaux ou aux agences gouvernementales pour enqu\u00eater et\/ou poursuivre les responsables du traitement des donn\u00e9es qui ne respectent pas la loi.<\/p>\n<h2>Loi CAN SPAM<\/h2>\n<p>La loi CAN-SPAM fixe les r\u00e8gles applicables au courrier \u00e9lectronique commercial, \u00e9tablit des exigences pour les messages commerciaux, donne aux destinataires le droit de faire cesser l'envoi de courriers \u00e9lectroniques et pr\u00e9voit des sanctions s\u00e9v\u00e8res en cas d'infraction.<\/p>\n<p>Nous recueillons votre adresse \u00e9lectronique afin de :<br \/>- Traiter les commandes et envoyer des informations et des mises \u00e0 jour concernant les commandes.<br \/>- Nous pouvons \u00e9galement vous envoyer des informations suppl\u00e9mentaires concernant votre produit et\/ou service.<\/p>\n<p>Pour \u00eatre en accord avec CANSPAM, nous acceptons ce qui suit :<\/p>\n<p>Si, \u00e0 tout moment, vous souhaitez vous d\u00e9sinscrire pour ne plus recevoir de courriers \u00e9lectroniques, vous pouvez nous envoyer un courrier \u00e9lectronique \u00e0 l'adresse suivante<br \/>et nous vous retirerons rapidement de TOUTE correspondance.<\/p>\n\n\t\t<\/div>\n\t\t\t\t\t<\/div>\n\n\t\n\n<\/div>","protected":false},"excerpt":{"rendered":"","protected":false},"author":1,"featured_media":0,"parent":0,"menu_order":0,"comment_status":"closed","ping_status":"closed","template":"page-blank.php","meta":{"footnotes":""},"class_list":["post-3","page","type-page","status-publish","hentry"],"jetpack-related-posts":[{"id":9052,"url":"https:\/\/cbdflowersuk.co\/fr\/politique-de-confidentialite-2\/","url_meta":{"origin":3,"position":0},"title":"Privacy Policy","author":"manager","date":"f\u00e9vrier 15, 2023","format":false,"excerpt":"Who we are Our website address is: {url}. What personal data we collect and why we collect it Comments When visitors leave comments on the site we collect the data shown in the comments form, and also the visitor\u2019s IP address and browser user agent string to help spam detection.\u2026","rel":"","context":"Article similaire","block_context":{"text":"Article similaire","link":""},"img":{"alt_text":"","src":"","width":0,"height":0},"classes":[]},{"id":9053,"url":"https:\/\/cbdflowersuk.co\/fr\/conditions-generales-2\/","url_meta":{"origin":3,"position":1},"title":"Terms And Conditions","author":"manager","date":"f\u00e9vrier 15, 2023","format":false,"excerpt":"The following is a WooCommerce Terms and Conditions Example. Search for and replace the following Terms and Conditions placeholders: {your company} {your email} {your address} Overview This website is operated by {your company}. Throughout the site, the terms \u201cwe\u201d, \u201cus\u201d and \u201cour\u201d refer to {your company}. {your company} offers this\u2026","rel":"","context":"Article similaire","block_context":{"text":"Article similaire","link":""},"img":{"alt_text":"","src":"","width":0,"height":0},"classes":[]},{"id":7774,"url":"https:\/\/cbdflowersuk.co\/fr\/conditions-generales-2\/","url_meta":{"origin":3,"position":2},"title":"Terms and Conditions","author":"manager","date":"juin 17, 2022","format":false,"excerpt":"","rel":"","context":"Article similaire","block_context":{"text":"Article similaire","link":""},"img":{"alt_text":"","src":"","width":0,"height":0},"classes":[]},{"id":8762,"url":"https:\/\/cbdflowersuk.co\/fr\/clause-de-non-responsabilite-de-la-fda-2\/","url_meta":{"origin":3,"position":3},"title":"FDA Disclaimer","author":"manager","date":"f\u00e9vrier 2, 2023","format":false,"excerpt":"","rel":"","context":"Article similaire","block_context":{"text":"Article similaire","link":""},"img":{"alt_text":"","src":"","width":0,"height":0},"classes":[]},{"id":13,"url":"https:\/\/cbdflowersuk.co\/fr\/remboursements-2\/","url_meta":{"origin":3,"position":4},"title":"Refund and Returns Policy","author":"manager","date":"juin 13, 2022","format":false,"excerpt":"","rel":"","context":"Article similaire","block_context":{"text":"Article similaire","link":""},"img":{"alt_text":"","src":"","width":0,"height":0},"classes":[]},{"id":79,"url":"https:\/\/cbdflowersuk.co\/fr\/faq-2\/","url_meta":{"origin":3,"position":5},"title":"FAQ","author":"manager","date":"juin 11, 2022","format":false,"excerpt":"","rel":"","context":"Article similaire","block_context":{"text":"Article similaire","link":""},"img":{"alt_text":"","src":"","width":0,"height":0},"classes":[]}],"jetpack_sharing_enabled":true,"_links":{"self":[{"href":"https:\/\/cbdflowersuk.co\/fr\/wp-json\/wp\/v2\/pages\/3","targetHints":{"allow":["GET"]}}],"collection":[{"href":"https:\/\/cbdflowersuk.co\/fr\/wp-json\/wp\/v2\/pages"}],"about":[{"href":"https:\/\/cbdflowersuk.co\/fr\/wp-json\/wp\/v2\/types\/page"}],"author":[{"embeddable":true,"href":"https:\/\/cbdflowersuk.co\/fr\/wp-json\/wp\/v2\/users\/1"}],"replies":[{"embeddable":true,"href":"https:\/\/cbdflowersuk.co\/fr\/wp-json\/wp\/v2\/comments?post=3"}],"version-history":[{"count":0,"href":"https:\/\/cbdflowersuk.co\/fr\/wp-json\/wp\/v2\/pages\/3\/revisions"}],"wp:attachment":[{"href":"https:\/\/cbdflowersuk.co\/fr\/wp-json\/wp\/v2\/media?parent=3"}],"curies":[{"name":"wp","href":"https:\/\/api.w.org\/{rel}","templated":true}]}}