{"id":9493,"date":"2023-10-13T16:17:09","date_gmt":"2023-10-13T16:17:09","guid":{"rendered":"https:\/\/cbdflowersuk.co\/?post_type=product&#038;p=9493"},"modified":"2025-06-20T08:19:56","modified_gmt":"2025-06-20T08:19:56","slug":"nepal-cream-cbd-hash","status":"publish","type":"product","link":"https:\/\/cbdflowersuk.co\/de\/produkt\/nepal-creme-cbd-hash\/","title":{"rendered":"Caramelo CBD Haschisch"},"content":{"rendered":"<p>Entdecken Sie unsere Auswahl an CBD-Bl\u00fcten in Gro\u00dfbritannien und g\u00f6nnen Sie sich das ultimative Entspannungserlebnis.<\/p>","protected":false},"excerpt":{"rendered":"<p class=\"p1\"><strong>Caramelo<\/strong><span class=\"s2\"><span lang=\"EN-GB\"><b> CBD hash 26%cbd<br \/>\nAlle unsere Blumen werden 100% biologisch in Europa ohne chemische D\u00fcngemittel oder Pestizide angebaut.<\/b><\/span><\/span><\/p>\n<p><span class=\"s2\"><span lang=\"EN-GB\"><b>&nbsp;<\/b><\/span><\/span><\/p>","protected":false},"featured_media":9499,"comment_status":"open","ping_status":"closed","template":"","meta":[],"product_brand":[],"product_cat":[38],"product_tag":[89],"class_list":{"0":"post-9493","1":"product","2":"type-product","3":"status-publish","4":"has-post-thumbnail","6":"product_cat-cbd-hash","7":"product_tag-caramelo-cbd-hash","9":"first","10":"outofstock","11":"shipping-taxable","12":"purchasable","13":"product-type-variable"},"jetpack-related-posts":[{"id":11660,"url":"https:\/\/cbdflowersuk.co\/de\/produkt\/nepal-creme-cbd-hash\/","url_meta":{"origin":9493,"position":0},"title":"Dry sift  CBD","author":"manager","date":"Juli 5, 2024","format":false,"excerpt":"Dry sift CBD Hash 6.7% CBD under 0.2% THC Experience pure relief with dry sift CBD hash, containing 21% CBD and less than 0.2% THC. Our flowers are organically grown in Europe, free from fertilizers, chemicals, or pesticides. \u00a0","rel":"","context":"\u00c4hnlicher Beitrag","block_context":{"text":"\u00c4hnlicher Beitrag","link":""},"img":{"alt_text":"","src":"https:\/\/i0.wp.com\/cbdflowersuk.co\/wp-content\/uploads\/2024\/09\/img_4696.jpeg?resize=350%2C200&ssl=1","width":350,"height":200,"srcset":"https:\/\/i0.wp.com\/cbdflowersuk.co\/wp-content\/uploads\/2024\/09\/img_4696.jpeg?resize=350%2C200&ssl=1 1x, https:\/\/i0.wp.com\/cbdflowersuk.co\/wp-content\/uploads\/2024\/09\/img_4696.jpeg?resize=525%2C300&ssl=1 1.5x, https:\/\/i0.wp.com\/cbdflowersuk.co\/wp-content\/uploads\/2024\/09\/img_4696.jpeg?resize=700%2C400&ssl=1 2x, https:\/\/i0.wp.com\/cbdflowersuk.co\/wp-content\/uploads\/2024\/09\/img_4696.jpeg?resize=1050%2C600&ssl=1 3x"},"classes":[]},{"id":8809,"url":"https:\/\/cbdflowersuk.co\/de\/produkt\/kush-cbd-hash\/","url_meta":{"origin":9493,"position":1},"title":"Master Kush Cbd Hash","author":"manager","date":"Februar 3, 2023","format":false,"excerpt":"10.8% cbd. 0.02%thc All our flowers are 100% organic grown in Europe without any fertiliser chemicals or pesticides.","rel":"","context":"\u00c4hnlicher Beitrag","block_context":{"text":"\u00c4hnlicher Beitrag","link":""},"img":{"alt_text":"","src":"https:\/\/i0.wp.com\/cbdflowersuk.co\/wp-content\/uploads\/2023\/02\/Kush-cbd-hash.jpg?resize=350%2C200&ssl=1","width":350,"height":200,"srcset":"https:\/\/i0.wp.com\/cbdflowersuk.co\/wp-content\/uploads\/2023\/02\/Kush-cbd-hash.jpg?resize=350%2C200&ssl=1 1x, https:\/\/i0.wp.com\/cbdflowersuk.co\/wp-content\/uploads\/2023\/02\/Kush-cbd-hash.jpg?resize=525%2C300&ssl=1 1.5x, https:\/\/i0.wp.com\/cbdflowersuk.co\/wp-content\/uploads\/2023\/02\/Kush-cbd-hash.jpg?resize=700%2C400&ssl=1 2x"},"classes":[]},{"id":9293,"url":"https:\/\/cbdflowersuk.co\/de\/produkt\/dreifach-gefiltertes-cbd-haschisch\/","url_meta":{"origin":9493,"position":2},"title":"Triple filtered CBD hash","author":"manager","date":"Juli 8, 2023","format":false,"excerpt":"70% cbd All our flowers are 100% organic grown in Europe without any fertiliser chemicals or pesticides. \u00a0","rel":"","context":"\u00c4hnlicher Beitrag","block_context":{"text":"\u00c4hnlicher Beitrag","link":""},"img":{"alt_text":"","src":"https:\/\/i0.wp.com\/cbdflowersuk.co\/wp-content\/uploads\/2023\/07\/Triple-filtered-CBD-hash.jpeg?resize=350%2C200&ssl=1","width":350,"height":200,"srcset":"https:\/\/i0.wp.com\/cbdflowersuk.co\/wp-content\/uploads\/2023\/07\/Triple-filtered-CBD-hash.jpeg?resize=350%2C200&ssl=1 1x, https:\/\/i0.wp.com\/cbdflowersuk.co\/wp-content\/uploads\/2023\/07\/Triple-filtered-CBD-hash.jpeg?resize=525%2C300&ssl=1 1.5x, https:\/\/i0.wp.com\/cbdflowersuk.co\/wp-content\/uploads\/2023\/07\/Triple-filtered-CBD-hash.jpeg?resize=700%2C400&ssl=1 2x, https:\/\/i0.wp.com\/cbdflowersuk.co\/wp-content\/uploads\/2023\/07\/Triple-filtered-CBD-hash.jpeg?resize=1050%2C600&ssl=1 3x"},"classes":[]},{"id":9799,"url":"https:\/\/cbdflowersuk.co\/de\/produkt\/nepal-creme-cbd-hash\/","url_meta":{"origin":9493,"position":3},"title":"Choco dry sift","author":"manager","date":"Mai 8, 2024","format":false,"excerpt":"Choco CBD hash 20%CBD under 0.2% thc All our flowers are 100% organic grown in Europe without any fertiliser chemicals or pesticides. \u00a0","rel":"","context":"\u00c4hnlicher Beitrag","block_context":{"text":"\u00c4hnlicher Beitrag","link":""},"img":{"alt_text":"","src":"https:\/\/i0.wp.com\/cbdflowersuk.co\/wp-content\/uploads\/2024\/11\/img_5287.jpeg?resize=350%2C200&ssl=1","width":350,"height":200,"srcset":"https:\/\/i0.wp.com\/cbdflowersuk.co\/wp-content\/uploads\/2024\/11\/img_5287.jpeg?resize=350%2C200&ssl=1 1x, https:\/\/i0.wp.com\/cbdflowersuk.co\/wp-content\/uploads\/2024\/11\/img_5287.jpeg?resize=525%2C300&ssl=1 1.5x, https:\/\/i0.wp.com\/cbdflowersuk.co\/wp-content\/uploads\/2024\/11\/img_5287.jpeg?resize=700%2C400&ssl=1 2x, https:\/\/i0.wp.com\/cbdflowersuk.co\/wp-content\/uploads\/2024\/11\/img_5287.jpeg?resize=1050%2C600&ssl=1 3x"},"classes":[]},{"id":8831,"url":"https:\/\/cbdflowersuk.co\/de\/produkt\/amnesie-dunst-cbd-haschisch\/","url_meta":{"origin":9493,"position":4},"title":"Amnesia haze cbd hash","author":"manager","date":"Februar 4, 2023","format":false,"excerpt":"All our flowers are 100% organic grown in Europe without any fertiliser chemicals or pesticides. \u00a0","rel":"","context":"\u00c4hnlicher Beitrag","block_context":{"text":"\u00c4hnlicher Beitrag","link":""},"img":{"alt_text":"","src":"https:\/\/i0.wp.com\/cbdflowersuk.co\/wp-content\/uploads\/2023\/02\/Amnesia-haze-cbd-hash.jpg?resize=350%2C200&ssl=1","width":350,"height":200,"srcset":"https:\/\/i0.wp.com\/cbdflowersuk.co\/wp-content\/uploads\/2023\/02\/Amnesia-haze-cbd-hash.jpg?resize=350%2C200&ssl=1 1x, https:\/\/i0.wp.com\/cbdflowersuk.co\/wp-content\/uploads\/2023\/02\/Amnesia-haze-cbd-hash.jpg?resize=525%2C300&ssl=1 1.5x, https:\/\/i0.wp.com\/cbdflowersuk.co\/wp-content\/uploads\/2023\/02\/Amnesia-haze-cbd-hash.jpg?resize=700%2C400&ssl=1 2x"},"classes":[]},{"id":8811,"url":"https:\/\/cbdflowersuk.co\/de\/produkt\/zitronen-cbd-haschisch\/","url_meta":{"origin":9493,"position":5},"title":"Lemon cbd hash","author":"manager","date":"Februar 3, 2023","format":false,"excerpt":"7.8% cbd 0.02%thc Overall a Great smooth taste with excellent relaxation benefits.\u00a0","rel":"","context":"\u00c4hnlicher Beitrag","block_context":{"text":"\u00c4hnlicher Beitrag","link":""},"img":{"alt_text":"","src":"https:\/\/i0.wp.com\/cbdflowersuk.co\/wp-content\/uploads\/2023\/02\/Lemon-cbd-hash.jpg?resize=350%2C200&ssl=1","width":350,"height":200,"srcset":"https:\/\/i0.wp.com\/cbdflowersuk.co\/wp-content\/uploads\/2023\/02\/Lemon-cbd-hash.jpg?resize=350%2C200&ssl=1 1x, https:\/\/i0.wp.com\/cbdflowersuk.co\/wp-content\/uploads\/2023\/02\/Lemon-cbd-hash.jpg?resize=525%2C300&ssl=1 1.5x, https:\/\/i0.wp.com\/cbdflowersuk.co\/wp-content\/uploads\/2023\/02\/Lemon-cbd-hash.jpg?resize=700%2C400&ssl=1 2x"},"classes":[]}],"jetpack_sharing_enabled":true,"_links":{"self":[{"href":"https:\/\/cbdflowersuk.co\/de\/wp-json\/wp\/v2\/product\/9493","targetHints":{"allow":["GET"]}}],"collection":[{"href":"https:\/\/cbdflowersuk.co\/de\/wp-json\/wp\/v2\/product"}],"about":[{"href":"https:\/\/cbdflowersuk.co\/de\/wp-json\/wp\/v2\/types\/product"}],"replies":[{"embeddable":true,"href":"https:\/\/cbdflowersuk.co\/de\/wp-json\/wp\/v2\/comments?post=9493"}],"wp:featuredmedia":[{"embeddable":true,"href":"https:\/\/cbdflowersuk.co\/de\/wp-json\/wp\/v2\/media\/9499"}],"wp:attachment":[{"href":"https:\/\/cbdflowersuk.co\/de\/wp-json\/wp\/v2\/media?parent=9493"}],"wp:term":[{"taxonomy":"product_brand","embeddable":true,"href":"https:\/\/cbdflowersuk.co\/de\/wp-json\/wp\/v2\/product_brand?post=9493"},{"taxonomy":"product_cat","embeddable":true,"href":"https:\/\/cbdflowersuk.co\/de\/wp-json\/wp\/v2\/product_cat?post=9493"},{"taxonomy":"product_tag","embeddable":true,"href":"https:\/\/cbdflowersuk.co\/de\/wp-json\/wp\/v2\/product_tag?post=9493"}],"curies":[{"name":"wp","href":"https:\/\/api.w.org\/{rel}","templated":true}]}}