{"id":9293,"date":"2023-07-08T09:45:41","date_gmt":"2023-07-08T09:45:41","guid":{"rendered":"https:\/\/cbdflowersuk.co\/?post_type=product&#038;p=9293"},"modified":"2024-06-24T07:03:43","modified_gmt":"2024-06-24T07:03:43","slug":"triple-filtered-cbd-hash","status":"publish","type":"product","link":"https:\/\/cbdflowersuk.co\/de\/produkt\/dreifach-gefiltertes-cbd-haschisch\/","title":{"rendered":"Dreifach gefiltertes CBD-Haschisch"},"content":{"rendered":"","protected":false},"excerpt":{"rendered":"<p class=\"p1\"><span class=\"s2\"><b><span lang=\"EN-GB\"> 70% cbd<br \/>\nAlle unsere Blumen werden 100% biologisch in Europa ohne chemische D\u00fcngemittel oder Pestizide angebaut.<\/span><\/b><\/span><b><\/b><\/p>\n<p><span class=\"s2\"><b><span lang=\"EN-GB\">\u00a0<\/span><\/b><\/span><\/p>","protected":false},"featured_media":9299,"comment_status":"open","ping_status":"closed","template":"","meta":[],"product_brand":[],"product_cat":[38],"product_tag":[],"class_list":{"0":"post-9293","1":"product","2":"type-product","3":"status-publish","4":"has-post-thumbnail","6":"product_cat-cbd-hash","8":"first","9":"outofstock","10":"shipping-taxable","11":"purchasable","12":"product-type-variable"},"jetpack-related-posts":[{"id":8831,"url":"https:\/\/cbdflowersuk.co\/de\/produkt\/amnesie-dunst-cbd-haschisch\/","url_meta":{"origin":9293,"position":0},"title":"Amnesie Dunst cbd Haschisch","author":"manager","date":"Februar 4, 2023","format":false,"excerpt":"Alle unsere Blumen werden 100% biologisch in Europa ohne chemische D\u00fcngemittel oder Pestizide angebaut. \u00a0","rel":"","context":"\u00c4hnlicher Beitrag","block_context":{"text":"\u00c4hnlicher Beitrag","link":""},"img":{"alt_text":"","src":"https:\/\/i0.wp.com\/cbdflowersuk.co\/wp-content\/uploads\/2023\/02\/Amnesia-haze-cbd-hash.jpg?resize=350%2C200&ssl=1","width":350,"height":200,"srcset":"https:\/\/i0.wp.com\/cbdflowersuk.co\/wp-content\/uploads\/2023\/02\/Amnesia-haze-cbd-hash.jpg?resize=350%2C200&ssl=1 1x, https:\/\/i0.wp.com\/cbdflowersuk.co\/wp-content\/uploads\/2023\/02\/Amnesia-haze-cbd-hash.jpg?resize=525%2C300&ssl=1 1.5x, https:\/\/i0.wp.com\/cbdflowersuk.co\/wp-content\/uploads\/2023\/02\/Amnesia-haze-cbd-hash.jpg?resize=700%2C400&ssl=1 2x"},"classes":[]},{"id":9493,"url":"https:\/\/cbdflowersuk.co\/de\/produkt\/nepal-creme-cbd-hash\/","url_meta":{"origin":9293,"position":1},"title":"Caramelo CBD Haschisch","author":"manager","date":"Oktober 13, 2023","format":false,"excerpt":"Caramelo CBD hash 26%cbd All our flowers are 100% organic grown in Europe without any fertiliser chemicals or pesticides. \u00a0","rel":"","context":"\u00c4hnlicher Beitrag","block_context":{"text":"\u00c4hnlicher Beitrag","link":""},"img":{"alt_text":"","src":"https:\/\/i0.wp.com\/cbdflowersuk.co\/wp-content\/uploads\/2023\/10\/Nepal-cream-CBD-hash.png?resize=350%2C200&ssl=1","width":350,"height":200,"srcset":"https:\/\/i0.wp.com\/cbdflowersuk.co\/wp-content\/uploads\/2023\/10\/Nepal-cream-CBD-hash.png?resize=350%2C200&ssl=1 1x, https:\/\/i0.wp.com\/cbdflowersuk.co\/wp-content\/uploads\/2023\/10\/Nepal-cream-CBD-hash.png?resize=525%2C300&ssl=1 1.5x, https:\/\/i0.wp.com\/cbdflowersuk.co\/wp-content\/uploads\/2023\/10\/Nepal-cream-CBD-hash.png?resize=700%2C400&ssl=1 2x"},"classes":[]},{"id":8809,"url":"https:\/\/cbdflowersuk.co\/de\/produkt\/kush-cbd-hash\/","url_meta":{"origin":9293,"position":2},"title":"Master Kush Cbd Haschisch","author":"manager","date":"Februar 3, 2023","format":false,"excerpt":"10.8% cbd. 0.02%thc Alle unsere Blumen sind 100% organischen in Europa ohne D\u00fcnger Chemikalien oder Pestiziden gewachsen.","rel":"","context":"\u00c4hnlicher Beitrag","block_context":{"text":"\u00c4hnlicher Beitrag","link":""},"img":{"alt_text":"","src":"https:\/\/i0.wp.com\/cbdflowersuk.co\/wp-content\/uploads\/2023\/02\/Kush-cbd-hash.jpg?resize=350%2C200&ssl=1","width":350,"height":200,"srcset":"https:\/\/i0.wp.com\/cbdflowersuk.co\/wp-content\/uploads\/2023\/02\/Kush-cbd-hash.jpg?resize=350%2C200&ssl=1 1x, https:\/\/i0.wp.com\/cbdflowersuk.co\/wp-content\/uploads\/2023\/02\/Kush-cbd-hash.jpg?resize=525%2C300&ssl=1 1.5x, https:\/\/i0.wp.com\/cbdflowersuk.co\/wp-content\/uploads\/2023\/02\/Kush-cbd-hash.jpg?resize=700%2C400&ssl=1 2x"},"classes":[]},{"id":9799,"url":"https:\/\/cbdflowersuk.co\/de\/produkt\/nepal-creme-cbd-hash\/","url_meta":{"origin":9293,"position":3},"title":"Schokolade trocken gesiebt","author":"manager","date":"Mai 8, 2024","format":false,"excerpt":"Choco CBD hash 20%CBD under 0.2% thc All our flowers are 100% organic grown in Europe without any fertiliser chemicals or pesticides. \u00a0","rel":"","context":"\u00c4hnlicher Beitrag","block_context":{"text":"\u00c4hnlicher Beitrag","link":""},"img":{"alt_text":"","src":"https:\/\/i0.wp.com\/cbdflowersuk.co\/wp-content\/uploads\/2024\/11\/img_5287.jpeg?resize=350%2C200&ssl=1","width":350,"height":200,"srcset":"https:\/\/i0.wp.com\/cbdflowersuk.co\/wp-content\/uploads\/2024\/11\/img_5287.jpeg?resize=350%2C200&ssl=1 1x, https:\/\/i0.wp.com\/cbdflowersuk.co\/wp-content\/uploads\/2024\/11\/img_5287.jpeg?resize=525%2C300&ssl=1 1.5x, https:\/\/i0.wp.com\/cbdflowersuk.co\/wp-content\/uploads\/2024\/11\/img_5287.jpeg?resize=700%2C400&ssl=1 2x, https:\/\/i0.wp.com\/cbdflowersuk.co\/wp-content\/uploads\/2024\/11\/img_5287.jpeg?resize=1050%2C600&ssl=1 3x"},"classes":[]},{"id":8863,"url":"https:\/\/cbdflowersuk.co\/de\/produkt\/gelato-bluhte-cbd-tee\/","url_meta":{"origin":9293,"position":4},"title":"Gelato bl\u00fchte cbd Tee","author":"manager","date":"Februar 5, 2023","format":false,"excerpt":"Gelato bl\u00fchte Cbd Tee 17.4% cbd. 0.02% thc. Alle unsere Blumen sind 100% Bio in Europa ohne D\u00fcnger Chemikalien oder Pestiziden gewachsen. \u00a0","rel":"","context":"\u00c4hnlicher Beitrag","block_context":{"text":"\u00c4hnlicher Beitrag","link":""},"img":{"alt_text":"","src":"https:\/\/i0.wp.com\/cbdflowersuk.co\/wp-content\/uploads\/2023\/02\/Cookie-kush-cbd-flowered-tea-1.jpg?resize=350%2C200&ssl=1","width":350,"height":200,"srcset":"https:\/\/i0.wp.com\/cbdflowersuk.co\/wp-content\/uploads\/2023\/02\/Cookie-kush-cbd-flowered-tea-1.jpg?resize=350%2C200&ssl=1 1x, https:\/\/i0.wp.com\/cbdflowersuk.co\/wp-content\/uploads\/2023\/02\/Cookie-kush-cbd-flowered-tea-1.jpg?resize=525%2C300&ssl=1 1.5x, https:\/\/i0.wp.com\/cbdflowersuk.co\/wp-content\/uploads\/2023\/02\/Cookie-kush-cbd-flowered-tea-1.jpg?resize=700%2C400&ssl=1 2x"},"classes":[]},{"id":9591,"url":"https:\/\/cbdflowersuk.co\/de\/produkt\/sherblato-cbd-tee\/","url_meta":{"origin":9293,"position":5},"title":"Sherblato-Hanf-Tee","author":"manager","date":"Februar 22, 2024","format":false,"excerpt":"Unter 0,2%thc Alle unsere Blumen sind 100% biologisch in Europa ohne chemische D\u00fcngemittel oder Pestizide angebaut.","rel":"","context":"\u00c4hnlicher Beitrag","block_context":{"text":"\u00c4hnlicher Beitrag","link":""},"img":{"alt_text":"Cbd flower tea","src":"https:\/\/i0.wp.com\/cbdflowersuk.co\/wp-content\/uploads\/2024\/02\/Sherblato-CBD-tea-20-CBD-0.2thc.jpg?resize=350%2C200&ssl=1","width":350,"height":200,"srcset":"https:\/\/i0.wp.com\/cbdflowersuk.co\/wp-content\/uploads\/2024\/02\/Sherblato-CBD-tea-20-CBD-0.2thc.jpg?resize=350%2C200&ssl=1 1x, https:\/\/i0.wp.com\/cbdflowersuk.co\/wp-content\/uploads\/2024\/02\/Sherblato-CBD-tea-20-CBD-0.2thc.jpg?resize=525%2C300&ssl=1 1.5x, https:\/\/i0.wp.com\/cbdflowersuk.co\/wp-content\/uploads\/2024\/02\/Sherblato-CBD-tea-20-CBD-0.2thc.jpg?resize=700%2C400&ssl=1 2x, https:\/\/i0.wp.com\/cbdflowersuk.co\/wp-content\/uploads\/2024\/02\/Sherblato-CBD-tea-20-CBD-0.2thc.jpg?resize=1050%2C600&ssl=1 3x"},"classes":[]}],"jetpack_sharing_enabled":true,"_links":{"self":[{"href":"https:\/\/cbdflowersuk.co\/de\/wp-json\/wp\/v2\/product\/9293","targetHints":{"allow":["GET"]}}],"collection":[{"href":"https:\/\/cbdflowersuk.co\/de\/wp-json\/wp\/v2\/product"}],"about":[{"href":"https:\/\/cbdflowersuk.co\/de\/wp-json\/wp\/v2\/types\/product"}],"replies":[{"embeddable":true,"href":"https:\/\/cbdflowersuk.co\/de\/wp-json\/wp\/v2\/comments?post=9293"}],"wp:featuredmedia":[{"embeddable":true,"href":"https:\/\/cbdflowersuk.co\/de\/wp-json\/wp\/v2\/media\/9299"}],"wp:attachment":[{"href":"https:\/\/cbdflowersuk.co\/de\/wp-json\/wp\/v2\/media?parent=9293"}],"wp:term":[{"taxonomy":"product_brand","embeddable":true,"href":"https:\/\/cbdflowersuk.co\/de\/wp-json\/wp\/v2\/product_brand?post=9293"},{"taxonomy":"product_cat","embeddable":true,"href":"https:\/\/cbdflowersuk.co\/de\/wp-json\/wp\/v2\/product_cat?post=9293"},{"taxonomy":"product_tag","embeddable":true,"href":"https:\/\/cbdflowersuk.co\/de\/wp-json\/wp\/v2\/product_tag?post=9293"}],"curies":[{"name":"wp","href":"https:\/\/api.w.org\/{rel}","templated":true}]}}