{"id":9263,"date":"2023-07-08T09:42:04","date_gmt":"2023-07-08T09:42:04","guid":{"rendered":"https:\/\/cbdflowersuk.co\/?post_type=product&#038;p=9263"},"modified":"2026-04-17T13:26:59","modified_gmt":"2026-04-17T13:26:59","slug":"og-kush-cbd-tea","status":"publish","type":"product","link":"https:\/\/cbdflowersuk.co\/de\/produkt\/og-kush-cbd-tee\/","title":{"rendered":"Og kush hanf tee"},"content":{"rendered":"<p>Erleben Sie die ikonische Mischung unserer OG Kush<strong> CBD-Tee<\/strong>, ein erstklassiger Aufguss zur Entspannung. Entdecken Sie unser <strong>CBD-Bl\u00fctentee<\/strong> Auswahl f\u00fcr dieses klassische Angebot, erh\u00e4ltlich in Gro\u00dfbritannien. Erh\u00f6hen Sie Ihr Teeerlebnis mit unserer CBD-Bl\u00fcten-Kollektion in Gro\u00dfbritannien, die Sie exklusiv in unserem <strong>CBD-Blumenladen.<\/strong><\/p>","protected":false},"excerpt":{"rendered":"<p><span class=\"s2\"><b><span lang=\"EN-GB\">Bubble gum cbd tea 17%cbd. Under 0.2%thc<br \/>\nAlle unsere Blumen werden 100% biologisch in Europa ohne chemische D\u00fcngemittel oder Pestizide angebaut.<\/span><\/b><\/span><\/p>","protected":false},"featured_media":9270,"comment_status":"open","ping_status":"closed","template":"","meta":[],"product_brand":[],"product_cat":[34],"product_tag":[57],"class_list":{"0":"post-9263","1":"product","2":"type-product","3":"status-publish","4":"has-post-thumbnail","6":"product_cat-cbd-flower-tea","7":"product_tag-14-cbd","9":"first","10":"outofstock","11":"shipping-taxable","12":"purchasable","13":"product-type-variable"},"jetpack-related-posts":[{"id":9398,"url":"https:\/\/cbdflowersuk.co\/de\/produkt\/kryo-gehartetes-kritisches-kush\/","url_meta":{"origin":9263,"position":0},"title":"Kryo-geh\u00e4rteter kritischer Kush-Hanf-Tee","author":"manager","date":"September 19, 2023","format":false,"excerpt":"Bubble gum cbd tea 25%cbd. Under 0.2%thc All our flowers are 100% organic grown in Europe without any fertiliser chemicals or pesticides.","rel":"","context":"\u00c4hnlicher Beitrag","block_context":{"text":"\u00c4hnlicher Beitrag","link":""},"img":{"alt_text":"","src":"https:\/\/i0.wp.com\/cbdflowersuk.co\/wp-content\/uploads\/2023\/09\/Cryo-cured-kritical-kush.jpg?resize=350%2C200&ssl=1","width":350,"height":200,"srcset":"https:\/\/i0.wp.com\/cbdflowersuk.co\/wp-content\/uploads\/2023\/09\/Cryo-cured-kritical-kush.jpg?resize=350%2C200&ssl=1 1x, https:\/\/i0.wp.com\/cbdflowersuk.co\/wp-content\/uploads\/2023\/09\/Cryo-cured-kritical-kush.jpg?resize=525%2C300&ssl=1 1.5x, https:\/\/i0.wp.com\/cbdflowersuk.co\/wp-content\/uploads\/2023\/09\/Cryo-cured-kritical-kush.jpg?resize=700%2C400&ssl=1 2x, https:\/\/i0.wp.com\/cbdflowersuk.co\/wp-content\/uploads\/2023\/09\/Cryo-cured-kritical-kush.jpg?resize=1050%2C600&ssl=1 3x, https:\/\/i0.wp.com\/cbdflowersuk.co\/wp-content\/uploads\/2023\/09\/Cryo-cured-kritical-kush.jpg?resize=1400%2C800&ssl=1 4x"},"classes":[]},{"id":8849,"url":"https:\/\/cbdflowersuk.co\/de\/produkt\/cookie-kush-cbd-geblumter-tee\/","url_meta":{"origin":9263,"position":1},"title":"Cookie kush hanf\nTee","author":"manager","date":"Februar 5, 2023","format":false,"excerpt":"15.8%cbd. 0.02% thc All our flowers are 100% organic grown in Europe without any fertiliser chemicals or pesticides.","rel":"","context":"\u00c4hnlicher Beitrag","block_context":{"text":"\u00c4hnlicher Beitrag","link":""},"img":{"alt_text":"","src":"https:\/\/i0.wp.com\/cbdflowersuk.co\/wp-content\/uploads\/2023\/02\/Cookie-kush-cbd-flowered-tea.jpg?resize=350%2C200&ssl=1","width":350,"height":200,"srcset":"https:\/\/i0.wp.com\/cbdflowersuk.co\/wp-content\/uploads\/2023\/02\/Cookie-kush-cbd-flowered-tea.jpg?resize=350%2C200&ssl=1 1x, https:\/\/i0.wp.com\/cbdflowersuk.co\/wp-content\/uploads\/2023\/02\/Cookie-kush-cbd-flowered-tea.jpg?resize=525%2C300&ssl=1 1.5x, https:\/\/i0.wp.com\/cbdflowersuk.co\/wp-content\/uploads\/2023\/02\/Cookie-kush-cbd-flowered-tea.jpg?resize=700%2C400&ssl=1 2x"},"classes":[]},{"id":8886,"url":"https:\/\/cbdflowersuk.co\/de\/produkt\/sherlato-blume-cbd-tee\/","url_meta":{"origin":9263,"position":2},"title":"El Chapo Hanftee","author":"manager","date":"Februar 5, 2023","format":false,"excerpt":"13.6% cbd 0.02% thc Alle unsere Blumen sind 100% organisch in Europa ohne D\u00fcngemittel oder Pestizide gewachsen. \u00a0","rel":"","context":"Mit 1 Kommentar","block_context":{"text":"Mit 1 Kommentar","link":"https:\/\/cbdflowersuk.co\/de\/produkt\/sherlato-blume-cbd-tee\/#comments"},"img":{"alt_text":"","src":"https:\/\/i0.wp.com\/cbdflowersuk.co\/wp-content\/uploads\/2023\/02\/img_6381.jpeg?resize=350%2C200&ssl=1","width":350,"height":200,"srcset":"https:\/\/i0.wp.com\/cbdflowersuk.co\/wp-content\/uploads\/2023\/02\/img_6381.jpeg?resize=350%2C200&ssl=1 1x, https:\/\/i0.wp.com\/cbdflowersuk.co\/wp-content\/uploads\/2023\/02\/img_6381.jpeg?resize=525%2C300&ssl=1 1.5x, https:\/\/i0.wp.com\/cbdflowersuk.co\/wp-content\/uploads\/2023\/02\/img_6381.jpeg?resize=700%2C400&ssl=1 2x, https:\/\/i0.wp.com\/cbdflowersuk.co\/wp-content\/uploads\/2023\/02\/img_6381.jpeg?resize=1050%2C600&ssl=1 3x"},"classes":[]},{"id":9479,"url":"https:\/\/cbdflowersuk.co\/de\/produkt\/blauschimmelkase-cbd-blutentee\/","url_meta":{"origin":9263,"position":3},"title":"Buddhas Beeren-Hanf-Tee","author":"manager","date":"Oktober 13, 2023","format":false,"excerpt":"Blue cheese CBD flowered tea 12.9%cbd All our flowers are 100% organic grown in Europe without any fertiliser chemicals or pesticides.","rel":"","context":"\u00c4hnlicher Beitrag","block_context":{"text":"\u00c4hnlicher Beitrag","link":""},"img":{"alt_text":"Cbd flower tea","src":"https:\/\/i0.wp.com\/cbdflowersuk.co\/wp-content\/uploads\/2023\/10\/Blue-cheese-CBD-flowered-tea-12.9cbd.jpg?resize=350%2C200&ssl=1","width":350,"height":200,"srcset":"https:\/\/i0.wp.com\/cbdflowersuk.co\/wp-content\/uploads\/2023\/10\/Blue-cheese-CBD-flowered-tea-12.9cbd.jpg?resize=350%2C200&ssl=1 1x, https:\/\/i0.wp.com\/cbdflowersuk.co\/wp-content\/uploads\/2023\/10\/Blue-cheese-CBD-flowered-tea-12.9cbd.jpg?resize=525%2C300&ssl=1 1.5x, https:\/\/i0.wp.com\/cbdflowersuk.co\/wp-content\/uploads\/2023\/10\/Blue-cheese-CBD-flowered-tea-12.9cbd.jpg?resize=700%2C400&ssl=1 2x, https:\/\/i0.wp.com\/cbdflowersuk.co\/wp-content\/uploads\/2023\/10\/Blue-cheese-CBD-flowered-tea-12.9cbd.jpg?resize=1050%2C600&ssl=1 3x, https:\/\/i0.wp.com\/cbdflowersuk.co\/wp-content\/uploads\/2023\/10\/Blue-cheese-CBD-flowered-tea-12.9cbd.jpg?resize=1400%2C800&ssl=1 4x"},"classes":[]},{"id":9279,"url":"https:\/\/cbdflowersuk.co\/de\/produkt\/stardawg-cbd-tee\/","url_meta":{"origin":9263,"position":4},"title":"Stardawg Hanftee","author":"manager","date":"Juli 8, 2023","format":false,"excerpt":"Bubble gum cbd tea 20%cbd. Under 0.2%thc All our flowers are 100% organic grown in Europe without any fertiliser chemicals or pesticides.","rel":"","context":"\u00c4hnlicher Beitrag","block_context":{"text":"\u00c4hnlicher Beitrag","link":""},"img":{"alt_text":"","src":"https:\/\/i0.wp.com\/cbdflowersuk.co\/wp-content\/uploads\/2023\/07\/Stardawg-CBD-tea.jpeg?resize=350%2C200&ssl=1","width":350,"height":200,"srcset":"https:\/\/i0.wp.com\/cbdflowersuk.co\/wp-content\/uploads\/2023\/07\/Stardawg-CBD-tea.jpeg?resize=350%2C200&ssl=1 1x, https:\/\/i0.wp.com\/cbdflowersuk.co\/wp-content\/uploads\/2023\/07\/Stardawg-CBD-tea.jpeg?resize=525%2C300&ssl=1 1.5x, https:\/\/i0.wp.com\/cbdflowersuk.co\/wp-content\/uploads\/2023\/07\/Stardawg-CBD-tea.jpeg?resize=700%2C400&ssl=1 2x, https:\/\/i0.wp.com\/cbdflowersuk.co\/wp-content\/uploads\/2023\/07\/Stardawg-CBD-tea.jpeg?resize=1050%2C600&ssl=1 3x"},"classes":[]},{"id":9271,"url":"https:\/\/cbdflowersuk.co\/de\/produkt\/lila-punsch-cbd-tee\/","url_meta":{"origin":9263,"position":5},"title":"Lila Punsch CBD-Tee","author":"manager","date":"Juli 8, 2023","format":false,"excerpt":"Bubble gum cbd tea 16%cbd. Under 0.2%thc All our flowers are 100% organic grown in Europe without any fertiliser chemicals or pesticides.","rel":"","context":"\u00c4hnlicher Beitrag","block_context":{"text":"\u00c4hnlicher Beitrag","link":""},"img":{"alt_text":"Cbd flower tea","src":"https:\/\/i0.wp.com\/cbdflowersuk.co\/wp-content\/uploads\/2023\/07\/Purple-punch-CBD-tea.jpeg?resize=350%2C200&ssl=1","width":350,"height":200,"srcset":"https:\/\/i0.wp.com\/cbdflowersuk.co\/wp-content\/uploads\/2023\/07\/Purple-punch-CBD-tea.jpeg?resize=350%2C200&ssl=1 1x, https:\/\/i0.wp.com\/cbdflowersuk.co\/wp-content\/uploads\/2023\/07\/Purple-punch-CBD-tea.jpeg?resize=525%2C300&ssl=1 1.5x, https:\/\/i0.wp.com\/cbdflowersuk.co\/wp-content\/uploads\/2023\/07\/Purple-punch-CBD-tea.jpeg?resize=700%2C400&ssl=1 2x, https:\/\/i0.wp.com\/cbdflowersuk.co\/wp-content\/uploads\/2023\/07\/Purple-punch-CBD-tea.jpeg?resize=1050%2C600&ssl=1 3x"},"classes":[]}],"jetpack_sharing_enabled":true,"_links":{"self":[{"href":"https:\/\/cbdflowersuk.co\/de\/wp-json\/wp\/v2\/product\/9263","targetHints":{"allow":["GET"]}}],"collection":[{"href":"https:\/\/cbdflowersuk.co\/de\/wp-json\/wp\/v2\/product"}],"about":[{"href":"https:\/\/cbdflowersuk.co\/de\/wp-json\/wp\/v2\/types\/product"}],"replies":[{"embeddable":true,"href":"https:\/\/cbdflowersuk.co\/de\/wp-json\/wp\/v2\/comments?post=9263"}],"wp:featuredmedia":[{"embeddable":true,"href":"https:\/\/cbdflowersuk.co\/de\/wp-json\/wp\/v2\/media\/9270"}],"wp:attachment":[{"href":"https:\/\/cbdflowersuk.co\/de\/wp-json\/wp\/v2\/media?parent=9263"}],"wp:term":[{"taxonomy":"product_brand","embeddable":true,"href":"https:\/\/cbdflowersuk.co\/de\/wp-json\/wp\/v2\/product_brand?post=9263"},{"taxonomy":"product_cat","embeddable":true,"href":"https:\/\/cbdflowersuk.co\/de\/wp-json\/wp\/v2\/product_cat?post=9263"},{"taxonomy":"product_tag","embeddable":true,"href":"https:\/\/cbdflowersuk.co\/de\/wp-json\/wp\/v2\/product_tag?post=9263"}],"curies":[{"name":"wp","href":"https:\/\/api.w.org\/{rel}","templated":true}]}}