{"id":9188,"date":"2023-03-27T22:23:40","date_gmt":"2023-03-27T22:23:40","guid":{"rendered":"https:\/\/cbdflowersuk.co\/?post_type=product&#038;p=9188"},"modified":"2024-05-16T10:56:12","modified_gmt":"2024-05-16T10:56:12","slug":"strawberry-cbd-shake-5g","status":"publish","type":"product","link":"https:\/\/cbdflowersuk.co\/de\/produkt\/erdbeere-cbd-shake-5g\/","title":{"rendered":"Erdbeer-Hanf-Tee-Shake - 10g"},"content":{"rendered":"","protected":false},"excerpt":{"rendered":"<p><span class=\"s2\"><b><span lang=\"EN-GB\"> Alle unsere Blumen werden 100% biologisch in Europa ohne chemische D\u00fcngemittel oder Pestizide angebaut.<\/span><\/b><\/span><b><\/b><\/p>","protected":false},"featured_media":9189,"comment_status":"open","ping_status":"closed","template":"","meta":[],"product_brand":[],"product_cat":[34],"product_tag":[],"class_list":{"0":"post-9188","1":"product","2":"type-product","3":"status-publish","4":"has-post-thumbnail","6":"product_cat-cbd-flower-tea","8":"first","9":"outofstock","10":"shipping-taxable","11":"purchasable","12":"product-type-simple"},"jetpack-related-posts":[{"id":9167,"url":"https:\/\/cbdflowersuk.co\/de\/produkt\/mango-cbd-shake-5g\/","url_meta":{"origin":9188,"position":0},"title":"Mango-Hanf-Tee-Shake - 10g","author":"manager","date":"M\u00e4rz 27, 2023","format":false,"excerpt":"Alle unsere Blumen werden 100% biologisch in Europa ohne chemische D\u00fcngemittel oder Pestizide angebaut.","rel":"","context":"\u00c4hnlicher Beitrag","block_context":{"text":"\u00c4hnlicher Beitrag","link":""},"img":{"alt_text":"Cbd flower tea","src":"https:\/\/i0.wp.com\/cbdflowersuk.co\/wp-content\/uploads\/2023\/03\/Mango-CBD-shake.jpg?resize=350%2C200&ssl=1","width":350,"height":200,"srcset":"https:\/\/i0.wp.com\/cbdflowersuk.co\/wp-content\/uploads\/2023\/03\/Mango-CBD-shake.jpg?resize=350%2C200&ssl=1 1x, https:\/\/i0.wp.com\/cbdflowersuk.co\/wp-content\/uploads\/2023\/03\/Mango-CBD-shake.jpg?resize=525%2C300&ssl=1 1.5x, https:\/\/i0.wp.com\/cbdflowersuk.co\/wp-content\/uploads\/2023\/03\/Mango-CBD-shake.jpg?resize=700%2C400&ssl=1 2x"},"classes":[]},{"id":9170,"url":"https:\/\/cbdflowersuk.co\/de\/produkt\/sherlato-cbd-schutteln-5g\/","url_meta":{"origin":9188,"position":1},"title":"Sherlato Hanf-Tee-Shake - 10g","author":"manager","date":"M\u00e4rz 27, 2023","format":false,"excerpt":"Alle unsere Blumen werden 100% biologisch in Europa ohne chemische D\u00fcngemittel oder Pestizide angebaut.","rel":"","context":"\u00c4hnlicher Beitrag","block_context":{"text":"\u00c4hnlicher Beitrag","link":""},"img":{"alt_text":"Cbd flower tea","src":"https:\/\/i0.wp.com\/cbdflowersuk.co\/wp-content\/uploads\/2023\/03\/Strawberry-CBD-shake.jpg?resize=350%2C200&ssl=1","width":350,"height":200,"srcset":"https:\/\/i0.wp.com\/cbdflowersuk.co\/wp-content\/uploads\/2023\/03\/Strawberry-CBD-shake.jpg?resize=350%2C200&ssl=1 1x, https:\/\/i0.wp.com\/cbdflowersuk.co\/wp-content\/uploads\/2023\/03\/Strawberry-CBD-shake.jpg?resize=525%2C300&ssl=1 1.5x, https:\/\/i0.wp.com\/cbdflowersuk.co\/wp-content\/uploads\/2023\/03\/Strawberry-CBD-shake.jpg?resize=700%2C400&ssl=1 2x"},"classes":[]},{"id":9165,"url":"https:\/\/cbdflowersuk.co\/de\/produkt\/gelato-cbd-shake-5g\/","url_meta":{"origin":9188,"position":2},"title":"Gelato Hanf-Tee-Shake - 10g","author":"manager","date":"M\u00e4rz 27, 2023","format":false,"excerpt":"Alle unsere Blumen werden 100% biologisch in Europa ohne chemische D\u00fcngemittel oder Pestizide angebaut.","rel":"","context":"\u00c4hnlicher Beitrag","block_context":{"text":"\u00c4hnlicher Beitrag","link":""},"img":{"alt_text":"","src":"https:\/\/i0.wp.com\/cbdflowersuk.co\/wp-content\/uploads\/2023\/03\/Gelato-CBD-shake.jpg?resize=350%2C200&ssl=1","width":350,"height":200,"srcset":"https:\/\/i0.wp.com\/cbdflowersuk.co\/wp-content\/uploads\/2023\/03\/Gelato-CBD-shake.jpg?resize=350%2C200&ssl=1 1x, https:\/\/i0.wp.com\/cbdflowersuk.co\/wp-content\/uploads\/2023\/03\/Gelato-CBD-shake.jpg?resize=525%2C300&ssl=1 1.5x, https:\/\/i0.wp.com\/cbdflowersuk.co\/wp-content\/uploads\/2023\/03\/Gelato-CBD-shake.jpg?resize=700%2C400&ssl=1 2x"},"classes":[]},{"id":8878,"url":"https:\/\/cbdflowersuk.co\/de\/produkt\/erdbeerblutiger-cbd-tee\/","url_meta":{"origin":9188,"position":3},"title":"Erdbeer-Hanf-Tee","author":"manager","date":"Februar 5, 2023","format":false,"excerpt":"13.7%cbd. 0.02%thc All our flowers are 100% organic grown in Europe without any fertiliser chemicals or pesticides.","rel":"","context":"\u00c4hnlicher Beitrag","block_context":{"text":"\u00c4hnlicher Beitrag","link":""},"img":{"alt_text":"","src":"https:\/\/i0.wp.com\/cbdflowersuk.co\/wp-content\/uploads\/2023\/02\/Strawberry-flowered-cbd-tea.jpg?resize=350%2C200&ssl=1","width":350,"height":200,"srcset":"https:\/\/i0.wp.com\/cbdflowersuk.co\/wp-content\/uploads\/2023\/02\/Strawberry-flowered-cbd-tea.jpg?resize=350%2C200&ssl=1 1x, https:\/\/i0.wp.com\/cbdflowersuk.co\/wp-content\/uploads\/2023\/02\/Strawberry-flowered-cbd-tea.jpg?resize=525%2C300&ssl=1 1.5x, https:\/\/i0.wp.com\/cbdflowersuk.co\/wp-content\/uploads\/2023\/02\/Strawberry-flowered-cbd-tea.jpg?resize=700%2C400&ssl=1 2x"},"classes":[]},{"id":9161,"url":"https:\/\/cbdflowersuk.co\/de\/produkt\/amnesia-cbd-shake-5g\/","url_meta":{"origin":9188,"position":4},"title":"Mixed tea smalls- 28g","author":"manager","date":"M\u00e4rz 27, 2023","format":false,"excerpt":"Alle unsere Blumen werden 100% biologisch in Europa ohne chemische D\u00fcngemittel oder Pestizide angebaut.","rel":"","context":"Mit 2 Kommentaren","block_context":{"text":"Mit 2 Kommentaren","link":"https:\/\/cbdflowersuk.co\/de\/produkt\/amnesia-cbd-shake-5g\/#comments"},"img":{"alt_text":"","src":"https:\/\/i0.wp.com\/cbdflowersuk.co\/wp-content\/uploads\/2023\/03\/Amnesia-CBD-shake.jpg?resize=350%2C200&ssl=1","width":350,"height":200,"srcset":"https:\/\/i0.wp.com\/cbdflowersuk.co\/wp-content\/uploads\/2023\/03\/Amnesia-CBD-shake.jpg?resize=350%2C200&ssl=1 1x, https:\/\/i0.wp.com\/cbdflowersuk.co\/wp-content\/uploads\/2023\/03\/Amnesia-CBD-shake.jpg?resize=525%2C300&ssl=1 1.5x, https:\/\/i0.wp.com\/cbdflowersuk.co\/wp-content\/uploads\/2023\/03\/Amnesia-CBD-shake.jpg?resize=700%2C400&ssl=1 2x"},"classes":[]},{"id":8869,"url":"https:\/\/cbdflowersuk.co\/de\/produkt\/mr-nice-cbd-blumiger-tee\/","url_meta":{"origin":9188,"position":5},"title":"Herr sch\u00f6ner Hanftee","author":"manager","date":"Februar 5, 2023","format":false,"excerpt":"Alle unsere Blumen werden 100% biologisch in Europa ohne chemische D\u00fcngemittel oder Pestizide angebaut.","rel":"","context":"\u00c4hnlicher Beitrag","block_context":{"text":"\u00c4hnlicher Beitrag","link":""},"img":{"alt_text":"","src":"https:\/\/i0.wp.com\/cbdflowersuk.co\/wp-content\/uploads\/2023\/02\/Glookies-cbd-flowered-tea.jpg?resize=350%2C200&ssl=1","width":350,"height":200,"srcset":"https:\/\/i0.wp.com\/cbdflowersuk.co\/wp-content\/uploads\/2023\/02\/Glookies-cbd-flowered-tea.jpg?resize=350%2C200&ssl=1 1x, https:\/\/i0.wp.com\/cbdflowersuk.co\/wp-content\/uploads\/2023\/02\/Glookies-cbd-flowered-tea.jpg?resize=525%2C300&ssl=1 1.5x, https:\/\/i0.wp.com\/cbdflowersuk.co\/wp-content\/uploads\/2023\/02\/Glookies-cbd-flowered-tea.jpg?resize=700%2C400&ssl=1 2x"},"classes":[]}],"jetpack_sharing_enabled":true,"_links":{"self":[{"href":"https:\/\/cbdflowersuk.co\/de\/wp-json\/wp\/v2\/product\/9188","targetHints":{"allow":["GET"]}}],"collection":[{"href":"https:\/\/cbdflowersuk.co\/de\/wp-json\/wp\/v2\/product"}],"about":[{"href":"https:\/\/cbdflowersuk.co\/de\/wp-json\/wp\/v2\/types\/product"}],"replies":[{"embeddable":true,"href":"https:\/\/cbdflowersuk.co\/de\/wp-json\/wp\/v2\/comments?post=9188"}],"wp:featuredmedia":[{"embeddable":true,"href":"https:\/\/cbdflowersuk.co\/de\/wp-json\/wp\/v2\/media\/9189"}],"wp:attachment":[{"href":"https:\/\/cbdflowersuk.co\/de\/wp-json\/wp\/v2\/media?parent=9188"}],"wp:term":[{"taxonomy":"product_brand","embeddable":true,"href":"https:\/\/cbdflowersuk.co\/de\/wp-json\/wp\/v2\/product_brand?post=9188"},{"taxonomy":"product_cat","embeddable":true,"href":"https:\/\/cbdflowersuk.co\/de\/wp-json\/wp\/v2\/product_cat?post=9188"},{"taxonomy":"product_tag","embeddable":true,"href":"https:\/\/cbdflowersuk.co\/de\/wp-json\/wp\/v2\/product_tag?post=9188"}],"curies":[{"name":"wp","href":"https:\/\/api.w.org\/{rel}","templated":true}]}}