{"id":84,"date":"2022-05-11T19:06:15","date_gmt":"2022-05-11T19:06:15","guid":{"rendered":"http:\/\/localhost:8888\/test\/?page_id=520"},"modified":"2024-04-24T15:31:43","modified_gmt":"2024-04-24T15:31:43","slug":"about","status":"publish","type":"page","link":"https:\/\/cbdflowersuk.co\/de\/uber-2\/","title":{"rendered":"\u00dcber"},"content":{"rendered":"<div class=\"banner has-hover has-parallax\" id=\"banner-1301202564\">\n          <div class=\"banner-inner fill\">\n        <div class=\"banner-bg fill\" data-parallax=\"-3\" data-parallax-container=\".banner\" data-parallax-background>\n            <div class=\"bg fill bg-fill bg-loaded\"><\/div>\n                        <div class=\"overlay\"><\/div>            \n                    <\/div>\n\t\t\n        <div class=\"banner-layers container\">\n            <div class=\"fill banner-link\"><\/div>            \n\n   <div id=\"text-box-1034056239\" class=\"text-box banner-layer x50 md-x50 lg-x50 y80 md-y80 lg-y80 res-text\">\n                                <div class=\"text-box-content text dark\">\n              \n              <div class=\"text-inner text-center\">\n                  \n\n<h1>Cbd Blumenladen<\/h1>\n<p class=\"lead\">Cbd Blumen Uk <\/p>\n\n\n              <\/div>\n           <\/div>\n                            \n<style>\n#text-box-1034056239 {\n  width: 64%;\n}\n#text-box-1034056239 .text-box-content {\n  font-size: 100%;\n}\n<\/style>\n    <\/div>\n \n\n        <\/div>\n      <\/div>\n\n            \n<style>\n#banner-1301202564 {\n  padding-top: 307px;\n}\n#banner-1301202564 .bg.bg-loaded {\n  background-image: url(https:\/\/cbdflowersuk.co\/wp-content\/uploads\/2023\/01\/3-1.png);\n}\n#banner-1301202564 .overlay {\n  background-color: rgba(0, 0, 0, 0.49);\n}\n#banner-1301202564 .bg {\n  background-position: 52% 51%;\n}\n<\/style>\n  <\/div>\n\n\n<div class=\"row align-center\"  id=\"row-367239176\">\n\n\n\t<div id=\"col-1055587774\" class=\"col medium-9 small-12 large-9\"  >\n\t\t\t\t<div class=\"col-inner\"  >\n\t\t\t\n\t\t\t\n\n<p class=\"lead text-center\">Cbd Flowers Uk hat sich verpflichtet, CBD-Produkte von h\u00f6chster Qualit\u00e4t und einen au\u00dfergew\u00f6hnlichen Kundenservice zu bieten. <\/p>\n<p class=\"lead  text-center\">Unser Ziel ist es, die Menschen \u00fcber die unz\u00e4hligen gesundheitlichen Vorteile von CBD-Produkten f\u00fcr den menschlichen K\u00f6rper aufzukl\u00e4ren.<\/p>\n<div class=\"text-center\"><div class=\"is-divider divider clearfix\" ><\/div><\/div>\n\n\n\t\t<\/div>\n\t\t\t\t\t<\/div>\n\n\t\n\n<\/div>\n\t<section class=\"section\" id=\"section_1809278081\">\n\t\t<div class=\"bg section-bg fill bg-fill bg-loaded bg-loaded\" >\n\n\t\t\t\n\t\t\t\n\t\t\t\n\n\t\t<\/div>\n\n\t\t\n\n\t\t<div class=\"section-content relative\">\n\t\t\t\n\n\t<div id=\"gap-748254228\" class=\"gap-element clearfix\" style=\"display:block; height:auto;\">\n\t\t\n<style>\n#gap-748254228 {\n  padding-top: 30px;\n}\n<\/style>\n\t<\/div>\n\t\n\n<div class=\"row align-middle align-center\"  id=\"row-1220056094\">\n\n\n\t<div id=\"col-934797202\" class=\"col medium-12 small-12 large-6\"  >\n\t\t\t\t<div class=\"col-inner\"  >\n\t\t\t\n\t\t\t\n\n<div class=\"row\"  id=\"row-1850438030\">\n\n\n\t<div id=\"col-954595782\" class=\"col medium-6 small-12 large-7\"  >\n\t\t\t\t<div class=\"col-inner\"  >\n\t\t\t\n\t\t\t\n\n\n  <div class=\"banner has-hover\" id=\"banner-244692063\">\n          <div class=\"banner-inner fill\">\n        <div class=\"banner-bg fill\" >\n            <div class=\"bg fill bg-fill bg-loaded\"><\/div>\n                                    \n                    <\/div>\n\t\t\n        <div class=\"banner-layers container\">\n            <div class=\"fill banner-link\"><\/div>            \n\n\n        <\/div>\n      <\/div>\n\n            \n<style>\n#banner-244692063 {\n  padding-top: 99.99%;\n  background-color: rgba(0, 0, 0, 0);\n}\n#banner-244692063 .bg.bg-loaded {\n  background-image: url(https:\/\/cbdflowersuk.co\/wp-content\/uploads\/2023\/02\/4.png);\n}\n#banner-244692063 .bg {\n  background-position: 0% 38%;\n}\n@media (min-width:550px) {\n  #banner-244692063 {\n    padding-top: 150%;\n  }\n}\n@media (min-width:850px) {\n  #banner-244692063 {\n    padding-top: 117%;\n  }\n}\n<\/style>\n  <\/div>\n\n\n\n\t\t<\/div>\n\t\t\t\t\t<\/div>\n\n\t\n\n\t<div id=\"col-1105487575\" class=\"col medium-6 small-12 large-5\"  >\n\t\t\t\t<div class=\"col-inner\"  >\n\t\t\t\n\t\t\t\n\n\t<div class=\"img has-hover x md-x lg-x y md-y lg-y\" id=\"image_144983726\">\n\t\t\t\t\t\t\t\t<div class=\"img-inner dark\" >\n\t\t\t<img loading=\"lazy\" decoding=\"async\" width=\"569\" height=\"543\" src=\"https:\/\/cbdflowersuk.co\/wp-content\/uploads\/2023\/02\/logo.png\" class=\"attachment-large size-large\" alt=\"\" srcset=\"https:\/\/cbdflowersuk.co\/wp-content\/uploads\/2023\/02\/logo.png 569w, https:\/\/cbdflowersuk.co\/wp-content\/uploads\/2023\/02\/logo-419x400.png 419w\" sizes=\"auto, (max-width: 569px) 100vw, 569px\" \/>\t\t\t\t\t\t\n\t\t\t\t\t<\/div>\n\t\t\t\t\t\t\t\t\n<style>\n#image_144983726 {\n  width: 100%;\n}\n<\/style>\n\t<\/div>\n\t\n\n\n\t\t<\/div>\n\t\t\t\t\t<\/div>\n\n\t\n\n<\/div>\n<div class=\"row align-right\"  id=\"row-154059386\">\n\n\n\t<div id=\"col-43731777\" class=\"col medium-7 small-12 large-7\"  >\n\t\t\t\t<div class=\"col-inner\"  >\n\t\t\t\n\t\t\t\n\n\n  <div class=\"banner has-hover\" id=\"banner-1327219920\">\n          <div class=\"banner-inner fill\">\n        <div class=\"banner-bg fill\" >\n            <div class=\"bg fill bg-fill bg-loaded\"><\/div>\n                                    \n                    <\/div>\n\t\t\n        <div class=\"banner-layers container\">\n            <div class=\"fill banner-link\"><\/div>            \n\n\n        <\/div>\n      <\/div>\n\n            \n<style>\n#banner-1327219920 {\n  padding-top: 60%;\n  background-color: rgba(0, 0, 0, 0);\n}\n#banner-1327219920 .bg.bg-loaded {\n  background-image: url(https:\/\/cbdflowersuk.co\/wp-content\/uploads\/2023\/02\/2600-1200x800.jpeg);\n}\n@media (min-width:550px) {\n  #banner-1327219920 {\n    padding-top: 75%;\n  }\n}\n<\/style>\n  <\/div>\n\n\n\n\t\t<\/div>\n\t\t\t\t\n<style>\n#col-43731777 > .col-inner {\n  margin: 0 0px 0px 0px;\n}\n@media (min-width:550px) {\n  #col-43731777 > .col-inner {\n    margin: -290px 0px 0px 0px;\n  }\n}\n@media (min-width:850px) {\n  #col-43731777 > .col-inner {\n    margin: -165px 0px 0px 0px;\n  }\n}\n<\/style>\n\t<\/div>\n\n\t\n\n<\/div>\n\n\t\t<\/div>\n\t\t\t\t\t<\/div>\n\n\t\n\n\t<div id=\"col-850316098\" class=\"col medium-12 small-12 large-6\"  >\n\t\t\t\t<div class=\"col-inner\"  >\n\t\t\t\n\t\t\t\n\n\t<div id=\"text-1654567563\" class=\"text\">\n\t\t\n\n<h2>Warum bei Cbd Flowers Uk kaufen?<\/h2>\n\t\t\n<style>\n#text-1654567563 {\n  font-size: 1.3rem;\n}\n<\/style>\n\t<\/div>\n\t\n<p><strong>Wir glauben daran, dass das Potenzial von CBD genutzt werden kann, um eine gesunde Lebensweise zu f\u00f6rdern und fordern andere aktiv dazu auf, dasselbe zu tun.<\/strong> Seitdem wir unsere T\u00fcren ge\u00f6ffnet haben, sind wir als Branchenexperten anerkannt, die nie in ihrem Engagement nachlassen, ihren Kunden erstklassige Artikel zu liefern, die ihre Lebensqualit\u00e4t verbessern.<\/p>\n<p>Nehmen Sie Kontakt mit uns auf, wenn Sie Fragen haben oder mehr dar\u00fcber erfahren m\u00f6chten, wie unsere <a class=\"wpil_keyword_link\" href=\"https:\/\/cbdflowersuk.co\/de\/product-category\/cbd-oil\/\"   title=\"CBD-\u00d6l\" data-wpil-keyword-link=\"linked\"  data-wpil-monitor-id=\"4\">CBD-\u00d6l<\/a> Sie profitieren k\u00f6nnen. Einfach ausgedr\u00fcckt: Wir sind hier, um Ihnen Erleichterung zu verschaffen, indem wir Ihnen die Waren liefern, die Ihnen helfen, sich wieder besser zu f\u00fchlen.<\/p>\n\n\t\t<\/div>\n\t\t\t\t\n<style>\n#col-850316098 > .col-inner {\n  padding: 0px 0 0px 0px;\n}\n@media (min-width:550px) {\n  #col-850316098 > .col-inner {\n    padding: 0px 10% 0px 0px;\n  }\n}\n@media (min-width:850px) {\n  #col-850316098 > .col-inner {\n    padding: 0px 0px 0px 15%;\n  }\n}\n<\/style>\n\t<\/div>\n\n\t\n\n<\/div>\n\n\t\t<\/div>\n\n\t\t\n<style>\n#section_1809278081 {\n  padding-top: 30px;\n  padding-bottom: 30px;\n}\n<\/style>\n\t<\/section>\n\t\n\t<section class=\"section\" id=\"section_822918987\">\n\t\t<div class=\"bg section-bg fill bg-fill bg-loaded\" >\n\n\t\t\t\n\t\t\t\n\t\t\t\n\n\t\t<\/div>\n\n\t\t\n\n\t\t<div class=\"section-content relative\">\n\t\t\t\n\n\n\t\t<\/div>\n\n\t\t\n<style>\n#section_822918987 {\n  padding-top: 30px;\n  padding-bottom: 30px;\n  min-height: 250px;\n}\n#section_822918987 .section-bg.bg-loaded {\n  background-image: url(https:\/\/cbdflowersuk.co\/wp-content\/uploads\/2023\/02\/2-1.jpg);\n}\n#section_822918987 .section-bg {\n  background-position: 46% 59%;\n}\n@media (min-width:550px) {\n  #section_822918987 {\n    min-height: 325px;\n  }\n}\n<\/style>\n\t<\/section>\n\t\n\t<section class=\"section\" id=\"section_265365072\">\n\t\t<div class=\"bg section-bg fill bg-fill bg-loaded bg-loaded\" >\n\n\t\t\t\n\t\t\t\n\t\t\t\n\n\t\t<\/div>\n\n\t\t\n\n\t\t<div class=\"section-content relative\">\n\t\t\t\n\n\t<div id=\"gap-1846093735\" class=\"gap-element clearfix\" style=\"display:block; height:auto;\">\n\t\t\n<style>\n#gap-1846093735 {\n  padding-top: 20px;\n}\n@media (min-width:550px) {\n  #gap-1846093735 {\n    padding-top: 40px;\n  }\n}\n<\/style>\n\t<\/div>\n\t\n\n<div class=\"row\"  id=\"row-1245823868\">\n\n\n\t<div id=\"col-86488845\" class=\"col medium-4 small-12 large-4\"  >\n\t\t\t\t<div class=\"col-inner\"  >\n\t\t\t\n\t\t\t\n\n\t<div id=\"gap-1353905165\" class=\"gap-element clearfix hide-for-medium\" style=\"display:block; height:auto;\">\n\t\t\n<style>\n#gap-1353905165 {\n  padding-top: 10px;\n}\n<\/style>\n\t<\/div>\n\t\n\n\t<div id=\"text-1917588598\" class=\"text\">\n\t\t\n\n<h3>HIEB- UND STICHFESTE GARANTIE<\/h3>\n\t\t\n<style>\n#text-1917588598 {\n  font-size: 1.25rem;\n  line-height: 1.25;\n}\n@media (min-width:850px) {\n  #text-1917588598 {\n    line-height: 1.25;\n  }\n}\n<\/style>\n\t<\/div>\n\t\n<a href=\"https:\/\/cbdflowersuk.co\/de\/kontakt-2\/\" target=\"_self\" class=\"button success is-link\"  >\n    <span>Kontakt aufnehmen<\/span>\n  <i class=\"icon-angle-right\" aria-hidden=\"true\" ><\/i><\/a>\n\n\n\n\t\t<\/div>\n\t\t\t\t\n<style>\n#col-86488845 > .col-inner {\n  margin: 0px 0px -20px 0px;\n}\n<\/style>\n\t<\/div>\n\n\t\n\n\t<div id=\"col-1005478990\" class=\"col medium-8 small-12 large-8\"  >\n\t\t\t\t<div class=\"col-inner\"  >\n\t\t\t\n\t\t\t\n\n<p>Wir stehen hinter den Produkten, die wir anbieten, mit einer 100% Zufriedenheitsgarantie. Unsere Kunden sind sich einig, dass wir nur den besten Service bieten und Ihre Waren in einer kurzen Zeit versenden.<\/p>\n<p>Wenn Sie nicht den erwarteten Service erhalten und mit Ihrem Kauf nicht zufrieden sind, setzen Sie sich bitte mit unserem Team in Verbindung. Ihre Meinung ist uns wichtig.<\/p>\n\n\t\t<\/div>\n\t\t\t\t\t<\/div>\n\n\t\n\n<\/div>\n\n\t\t<\/div>\n\n\t\t\n<style>\n#section_265365072 {\n  padding-top: 30px;\n  padding-bottom: 30px;\n}\n<\/style>\n\t<\/section>","protected":false},"excerpt":{"rendered":"","protected":false},"author":1,"featured_media":18,"parent":0,"menu_order":0,"comment_status":"closed","ping_status":"closed","template":"page-blank.php","meta":{"footnotes":""},"class_list":["post-84","page","type-page","status-publish","has-post-thumbnail","hentry"],"jetpack-related-posts":[{"id":92,"url":"https:\/\/cbdflowersuk.co\/de\/","url_meta":{"origin":84,"position":0},"title":"The CBD Flower Shop | Buy CBD Flowers Online","author":"manager","date":"Juni 6, 2022","format":false,"excerpt":"","rel":"","context":"\u00c4hnlicher Beitrag","block_context":{"text":"\u00c4hnlicher Beitrag","link":""},"img":{"alt_text":"","src":"https:\/\/i0.wp.com\/cbdflowersuk.co\/wp-content\/uploads\/2016\/08\/dummy-1.jpg?resize=350%2C200&ssl=1","width":350,"height":200},"classes":[]},{"id":82,"url":"https:\/\/cbdflowersuk.co\/de\/kontakt-2\/","url_meta":{"origin":84,"position":1},"title":"Contact","author":"manager","date":"Juni 11, 2022","format":false,"excerpt":"","rel":"","context":"\u00c4hnlicher Beitrag","block_context":{"text":"\u00c4hnlicher Beitrag","link":""},"img":{"alt_text":"","src":"https:\/\/i0.wp.com\/cbdflowersuk.co\/wp-content\/uploads\/2016\/08\/dummy-1.jpg?resize=350%2C200&ssl=1","width":350,"height":200},"classes":[]},{"id":9034,"url":"https:\/\/cbdflowersuk.co\/de\/cbd-labortest-2\/","url_meta":{"origin":84,"position":2},"title":"Cbd Lab Test","author":"manager","date":"Februar 15, 2023","format":false,"excerpt":"","rel":"","context":"\u00c4hnlicher Beitrag","block_context":{"text":"\u00c4hnlicher Beitrag","link":""},"img":{"alt_text":"","src":"","width":0,"height":0},"classes":[]},{"id":79,"url":"https:\/\/cbdflowersuk.co\/de\/faq-2\/","url_meta":{"origin":84,"position":3},"title":"FAQ","author":"manager","date":"Juni 11, 2022","format":false,"excerpt":"","rel":"","context":"\u00c4hnlicher Beitrag","block_context":{"text":"\u00c4hnlicher Beitrag","link":""},"img":{"alt_text":"","src":"","width":0,"height":0},"classes":[]},{"id":8762,"url":"https:\/\/cbdflowersuk.co\/de\/fda-disclaimer-2\/","url_meta":{"origin":84,"position":4},"title":"FDA Disclaimer","author":"manager","date":"Februar 2, 2023","format":false,"excerpt":"","rel":"","context":"\u00c4hnlicher Beitrag","block_context":{"text":"\u00c4hnlicher Beitrag","link":""},"img":{"alt_text":"","src":"","width":0,"height":0},"classes":[]},{"id":13,"url":"https:\/\/cbdflowersuk.co\/de\/ruckerstattung_ruckgaben-2\/","url_meta":{"origin":84,"position":5},"title":"Refund and Returns Policy","author":"manager","date":"Juni 13, 2022","format":false,"excerpt":"","rel":"","context":"\u00c4hnlicher Beitrag","block_context":{"text":"\u00c4hnlicher Beitrag","link":""},"img":{"alt_text":"","src":"","width":0,"height":0},"classes":[]}],"jetpack_sharing_enabled":true,"_links":{"self":[{"href":"https:\/\/cbdflowersuk.co\/de\/wp-json\/wp\/v2\/pages\/84","targetHints":{"allow":["GET"]}}],"collection":[{"href":"https:\/\/cbdflowersuk.co\/de\/wp-json\/wp\/v2\/pages"}],"about":[{"href":"https:\/\/cbdflowersuk.co\/de\/wp-json\/wp\/v2\/types\/page"}],"author":[{"embeddable":true,"href":"https:\/\/cbdflowersuk.co\/de\/wp-json\/wp\/v2\/users\/1"}],"replies":[{"embeddable":true,"href":"https:\/\/cbdflowersuk.co\/de\/wp-json\/wp\/v2\/comments?post=84"}],"version-history":[{"count":1,"href":"https:\/\/cbdflowersuk.co\/de\/wp-json\/wp\/v2\/pages\/84\/revisions"}],"predecessor-version":[{"id":9767,"href":"https:\/\/cbdflowersuk.co\/de\/wp-json\/wp\/v2\/pages\/84\/revisions\/9767"}],"wp:featuredmedia":[{"embeddable":true,"href":"https:\/\/cbdflowersuk.co\/de\/wp-json\/wp\/v2\/media\/18"}],"wp:attachment":[{"href":"https:\/\/cbdflowersuk.co\/de\/wp-json\/wp\/v2\/media?parent=84"}],"curies":[{"name":"wp","href":"https:\/\/api.w.org\/{rel}","templated":true}]}}