{"id":7774,"date":"2022-06-17T19:55:58","date_gmt":"2022-06-17T19:55:58","guid":{"rendered":"http:\/\/cbdflowersuk.co\/?page_id=7774"},"modified":"2024-04-24T15:29:01","modified_gmt":"2024-04-24T15:29:01","slug":"terms-and-conditions","status":"publish","type":"page","link":"https:\/\/cbdflowersuk.co\/de\/bedingungen-und-konditionen-2\/","title":{"rendered":"Bedingungen und Konditionen"},"content":{"rendered":"<div id=\"page-header-1230466476\" class=\"page-header-wrapper\">\n  <div class=\"page-title dark featured-title\">\n\n    \n    <div class=\"page-title-inner container align-center flex-row medium-flex-wrap\" >\n              <div class=\"title-wrapper flex-col text-left medium-text-center\">\n          <h1 class=\"entry-title mb-0\">\n            Bedingungen und Konditionen          <\/h1>\n        <\/div>\n                    <div class=\"title-content flex-col flex-right text-right medium-text-center\">\n        <div class=\"title-breadcrumbs pb-half pt-half\"><nav class=\"woocommerce-breadcrumb breadcrumbs uppercase\" data-no-translation=\"\" data-trp-gettext=\"\">Startseite<\/nav><\/div>      <\/div>\n    <\/div>\n\n       <\/div>\n    <\/div>\n  \n\n\t<div id=\"gap-207400934\" class=\"gap-element clearfix\" style=\"display:block; height:auto;\">\n\t\t\n<style>\n#gap-207400934 {\n  padding-top: 40px;\n}\n<\/style>\n\t<\/div>\n\t\n\n<div class=\"row\"  id=\"row-1801798427\">\n\n\n\t<div id=\"col-413162746\" class=\"col small-12 large-12\"  >\n\t\t\t\t<div class=\"col-inner\"  >\n\t\t\t\n\t\t\t\n\n<div class=\"wpb_text_column wpb_content_element\">\n<div class=\"wpb_wrapper\">\n<p>BEDINGUNGEN UND KONDITIONEN<\/p>\n<p>Bitte lesen Sie die folgenden Bedingungen sorgf\u00e4ltig durch:<\/p>\n<p>Durch die Nutzung dieser Website, <strong>www.cbdflowersuk.co<\/strong>Wenn Sie diese Website nutzen und Produkte oder Dienstleistungen darauf kaufen, erkl\u00e4ren Sie sich mit diesen Allgemeinen Gesch\u00e4ftsbedingungen einverstanden. Indem Sie diese Website nutzen und eine Bestellung bei Cbdflowersuk aufgeben, best\u00e4tigen Sie, dass Sie mindestens 21 Jahre alt sind. Diese Website mit all ihren Inhalten ist ausschlie\u00dflich f\u00fcr einwilligende Erwachsene bestimmt.<\/p>\n<h2>Cbdflowersuk<\/h2>\n<p>Cbdflowersuk ist das eingetragene Warenzeichen.<\/p>\n<p>Das Material auf der Website unterliegt dem Urheberrecht von Cbdflowersuk oder unseren Inhalts- und Technologieanbietern. Sie d\u00fcrfen die Inhalte der Website f\u00fcr den pers\u00f6nlichen Gebrauch ansehen, ausdrucken und herunterladen, jedoch nicht f\u00fcr kommerzielle Zwecke oder zur Wiederver\u00f6ffentlichung.<\/p>\n<h2>Kontaktieren Sie uns<\/h2>\n<p>Unsere Kontaktadresse lautet: <strong>79 lee park avenue Liverpool L25 3rp.<\/strong>\u00a0Sie k\u00f6nnen uns auch telefonisch erreichen unter\u00a0<strong>07756363261.<\/strong><\/p>\n<p>Wir haben versucht sicherzustellen, dass die auf der Website enthaltenen Informationen korrekt sind. Wir geben jedoch keine Zusicherungen und Garantien in Bezug auf die Informationen.<\/p>\n<p>Wir \u00fcbernehmen keine Haftung f\u00fcr Verluste (direkte, indirekte oder Folgesch\u00e4den), die sich aus dem Vertrauen auf die auf der Website enthaltenen Informationen oder in Bezug auf Fehler oder Auslassungen ergeben k\u00f6nnen.<\/p>\n<h2>Beschreibung der Produkte<\/h2>\n<p>Die Beschreibung und Spezifikation der Produkte auf der Website ist nur ann\u00e4hernd und wir behalten uns das Recht vor, \u00c4nderungen vorzunehmen, die die Qualit\u00e4t oder Leistung dieser Produkte nicht wesentlich beeintr\u00e4chtigen.<\/p>\n<p>Wir k\u00f6nnen jeden Fehler auf der Website korrigieren oder jedes Produkt aus dem Verkauf nehmen, ohne daf\u00fcr zu haften. Preise und Verf\u00fcgbarkeiten k\u00f6nnen auch ohne Vorank\u00fcndigung ge\u00e4ndert werden.<\/p>\n<h2>Produkte bestellen<\/h2>\n<p>Sie k\u00f6nnen Produkte auf der Website bestellen, indem Sie ein ausgef\u00fclltes Bestellformular \u00fcber den Check-out-Prozess einreichen.<\/p>\n<p>Wir werden die Annahme Ihrer Bestellung per E-Mail an die von Ihnen angegebene Adresse best\u00e4tigen, und mit dem Versand dieser E-Mail (unabh\u00e4ngig davon, ob sie empfangen wird oder nicht) kommt der Vertrag zwischen uns zustande.<\/p>\n<h2>Der Preis und die Bezahlung<\/h2>\n<p>Der Preis der Produkte ist der Preis, der zum Zeitpunkt der Annahme Ihrer Bestellung auf der Website angegeben ist. Der Preis enth\u00e4lt die gegebenenfalls anfallende Mehrwertsteuer, nicht aber die Kosten f\u00fcr die Lieferung.<\/p>\n<p>Zus\u00e4tzlich zum Preis m\u00fcssen Sie unsere Lieferkosten zahlen, die zum Zeitpunkt der Annahme Ihrer Bestellung auf der Website angegeben sind - es sei denn, Sie haben Anspruch auf kostenlose Lieferung. Die H\u00f6he dieser Kosten h\u00e4ngt von der Art der Lieferung und der Lieferadresse ab, die Sie in Ihrer Bestellung angeben.<\/p>\n<p>Die Zahlung erfolgt per Kredit- oder Debitkarte zum Zeitpunkt der Annahme Ihrer Bestellung. (Die von uns akzeptierten Zahlungsarten sind auf der Website zum Zeitpunkt Ihrer Bestellung aufgef\u00fchrt). Die R\u00fcckerstattung erfolgt in der Regel durch eine Gutschrift auf Ihre urspr\u00fcngliche Zahlungsmethode.<\/p>\n<p>Obwohl die Qualit\u00e4t der Inhalte auf dieser Website mit gr\u00f6\u00dfter Sorgfalt erstellt wird, kann es gelegentlich zu Fehlern kommen, und es kann vorkommen, dass Artikel zu einem falschen Preis angeboten werden. In diesem Fall setzen wir uns entweder mit Ihnen in Verbindung, um Sie zu fragen, ob Sie die Bestellung stornieren m\u00f6chten, oder wir stornieren einfach die Bestellung und benachrichtigen Sie, je nach unserem Ermessen. Wir sind nicht verpflichtet, Waren zum falschen Preis zu liefern.<\/p>\n<h2>Versand und R\u00fcckgabe<\/h2>\n<p>Wir bem\u00fchen uns, alle Bestellungen, die bis 15 Uhr eingehen, noch am selben Tag von Montag bis Freitag zu versenden. Voraussetzung ist, dass die Artikel auf Lager sind. F\u00fcr Versandpolitik <a href=\"https:\/\/cbdflowersuk.co\/de\/ruckerstattung_ruckgaben-2\/\">hier lesen<\/a>.<\/p>\n<p>Wir werden die Lieferung der von Ihnen bestellten Produkte auf die Art und Weise und an die Adresse veranlassen, die Sie bei der Kaufabwicklung angeben. Der Zeitpunkt der Lieferung ist jedoch f\u00fcr den Vertrag zwischen uns nicht wesentlich.<\/p>\n<p>Wenn Sie die Produkte nicht abnehmen oder keine angemessenen Lieferanweisungen geben, k\u00f6nnen wir Ihre Bestellung stornieren und die Produkte einbehalten. In diesem Fall erstatten wir Ihnen den Preis f\u00fcr die Produkte, aber Sie m\u00fcssen weiterhin die Lieferkosten bezahlen.<\/p>\n<p>Sollte ein Fehler oder ein anderes Lieferproblem in Bezug auf die bestellten Produkte auftreten, m\u00fcssen Sie uns dies innerhalb von 14 Tagen nach dem Liefertermin schriftlich mitteilen. Wir haften nicht f\u00fcr Verluste oder Sch\u00e4den, wenn Sie dies nicht tun.<\/p>\n<p><strong>R\u00fcckgabe<\/strong><\/p>\n<p>Sobald eine Bestellung versandt wurde, k\u00f6nnen Sie die Ware innerhalb von 30 Tagen nach Erhalt zur\u00fccksenden. Die Waren m\u00fcssen unge\u00f6ffnet und mit intakten Siegeln sein. Wenn ein Artikel verwendet\/ge\u00f6ffnet wurde, k\u00f6nnen wir eine R\u00fccksendung aufgrund einer m\u00f6glichen Denaturierung des Produkts nicht akzeptieren.<\/p>\n<p>Um Waren zu stornieren oder zur\u00fcckzusenden, kontaktieren Sie uns bitte per E-Mail unter Angabe Ihrer Bestellnummer. Um unsere R\u00fcckgabebedingungen einzusehen, <a href=\"https:\/\/cbdflowersuk.co\/de\/ruckerstattung_ruckgaben-2\/\">lesen Sie hier.<\/a><\/p>\n<p>Unsere Produkte sind m\u00f6glicherweise nicht in allen Staaten legal. Wir k\u00f6nnen keine Informationen \u00fcber den rechtlichen Status eines Produkts in einem anderen Land geben. Sie \u00fcbernehmen die Verantwortung, sich vor der Bestellung \u00fcber Ihre lokalen Gesetze, Einfuhr- und Zollbestimmungen zu informieren und best\u00e4tigen, dass die Einfuhr der bestellten Produkte in Ihr Land legal ist. Indem Sie eine Bestellung bei Cbdflowersuk aufgeben, akzeptieren Sie alle Verantwortlichkeiten bez\u00fcglich der Legalit\u00e4t der Produkte, die an Sie versandt werden.<\/p>\n<p>Cbdflowersuk erhebt keinen Anspruch darauf, dass die Informationen und Produkte auf der Website au\u00dferhalb des Vereinigten K\u00f6nigreichs verf\u00fcgbar, angemessen oder legal sind. Alle Informationen, die von Cbdflowersuk \u00fcber diese Website, Links zu oder von anderen Websites oder von seinen Mitarbeitern per Telefon, E-Mail oder auf andere Weise zur Verf\u00fcgung gestellt werden, dienen ausschlie\u00dflich Bildungs- und Informationszwecken. Sie sollten niemals als Empfehlung f\u00fcr eine bestimmte Handlung interpretiert werden. Die Nutzung der Informationen f\u00fcr illegale Aktivit\u00e4ten erfolgt auf eigene Gefahr. Cbdflowersuk garantiert nicht, dass die Informationen auf der Website aktuell oder korrekt sind.<\/p>\n<p>Sie \u00fcbernehmen die volle Haftung f\u00fcr Personensch\u00e4den, Sch\u00e4den, Strafma\u00dfnahmen, entgangenen Gewinn oder Einnahmen, Verlust der Nutzung des Produkts oder der Ausr\u00fcstung und den Verlust von Eigentum, die sich aus dem Kauf, der Nutzung oder dem Missbrauch eines Produkts von Cbdflowersuk, seine Eigent\u00fcmer, Vertreter und Mitarbeiter k\u00f6nnen nicht f\u00fcr die Handlungen seiner Kunden verantwortlich gemacht werden.<\/p>\n<p>Wir unterst\u00fctzen nicht die illegale Verwendung unserer Produkte. Wir raten Ihnen dringend, Ihren Anwalt zu konsultieren, wenn Sie Zweifel haben.<\/p>\n<p>Alle Illustrationen, Bilder, Design, Texte und Logos auf dieser Website sind urheberrechtlich gesch\u00fctzt. Jede kommerzielle Nutzung dieser Inhalte ist ohne schriftliche Genehmigung von Cbdflowersuk strengstens untersagt.<\/p>\n<\/div>\n<\/div>\n<div class=\"vc_empty_space\">\u00a0<\/div>\n\n\t\t<\/div>\n\t\t\t\t\t<\/div>\n\n\t\n\n<\/div>","protected":false},"excerpt":{"rendered":"","protected":false},"author":1,"featured_media":0,"parent":0,"menu_order":0,"comment_status":"closed","ping_status":"closed","template":"page-blank.php","meta":{"footnotes":""},"class_list":["post-7774","page","type-page","status-publish","hentry"],"jetpack-related-posts":[{"id":9053,"url":"https:\/\/cbdflowersuk.co\/de\/bedingungen-und-konditionen-2\/","url_meta":{"origin":7774,"position":0},"title":"Terms And Conditions","author":"manager","date":"Februar 15, 2023","format":false,"excerpt":"The following is a WooCommerce Terms and Conditions Example. Search for and replace the following Terms and Conditions placeholders: {your company} {your email} {your address} Overview This website is operated by {your company}. Throughout the site, the terms \u201cwe\u201d, \u201cus\u201d and \u201cour\u201d refer to {your company}. {your company} offers this\u2026","rel":"","context":"\u00c4hnlicher Beitrag","block_context":{"text":"\u00c4hnlicher Beitrag","link":""},"img":{"alt_text":"","src":"","width":0,"height":0},"classes":[]},{"id":9,"url":"https:\/\/cbdflowersuk.co\/de\/shop\/","url_meta":{"origin":7774,"position":1},"title":"Shop","author":"manager","date":"Juni 13, 2022","format":false,"excerpt":"","rel":"","context":"\u00c4hnlicher Beitrag","block_context":{"text":"\u00c4hnlicher Beitrag","link":""},"img":{"alt_text":"","src":"","width":0,"height":0},"classes":[]},{"id":10,"url":"https:\/\/cbdflowersuk.co\/de\/wagen\/","url_meta":{"origin":7774,"position":2},"title":"Cart","author":"manager","date":"Juni 13, 2022","format":false,"excerpt":"","rel":"","context":"\u00c4hnlicher Beitrag","block_context":{"text":"\u00c4hnlicher Beitrag","link":""},"img":{"alt_text":"","src":"","width":0,"height":0},"classes":[]},{"id":11,"url":"https:\/\/cbdflowersuk.co\/de\/checkout\/","url_meta":{"origin":7774,"position":3},"title":"Checkout","author":"manager","date":"Juni 13, 2022","format":false,"excerpt":"","rel":"","context":"\u00c4hnlicher Beitrag","block_context":{"text":"\u00c4hnlicher Beitrag","link":""},"img":{"alt_text":"","src":"","width":0,"height":0},"classes":[]},{"id":83,"url":"https:\/\/cbdflowersuk.co\/de\/blog\/","url_meta":{"origin":7774,"position":4},"title":"Blog","author":"manager","date":"Juni 11, 2022","format":false,"excerpt":"","rel":"","context":"\u00c4hnlicher Beitrag","block_context":{"text":"\u00c4hnlicher Beitrag","link":""},"img":{"alt_text":"","src":"","width":0,"height":0},"classes":[]},{"id":12,"url":"https:\/\/cbdflowersuk.co\/de\/mein-konto\/","url_meta":{"origin":7774,"position":5},"title":"My account","author":"manager","date":"Juni 13, 2022","format":false,"excerpt":"","rel":"","context":"\u00c4hnlicher Beitrag","block_context":{"text":"\u00c4hnlicher Beitrag","link":""},"img":{"alt_text":"","src":"","width":0,"height":0},"classes":[]}],"jetpack_sharing_enabled":true,"_links":{"self":[{"href":"https:\/\/cbdflowersuk.co\/de\/wp-json\/wp\/v2\/pages\/7774","targetHints":{"allow":["GET"]}}],"collection":[{"href":"https:\/\/cbdflowersuk.co\/de\/wp-json\/wp\/v2\/pages"}],"about":[{"href":"https:\/\/cbdflowersuk.co\/de\/wp-json\/wp\/v2\/types\/page"}],"author":[{"embeddable":true,"href":"https:\/\/cbdflowersuk.co\/de\/wp-json\/wp\/v2\/users\/1"}],"replies":[{"embeddable":true,"href":"https:\/\/cbdflowersuk.co\/de\/wp-json\/wp\/v2\/comments?post=7774"}],"version-history":[{"count":0,"href":"https:\/\/cbdflowersuk.co\/de\/wp-json\/wp\/v2\/pages\/7774\/revisions"}],"wp:attachment":[{"href":"https:\/\/cbdflowersuk.co\/de\/wp-json\/wp\/v2\/media?parent=7774"}],"curies":[{"name":"wp","href":"https:\/\/api.w.org\/{rel}","templated":true}]}}